{"id":1755,"date":"2022-08-13T10:40:14","date_gmt":"2022-08-13T10:40:14","guid":{"rendered":"https:\/\/www.profifelulettisztitas.hu\/?page_id=205"},"modified":"2026-04-08T21:25:10","modified_gmt":"2026-04-08T19:25:10","slug":"impresszum","status":"publish","type":"page","link":"https:\/\/vargawebstudio.hu\/wpuj\/impresszum\/","title":{"rendered":"Impresszum \u00e9s jogi nyilatkozat"},"content":{"rendered":"<p>[et_pb_section fb_built=&#8221;1&#8243; _builder_version=&#8221;4.17.6&#8243; _module_preset=&#8221;default&#8221; background_enable_pattern_style=&#8221;on&#8221; background_pattern_style=&#8221;smiles&#8221; background_pattern_color=&#8221;rgba(4,39,81,0.15)&#8221; custom_padding=&#8221;4px||2px|||&#8221; global_colors_info=&#8221;{}&#8221;][et_pb_row _builder_version=&#8221;4.17.6&#8243; _module_preset=&#8221;default&#8221; global_colors_info=&#8221;{}&#8221;][et_pb_column type=&#8221;4_4&#8243; _builder_version=&#8221;4.17.6&#8243; _module_preset=&#8221;default&#8221; global_colors_info=&#8221;{}&#8221;][et_pb_text admin_label=&#8221;Impresszum \u00e9s jogi nyilatkozat&#8221; _builder_version=&#8221;4.27.6&#8243; _module_preset=&#8221;default&#8221; text_text_color=&#8221;#E09900&#8243; text_font_size=&#8221;34px&#8221; header_font=&#8221;Oswald|||on|||||&#8221; header_text_color=&#8221;#E09900&#8243; header_font_size=&#8221;72px&#8221; text_orientation=&#8221;center&#8221; hover_enabled=&#8221;0&#8243; header_text_align_tablet=&#8221;center&#8221; header_text_align_phone=&#8221;center&#8221; header_text_align_last_edited=&#8221;on|desktop&#8221; header_font_size_tablet=&#8221;36px&#8221; header_font_size_phone=&#8221;24px&#8221; header_font_size_last_edited=&#8221;on|phone&#8221; global_colors_info=&#8221;{}&#8221; sticky_enabled=&#8221;0&#8243;]<\/p>\n<h2 data-section-id=\"eor43d\" data-start=\"174\" data-end=\"211\"><span role=\"text\"><strong data-start=\"177\" data-end=\"211\">Impresszum \u00e9s jogi nyilatkoza<\/strong><\/span>t<\/h2>\n<p>[\/et_pb_text][\/et_pb_column][\/et_pb_row][\/et_pb_section][et_pb_section fb_built=&#8221;1&#8243; _builder_version=&#8221;4.18.0&#8243; _module_preset=&#8221;default&#8221; global_colors_info=&#8221;{}&#8221;][et_pb_row _builder_version=&#8221;4.18.0&#8243; _module_preset=&#8221;default&#8221; global_colors_info=&#8221;{}&#8221;][et_pb_column type=&#8221;4_4&#8243; _builder_version=&#8221;4.18.0&#8243; _module_preset=&#8221;default&#8221; global_colors_info=&#8221;{}&#8221;][et_pb_text _builder_version=&#8221;4.27.6&#8243; _module_preset=&#8221;default&#8221; hover_enabled=&#8221;0&#8243; global_colors_info=&#8221;{}&#8221; sticky_enabled=&#8221;0&#8243;]<\/p>\n<p data-start=\"213\" data-end=\"260\"><strong data-start=\"213\" data-end=\"238\">A honlap fenntart\u00f3ja:<\/strong><br data-start=\"238\" data-end=\"241\" \/>Napsug\u00e1r Hotel Kft.<\/p>\n<p data-start=\"262\" data-end=\"308\"><strong data-start=\"262\" data-end=\"275\">Sz\u00e9khely:<\/strong><br data-start=\"275\" data-end=\"278\" \/>5904 Orosh\u00e1za, H\u0171v\u00f6s utca 2\u20134.<\/p>\n<p data-start=\"310\" data-end=\"443\"><strong data-start=\"310\" data-end=\"326\">El\u00e9rhet\u0151s\u00e9g:<\/strong><br data-start=\"326\" data-end=\"329\" \/>Telefon: +36 68 412 422<br data-start=\"352\" data-end=\"355\" \/>E-mail: <a class=\"decorated-link cursor-pointer\" rel=\"noopener\" data-start=\"363\" data-end=\"392\">info@napsugarhoteloroshaza.hu<\/a><br data-start=\"392\" data-end=\"395\" \/>Weboldal: <a class=\"decorated-link\" href=\"https:\/\/www.napsugarhoteloroshaza.hu\" target=\"_new\" rel=\"noopener\" data-start=\"405\" data-end=\"441\">https:\/\/www.napsugarhoteloroshaza.hu<\/a><\/p>\n<p data-start=\"445\" data-end=\"508\"><strong data-start=\"445\" data-end=\"464\">C\u00e9gjegyz\u00e9ksz\u00e1m:<\/strong> 04-09-015513<br data-start=\"477\" data-end=\"480\" \/><strong data-start=\"480\" data-end=\"492\">Ad\u00f3sz\u00e1m:<\/strong> 28821386-2-04<\/p>\n<p data-start=\"510\" data-end=\"550\"><strong data-start=\"510\" data-end=\"528\">Felel\u0151s kiad\u00f3:<\/strong><br data-start=\"528\" data-end=\"531\" \/>Napsug\u00e1r Hotel Kft.<\/p>\n<hr data-start=\"552\" data-end=\"555\" \/>\n<h3 data-section-id=\"1tzspqv\" data-start=\"557\" data-end=\"607\"><span role=\"text\"><strong data-start=\"561\" data-end=\"605\">T\u00e1rhelyszolg\u00e1ltat\u00f3 (szerver\u00fczemeltet\u00e9s):<\/strong><\/span><\/h3>\n<p data-start=\"608\" data-end=\"693\">T\u00e1rhely.Eu Kft.<br data-start=\"623\" data-end=\"626\" \/>Sz\u00e9khely: 1144 Budapest, Orm\u00e1ns\u00e1g u. 4.<br data-start=\"665\" data-end=\"668\" \/>Telefon: +36 1 789 2789<\/p>\n<hr data-start=\"695\" data-end=\"698\" \/>\n<h2 data-section-id=\"1a5blky\" data-start=\"700\" data-end=\"723\"><span role=\"text\"><strong data-start=\"703\" data-end=\"723\">Jogi nyilatkozat<\/strong><\/span><\/h2>\n<p data-start=\"725\" data-end=\"870\">A Napsug\u00e1r Hotel Kft. a honlapon megjelen\u00edtett inform\u00e1ci\u00f3kat, dokumentumokat \u00e9s egy\u00e9b \u00edrott anyagokat kiz\u00e1r\u00f3lag t\u00e1j\u00e9koztat\u00e1si c\u00e9llal teszi k\u00f6zz\u00e9.<\/p>\n<p data-start=\"872\" data-end=\"970\">A <a class=\"decorated-link\" href=\"https:\/\/www.napsugarhoteloroshaza.hu\" target=\"_new\" rel=\"noopener\" data-start=\"874\" data-end=\"910\">https:\/\/www.napsugarhoteloroshaza.hu<\/a> weboldal b\u00f6ng\u00e9sz\u00e9s\u00e9vel \u00d6n elfogadja az al\u00e1bbi felt\u00e9teleket:<\/p>\n<h3 data-section-id=\"1gbuqjg\" data-start=\"972\" data-end=\"993\"><span role=\"text\"><strong data-start=\"976\" data-end=\"993\">Szerz\u0151i jogok<\/strong><\/span><\/h3>\n<p data-start=\"994\" data-end=\"1332\">A weboldalon tal\u00e1lhat\u00f3 tartalmak (sz\u00f6veg, k\u00e9p, grafika, stb.) a Napsug\u00e1r Hotel Kft. tulajdon\u00e1t k\u00e9pezik, \u00e9s szerz\u0151i jogi v\u00e9delem alatt \u00e1llnak.<br data-start=\"1135\" data-end=\"1138\" \/>Azok eg\u00e9sz\u00e9nek vagy r\u00e9sz\u00e9nek b\u00e1rmilyen form\u00e1ban t\u00f6rt\u00e9n\u0151 felhaszn\u00e1l\u00e1sa, m\u00e1sol\u00e1sa, terjeszt\u00e9se, \u00e1tdolgoz\u00e1sa vagy t\u00e1rol\u00e1sa kiz\u00e1r\u00f3lag a Napsug\u00e1r Hotel Kft. el\u0151zetes \u00edr\u00e1sbeli enged\u00e9ly\u00e9vel lehets\u00e9ges.<\/p>\n<p data-start=\"1334\" data-end=\"1420\">Kiv\u00e9telt k\u00e9pez a saj\u00e1t, szem\u00e9lyes felhaszn\u00e1l\u00e1s c\u00e9lj\u00e1b\u00f3l t\u00f6rt\u00e9n\u0151 ment\u00e9s vagy nyomtat\u00e1s.<\/p>\n<hr data-start=\"1422\" data-end=\"1425\" \/>\n<h3 data-section-id=\"cv6ikn\" data-start=\"1427\" data-end=\"1454\"><span role=\"text\"><strong data-start=\"1431\" data-end=\"1454\">Felel\u0151ss\u00e9g kiz\u00e1r\u00e1sa<\/strong><\/span><\/h3>\n<p data-start=\"1455\" data-end=\"1633\">A honlapon szerepl\u0151 inform\u00e1ci\u00f3k a k\u00f6zz\u00e9t\u00e9tel id\u0151pontj\u00e1ban aktu\u00e1lisak, azonban a Napsug\u00e1r Hotel Kft. nem v\u00e1llal felel\u0151ss\u00e9get azok pontoss\u00e1g\u00e1\u00e9rt, teljess\u00e9g\u00e9\u00e9rt vagy aktualit\u00e1s\u00e1\u00e9rt.<\/p>\n<p data-start=\"1635\" data-end=\"1785\">A weboldal tartalma a Napsug\u00e1r Hotel Kft. akarat\u00e1t\u00f3l f\u00fcggetlen\u00fcl is m\u00f3dosulhat, ez\u00e9rt a szolg\u00e1ltat\u00f3 nem v\u00e1llal felel\u0151ss\u00e9get az esetleges elt\u00e9r\u00e9sek\u00e9rt.<\/p>\n<p data-start=\"1787\" data-end=\"1920\">A Napsug\u00e1r Hotel Kft. kiz\u00e1r minden felel\u0151ss\u00e9get a weboldal haszn\u00e1lat\u00e1b\u00f3l ered\u0151 k\u00f6zvetlen vagy k\u00f6zvetett k\u00e1rok\u00e9rt, ide\u00e9rtve k\u00fcl\u00f6n\u00f6sen:<\/p>\n<ul data-start=\"1921\" data-end=\"2026\">\n<li data-section-id=\"ab5azj\" data-start=\"1921\" data-end=\"1961\">a weboldal esetleges hib\u00e1s m\u0171k\u00f6d\u00e9s\u00e9t<\/li>\n<li data-section-id=\"29hf2t\" data-start=\"1962\" data-end=\"1983\">el\u00e9rhetetlens\u00e9g\u00e9t<\/li>\n<li data-section-id=\"13tm854\" data-start=\"1984\" data-end=\"2000\">adatveszt\u00e9st<\/li>\n<li data-section-id=\"1xzkfwu\" data-start=\"2001\" data-end=\"2026\">technikai probl\u00e9m\u00e1kat<\/li>\n<\/ul>\n<hr data-start=\"2028\" data-end=\"2031\" \/>\n<h3 data-section-id=\"lyi5rl\" data-start=\"2033\" data-end=\"2062\"><span role=\"text\"><strong data-start=\"2037\" data-end=\"2062\">A weboldal m\u00f3dos\u00edt\u00e1sa<\/strong><\/span><\/h3>\n<p data-start=\"2063\" data-end=\"2217\">A Napsug\u00e1r Hotel Kft. fenntartja a jogot, hogy a weboldal tartalm\u00e1t b\u00e1rmikor m\u00f3dos\u00edtsa, \u00e1tdolgozza, vagy annak el\u00e9rhet\u0151s\u00e9g\u00e9t korl\u00e1tozza vagy megsz\u00fcntesse.<\/p>\n<p data-start=\"2219\" data-end=\"2278\">A weboldal folyamatos \u00e9s hibamentes m\u0171k\u00f6d\u00e9se nem garant\u00e1lt.<\/p>\n<hr data-start=\"2280\" data-end=\"2283\" \/>\n<h3 data-section-id=\"3jfi5x\" data-start=\"2285\" data-end=\"2311\"><span role=\"text\"><strong data-start=\"2289\" data-end=\"2311\">K\u00fcls\u0151 hivatkoz\u00e1sok<\/strong><\/span><\/h3>\n<p data-start=\"2312\" data-end=\"2478\">A weboldalon elhelyezett k\u00fcls\u0151 hivatkoz\u00e1sok (linkek) m\u00e1s szolg\u00e1ltat\u00f3k oldalaira vezethetnek.<br data-start=\"2404\" data-end=\"2407\" \/>Ezen oldalak tartalm\u00e1\u00e9rt a Napsug\u00e1r Hotel Kft. nem v\u00e1llal felel\u0151ss\u00e9get.<\/p>\n<hr data-start=\"2480\" data-end=\"2483\" \/>\n<h3 data-section-id=\"1dnb4re\" data-start=\"2485\" data-end=\"2502\"><span role=\"text\"><strong data-start=\"2489\" data-end=\"2502\">Kapcsolat<\/strong><\/span><\/h3>\n<p data-start=\"2503\" data-end=\"2630\">A weboldallal, annak tartalm\u00e1val vagy szolg\u00e1ltat\u00e1sainkkal kapcsolatos \u00e9szrev\u00e9teleket sz\u00edvesen fogadjuk az al\u00e1bbi el\u00e9rhet\u0151s\u00e9gen: <a class=\"decorated-link cursor-pointer\" rel=\"noopener\" data-start=\"2635\" data-end=\"2664\">info @ napsugarhoteloroshaza . hu<\/a><\/p>\n<p>[\/et_pb_text][\/et_pb_column][\/et_pb_row][\/et_pb_section]<\/p>\n","protected":false},"excerpt":{"rendered":"<p>Impresszum \u00e9s jogi nyilatkozatA honlap fenntart\u00f3ja:Napsug\u00e1r Hotel Kft. Sz\u00e9khely:5904 Orosh\u00e1za, H\u0171v\u00f6s utca 2\u20134. El\u00e9rhet\u0151s\u00e9g:Telefon: +36 68 412 422E-mail: info@napsugarhoteloroshaza.huWeboldal: https:\/\/www.napsugarhoteloroshaza.hu C\u00e9gjegyz\u00e9ksz\u00e1m: 04-09-015513Ad\u00f3sz\u00e1m: 28821386-2-04 Felel\u0151s kiad\u00f3:Napsug\u00e1r Hotel Kft. T\u00e1rhelyszolg\u00e1ltat\u00f3 (szerver\u00fczemeltet\u00e9s): T\u00e1rhely.Eu Kft.Sz\u00e9khely: 1144 Budapest, Orm\u00e1ns\u00e1g u. 4.Telefon: +36 1 789 2789 Jogi nyilatkozat A Napsug\u00e1r Hotel Kft. a honlapon megjelen\u00edtett inform\u00e1ci\u00f3kat, dokumentumokat \u00e9s egy\u00e9b \u00edrott anyagokat [&hellip;]<\/p>\n","protected":false},"author":1,"featured_media":0,"parent":0,"menu_order":0,"comment_status":"closed","ping_status":"closed","template":"","meta":{"_et_pb_use_builder":"on","_et_pb_old_content":"<!-- wp:divi\/placeholder \/-->","_et_gb_content_width":"","footnotes":""},"class_list":["post-1755","page","type-page","status-publish","hentry"],"_links":{"self":[{"href":"https:\/\/vargawebstudio.hu\/wpuj\/wp-json\/wp\/v2\/pages\/1755","targetHints":{"allow":["GET"]}}],"collection":[{"href":"https:\/\/vargawebstudio.hu\/wpuj\/wp-json\/wp\/v2\/pages"}],"about":[{"href":"https:\/\/vargawebstudio.hu\/wpuj\/wp-json\/wp\/v2\/types\/page"}],"author":[{"embeddable":true,"href":"https:\/\/vargawebstudio.hu\/wpuj\/wp-json\/wp\/v2\/users\/1"}],"replies":[{"embeddable":true,"href":"https:\/\/vargawebstudio.hu\/wpuj\/wp-json\/wp\/v2\/comments?post=1755"}],"version-history":[{"count":7,"href":"https:\/\/vargawebstudio.hu\/wpuj\/wp-json\/wp\/v2\/pages\/1755\/revisions"}],"predecessor-version":[{"id":5256,"href":"https:\/\/vargawebstudio.hu\/wpuj\/wp-json\/wp\/v2\/pages\/1755\/revisions\/5256"}],"wp:attachment":[{"href":"https:\/\/vargawebstudio.hu\/wpuj\/wp-json\/wp\/v2\/media?parent=1755"}],"curies":[{"name":"wp","href":"https:\/\/api.w.org\/{rel}","templated":true}]}}