{"id":3877,"date":"2026-03-19T19:57:32","date_gmt":"2026-03-19T18:57:32","guid":{"rendered":"https:\/\/vargawebstudio.hu\/wpuj\/?page_id=3877"},"modified":"2026-03-19T20:01:20","modified_gmt":"2026-03-19T19:01:20","slug":"palyazati-informaciok","status":"publish","type":"page","link":"https:\/\/vargawebstudio.hu\/wpuj\/palyazati-informaciok\/","title":{"rendered":"P\u00e1ly\u00e1zati inform\u00e1ci\u00f3k"},"content":{"rendered":"<p>[et_pb_section fb_built=&#8221;1&#8243; admin_label=&#8221;section&#8221; _builder_version=&#8221;4.16&#8243; global_colors_info=&#8221;{}&#8221;][et_pb_row column_structure=&#8221;1_2,1_2&#8243; admin_label=&#8221;row&#8221; _builder_version=&#8221;4.16&#8243; background_size=&#8221;initial&#8221; background_position=&#8221;top_left&#8221; background_repeat=&#8221;repeat&#8221; global_colors_info=&#8221;{}&#8221;][et_pb_column type=&#8221;1_2&#8243; _builder_version=&#8221;4.16&#8243; custom_padding=&#8221;|||&#8221; global_colors_info=&#8221;{}&#8221; custom_padding__hover=&#8221;|||&#8221;][et_pb_heading title=&#8221;P\u00e1ly\u00e1zati inform\u00e1ci\u00f3k &#8221; admin_label=&#8221;P\u00e1ly\u00e1zati inform\u00e1ci\u00f3k &#8221; _builder_version=&#8221;4.27.6&#8243; _module_preset=&#8221;default&#8221; global_colors_info=&#8221;{}&#8221;][\/et_pb_heading][et_pb_text _builder_version=&#8221;4.27.6&#8243; _module_preset=&#8221;default&#8221; hover_enabled=&#8221;0&#8243; global_colors_info=&#8221;{}&#8221; sticky_enabled=&#8221;0&#8243;]<\/p>\n<h2>PROJEKTINFORM\u00c1CI\u00d3K<\/h2>\n<p><strong>GINOP-4.1.4-19-2021-03822<\/strong><\/p>\n<p><strong>Komplex energetikai fejleszt\u00e9s a Napsug\u00e1r Hotel Kft-n\u00e9l<\/strong><\/p>\n<ul>\n<li><strong>Kedvezm\u00e9nyezett neve:<\/strong> Napsug\u00e1r Hotel Sz\u00e1lloda\u00fczemeltet\u0151 Korl\u00e1tolt Felel\u0151ss\u00e9g\u0171 T\u00e1rsas\u00e1g<\/li>\n<li><strong>Projekt c\u00edme:<\/strong> Komplex energetikai fejleszt\u00e9s a Napsug\u00e1r Hotel Kft-n\u00e9l<\/li>\n<li><strong>Elsz\u00e1molhat\u00f3 \u00f6sszk\u00f6lts\u00e9g:<\/strong> 92 974 616 Ft<\/li>\n<li><strong>Vissza nem t\u00e9r\u00edtend\u0151 t\u00e1mogat\u00e1s:<\/strong> 51 136 038 Ft<\/li>\n<li><strong>T\u00e1mogat\u00e1s m\u00e9rt\u00e9ke:<\/strong> 55,00%<\/li>\n<li><strong>Projekt befejez\u00e9si d\u00e1tuma:<\/strong> 2022.12.13.<\/li>\n<\/ul>\n<h3>Projekt tartalm\u00e1nak bemutat\u00e1sa<\/h3>\n<p>\nA t\u00e1mogat\u00e1si k\u00e9relemben szerepl\u0151 beruh\u00e1z\u00e1s sor\u00e1n a c\u00e9g telephely\u00e9n, az<br \/>\n5904 Orosh\u00e1za-Gyop\u00e1rosf\u00fcrd\u0151, H\u0171v\u00f6s utca 2\u20134. sz\u00e1m alatt tal\u00e1lhat\u00f3,<br \/>\nt\u00e9glatest alak\u00fa, 5 szintes ingatlan komplex energetikai korszer\u0171s\u00edt\u00e9se val\u00f3sult meg.\n<\/p>\n<p>\nAz energetikai fejleszt\u00e9s sor\u00e1n az \u00e9p\u00fclet k\u00fcls\u0151 hat\u00e1rol\u00f3 fel\u00fcletei, valamint a padl\u00e1sf\u00f6d\u00e9m<br \/>\nkorszer\u0171, 15 cm vastags\u00e1g\u00fa k\u0151zetgyapot szigetel\u00e9st kaptak, amely hozz\u00e1j\u00e1rul az energiafelhaszn\u00e1l\u00e1s cs\u00f6kkent\u00e9s\u00e9hez.\n<\/p>\n<p>\nA beruh\u00e1z\u00e1s r\u00e9szek\u00e9nt a ny\u00edl\u00e1sz\u00e1r\u00f3k korszer\u0171 m\u0171anyag szerkezetekre lettek cser\u00e9lve,<br \/>\nvalamint \u00faj \u00e1rny\u00e9kol\u00f3 rendszerek ker\u00fcltek be\u00e9p\u00edt\u00e9sre a ny\u00e1ri h\u0151v\u00e9delem jav\u00edt\u00e1sa \u00e9rdek\u00e9ben.\n<\/p>\n<p>\nA megl\u00e9v\u0151 g\u00e1zkaz\u00e1nok helyett leveg\u0151-v\u00edz h\u0151szivatty\u00fas rendszer ker\u00fclt telep\u00edt\u00e9sre,<br \/>\namely biztos\u00edtja az \u00e9p\u00fclet f\u0171t\u00e9s\u00e9t \u00e9s h\u0171t\u00e9s\u00e9t is.\n<\/p>\n<p>\nAz \u00e9p\u00fclet tet\u0151szerkezet\u00e9n egy 42,72 kWp teljes\u00edtm\u00e9ny\u0171 napelemes rendszer ker\u00fclt kialak\u00edt\u00e1sra,<br \/>\namely a villamosenergia-ig\u00e9ny 43,50%-\u00e1t k\u00e9pes kiv\u00e1ltani.\n<\/p>\n<p>\nA fejleszt\u00e9s eredm\u00e9nyek\u00e9nt az \u00e9p\u00fclet energetikai besorol\u00e1sa FF-r\u0151l BB (k\u00f6zel nulla energiaig\u00e9ny) szintre javult.\n<\/p>\n<p>\nA sz\u00e9n-dioxid-kibocs\u00e1t\u00e1s m\u00e9rt\u00e9ke 78,48 t\/\u00e9vr\u0151l 13,23 t\/\u00e9vre cs\u00f6kkent.\n<\/p>\n<p>\nAz energiahat\u00e9konys\u00e1gi fejleszt\u00e9sek r\u00e9v\u00e9n az \u00e9ves primer energiamegtakar\u00edt\u00e1s<br \/>\n878,97 GJ\/\u00e9v, az \u00e9ves energiafogyaszt\u00e1s cs\u00f6kken\u00e9se pedig 337 640 kWh\/\u00e9v.\n<\/p>\n<p>[\/et_pb_text][\/et_pb_column][et_pb_column type=&#8221;1_2&#8243; _builder_version=&#8221;4.16&#8243; custom_padding=&#8221;|||&#8221; global_colors_info=&#8221;{}&#8221; custom_padding__hover=&#8221;|||&#8221;][et_pb_image src=&#8221;https:\/\/vargawebstudio.hu\/wpuj\/wp-content\/uploads\/2026\/03\/szechenyi_2020.png&#8221; title_text=&#8221;szechenyi_2020&#8243; _builder_version=&#8221;4.27.6&#8243; _module_preset=&#8221;default&#8221; global_colors_info=&#8221;{}&#8221;][\/et_pb_image][\/et_pb_column][\/et_pb_row][\/et_pb_section]<\/p>\n","protected":false},"excerpt":{"rendered":"<p>PROJEKTINFORM\u00c1CI\u00d3K GINOP-4.1.4-19-2021-03822 Komplex energetikai fejleszt\u00e9s a Napsug\u00e1r Hotel Kft-n\u00e9l Kedvezm\u00e9nyezett neve: Napsug\u00e1r Hotel Sz\u00e1lloda\u00fczemeltet\u0151 Korl\u00e1tolt Felel\u0151ss\u00e9g\u0171 T\u00e1rsas\u00e1g Projekt c\u00edme: Komplex energetikai fejleszt\u00e9s a Napsug\u00e1r Hotel Kft-n\u00e9l Elsz\u00e1molhat\u00f3 \u00f6sszk\u00f6lts\u00e9g: 92 974 616 Ft Vissza nem t\u00e9r\u00edtend\u0151 t\u00e1mogat\u00e1s: 51 136 038 Ft T\u00e1mogat\u00e1s m\u00e9rt\u00e9ke: 55,00% Projekt befejez\u00e9si d\u00e1tuma: 2022.12.13. Projekt tartalm\u00e1nak bemutat\u00e1sa A t\u00e1mogat\u00e1si k\u00e9relemben szerepl\u0151 beruh\u00e1z\u00e1s [&hellip;]<\/p>\n","protected":false},"author":1,"featured_media":0,"parent":0,"menu_order":0,"comment_status":"closed","ping_status":"closed","template":"","meta":{"_et_pb_use_builder":"on","_et_pb_old_content":"","_et_gb_content_width":"","footnotes":""},"class_list":["post-3877","page","type-page","status-publish","hentry"],"_links":{"self":[{"href":"https:\/\/vargawebstudio.hu\/wpuj\/wp-json\/wp\/v2\/pages\/3877","targetHints":{"allow":["GET"]}}],"collection":[{"href":"https:\/\/vargawebstudio.hu\/wpuj\/wp-json\/wp\/v2\/pages"}],"about":[{"href":"https:\/\/vargawebstudio.hu\/wpuj\/wp-json\/wp\/v2\/types\/page"}],"author":[{"embeddable":true,"href":"https:\/\/vargawebstudio.hu\/wpuj\/wp-json\/wp\/v2\/users\/1"}],"replies":[{"embeddable":true,"href":"https:\/\/vargawebstudio.hu\/wpuj\/wp-json\/wp\/v2\/comments?post=3877"}],"version-history":[{"count":4,"href":"https:\/\/vargawebstudio.hu\/wpuj\/wp-json\/wp\/v2\/pages\/3877\/revisions"}],"predecessor-version":[{"id":3886,"href":"https:\/\/vargawebstudio.hu\/wpuj\/wp-json\/wp\/v2\/pages\/3877\/revisions\/3886"}],"wp:attachment":[{"href":"https:\/\/vargawebstudio.hu\/wpuj\/wp-json\/wp\/v2\/media?parent=3877"}],"curies":[{"name":"wp","href":"https:\/\/api.w.org\/{rel}","templated":true}]}}