{"id":4367,"date":"2026-03-26T14:26:01","date_gmt":"2026-03-26T13:26:01","guid":{"rendered":"https:\/\/vargawebstudio.hu\/wpuj\/?page_id=4367"},"modified":"2026-03-28T15:59:10","modified_gmt":"2026-03-28T14:59:10","slug":"parkfurdo","status":"publish","type":"page","link":"https:\/\/vargawebstudio.hu\/wpuj\/parkfurdo\/","title":{"rendered":"Parkf\u00fcrd\u0151"},"content":{"rendered":"<p>[et_pb_section fb_built=&#8221;1&#8243; _builder_version=&#8221;4.27.6&#8243; _module_preset=&#8221;default&#8221; global_colors_info=&#8221;{}&#8221;][et_pb_row _builder_version=&#8221;4.27.6&#8243; _module_preset=&#8221;default&#8221; global_colors_info=&#8221;{}&#8221;][et_pb_column type=&#8221;4_4&#8243; _builder_version=&#8221;4.27.6&#8243; _module_preset=&#8221;default&#8221; global_colors_info=&#8221;{}&#8221;][et_pb_heading title=&#8221;Parkf\u00fcrd\u0151 &#8221; _builder_version=&#8221;4.27.6&#8243; _module_preset=&#8221;default&#8221; global_colors_info=&#8221;{}&#8221;][\/et_pb_heading][et_pb_text _builder_version=&#8221;4.27.6&#8243; _module_preset=&#8221;default&#8221; text_font=&#8221;ABeeZee||||||||&#8221; text_font_size=&#8221;16px&#8221; text_letter_spacing=&#8221;1px&#8221; hover_enabled=&#8221;0&#8243; global_colors_info=&#8221;{}&#8221; sticky_enabled=&#8221;0&#8243;]<\/p>\n<p>A gyop\u00e1rosi parkf\u00fcrd\u0151 a szabadt\u00e9ri strandol\u00e1s minden \u00e9lm\u00e9ny\u00e9t biztos\u00edtja a v\u00e1rosba \u00e9rkez\u0151 f\u00fcrd\u0151vend\u00e9gek sz\u00e1m\u00e1ra<\/p>\n<div id=\"attachment_4431\" style=\"width: 810px\" class=\"wp-caption alignleft\"><img loading=\"lazy\" decoding=\"async\" aria-describedby=\"caption-attachment-4431\" class=\"wp-image-4431 size-full\" src=\"https:\/\/vargawebstudio.hu\/wpuj\/wp-content\/uploads\/2026\/03\/strand_03.jpg\" alt=\"Gyop\u00e1rosf\u00fcrd\u0151 parkf\u00fcrd\u0151\" width=\"800\" height=\"600\" srcset=\"https:\/\/vargawebstudio.hu\/wpuj\/wp-content\/uploads\/2026\/03\/strand_03.jpg 800w, https:\/\/vargawebstudio.hu\/wpuj\/wp-content\/uploads\/2026\/03\/strand_03-480x360.jpg 480w\" sizes=\"(min-width: 0px) and (max-width: 480px) 480px, (min-width: 481px) 800px, 100vw\" \/><p id=\"caption-attachment-4431\" class=\"wp-caption-text\">Gyop\u00e1rosf\u00fcrd\u0151 parkf\u00fcrd\u0151<\/p><\/div>\n<p>Fiatalok, k\u00f6z\u00e9pkor\u00faak, id\u0151sek, p\u00e1rok, csal\u00e1dok, egyed\u00fcl vagy bar\u00e1ti t\u00e1rsas\u00e1gban \u00e9rkez\u0151k egyar\u00e1nt megtal\u00e1lj\u00e1k sz\u00e1m\u00edt\u00e1saikat a gy\u00f6ny\u00f6r\u0171en gondozott, mintegy h\u00faszhekt\u00e1ros parkerd\u0151ben elter\u00fcl\u0151 strandon.<\/p>\n<p>A f\u00fcrd\u0151komplexum szabadt\u00e9ri r\u00e9sze \u00e9pp oly\u2019 n\u00e9pszer\u0171 a vend\u00e9gek k\u00f6r\u00e9ben, mint p\u00e9ld\u00e1ul az \u00e9lm\u00e9ny- vagy gy\u00f3gyf\u00fcrd\u0151, s\u0151t sokan akadnak, akik \u00e9ppen a term\u00e9szet k\u00f6zels\u00e9ge miatt kifejezetten a strandot szemelik ki l\u00e1togat\u00e1suk c\u00e9lpontj\u00e1ul.<\/p>\n<p>A sportolni v\u00e1gy\u00f3kat 50 m\u00e9teres \u00fasz\u00f3medence \u00e9s tanmedence v\u00e1rja.<\/p>\n<p>M\u00edg az id\u0151sebb gener\u00e1ci\u00f3k tagjai, a sz\u00fcl\u0151k vagy nagysz\u00fcl\u0151k az el\u0151bbiek j\u00f3t\u00e9kony hat\u00e1sait \u00e9lvezve ellazulnak, addig a fiataloknak fesz\u00edtett v\u00edzt\u00fckr\u0171 \u00e9lm\u00e9nymedence, a legkisebbeknek pedig gyermek-\u00e9lm\u00e9nymedence szerez \u00f6r\u00f6mteli \u00f3r\u00e1kat.<\/p>\n<p>A parkf\u00fcrd\u0151 a \u201ev\u00edzmentes\u201d, m\u00e9gis klasszikus strandsport\u00e1gak rajong\u00f3i sz\u00e1m\u00e1ra is lehet\u0151s\u00e9get biztos\u00edt a testmozg\u00e1sra: strandk\u00e9zilabda- \u00e9s strandr\u00f6plabdap\u00e1lya, valamint f\u00fcves focip\u00e1lya cs\u00e1b\u00edtja j\u00e1t\u00e9kra \u0151ket.<\/p>\n<div>A Napsug\u00e1r Hotelb\u0151l a Gyop\u00e1rosi F\u00fcrd\u0151 z\u00e1rt folyos\u00f3n egy f\u00fcrd\u0151k\u00f6penyben p\u00e1r perc s\u00e9t\u00e1val el\u00e9rhet\u0151!<\/div>\n<p>[\/et_pb_text][et_pb_gallery gallery_ids=&#8221;4373,4374,4375,4376,4377,4378,4379,4380,4381,4382,4383,4384,4385,4386,4387,4388,4389,4390,4391,4392,4393,4394,4395,4396,4397,4398,4399,4400,4401,4402,4403,4404,4405,4406,4407,4408,4409,4410,4411,4412,4413,4414,4415,4416,4417,4418,4419,4420,4421,4422,4423,4424,4425,4426,4427,4428,4429,4430,4431,4432&#8243; posts_number=&#8221;16&#8243; admin_label=&#8221;Parkf\u00fcrd\u0151 Gal\u00e9ria&#8221; _builder_version=&#8221;4.27.6&#8243; _module_preset=&#8221;default&#8221; hover_enabled=&#8221;0&#8243; global_colors_info=&#8221;{}&#8221; show_title_and_caption=&#8221;off&#8221; sticky_enabled=&#8221;0&#8243;][\/et_pb_gallery][\/et_pb_column][\/et_pb_row][\/et_pb_section]<\/p>\n","protected":false},"excerpt":{"rendered":"<p>A gyop\u00e1rosi parkf\u00fcrd\u0151 a szabadt\u00e9ri strandol\u00e1s minden \u00e9lm\u00e9ny\u00e9t biztos\u00edtja a v\u00e1rosba \u00e9rkez\u0151 f\u00fcrd\u0151vend\u00e9gek sz\u00e1m\u00e1ra Fiatalok, k\u00f6z\u00e9pkor\u00faak, id\u0151sek, p\u00e1rok, csal\u00e1dok, egyed\u00fcl vagy bar\u00e1ti t\u00e1rsas\u00e1gban \u00e9rkez\u0151k egyar\u00e1nt megtal\u00e1lj\u00e1k sz\u00e1m\u00edt\u00e1saikat a gy\u00f6ny\u00f6r\u0171en gondozott, mintegy h\u00faszhekt\u00e1ros parkerd\u0151ben elter\u00fcl\u0151 strandon. A f\u00fcrd\u0151komplexum szabadt\u00e9ri r\u00e9sze \u00e9pp oly\u2019 n\u00e9pszer\u0171 a vend\u00e9gek k\u00f6r\u00e9ben, mint p\u00e9ld\u00e1ul az \u00e9lm\u00e9ny- vagy gy\u00f3gyf\u00fcrd\u0151, s\u0151t sokan akadnak, akik [&hellip;]<\/p>\n","protected":false},"author":1,"featured_media":0,"parent":0,"menu_order":0,"comment_status":"closed","ping_status":"closed","template":"","meta":{"_et_pb_use_builder":"on","_et_pb_old_content":"","_et_gb_content_width":"","footnotes":""},"class_list":["post-4367","page","type-page","status-publish","hentry"],"_links":{"self":[{"href":"https:\/\/vargawebstudio.hu\/wpuj\/wp-json\/wp\/v2\/pages\/4367","targetHints":{"allow":["GET"]}}],"collection":[{"href":"https:\/\/vargawebstudio.hu\/wpuj\/wp-json\/wp\/v2\/pages"}],"about":[{"href":"https:\/\/vargawebstudio.hu\/wpuj\/wp-json\/wp\/v2\/types\/page"}],"author":[{"embeddable":true,"href":"https:\/\/vargawebstudio.hu\/wpuj\/wp-json\/wp\/v2\/users\/1"}],"replies":[{"embeddable":true,"href":"https:\/\/vargawebstudio.hu\/wpuj\/wp-json\/wp\/v2\/comments?post=4367"}],"version-history":[{"count":6,"href":"https:\/\/vargawebstudio.hu\/wpuj\/wp-json\/wp\/v2\/pages\/4367\/revisions"}],"predecessor-version":[{"id":4512,"href":"https:\/\/vargawebstudio.hu\/wpuj\/wp-json\/wp\/v2\/pages\/4367\/revisions\/4512"}],"wp:attachment":[{"href":"https:\/\/vargawebstudio.hu\/wpuj\/wp-json\/wp\/v2\/media?parent=4367"}],"curies":[{"name":"wp","href":"https:\/\/api.w.org\/{rel}","templated":true}]}}