{"id":4458,"date":"2026-03-26T18:01:05","date_gmt":"2026-03-26T17:01:05","guid":{"rendered":"https:\/\/vargawebstudio.hu\/wpuj\/?page_id=4458"},"modified":"2026-04-06T20:18:07","modified_gmt":"2026-04-06T18:18:07","slug":"hauptseite","status":"publish","type":"page","link":"https:\/\/vargawebstudio.hu\/wpuj\/de\/hauptseite\/","title":{"rendered":"Hauptseite"},"content":{"rendered":"<p>[et_pb_section fb_built=&#8221;1&#8243; admin_label=&#8221;Szakasz&#8221; _builder_version=&#8221;4.27.6&#8243; _module_preset=&#8221;default&#8221; global_colors_info=&#8221;{}&#8221;][et_pb_row column_structure=&#8221;1_3,1_3,1_3&#8243; _builder_version=&#8221;4.27.6&#8243; _module_preset=&#8221;default&#8221; global_colors_info=&#8221;{}&#8221;][et_pb_column type=&#8221;1_3&#8243; _builder_version=&#8221;4.24.0&#8243; _module_preset=&#8221;default&#8221; global_colors_info=&#8221;{}&#8221;][et_pb_heading title=&#8221;Fr\u00fchling unter der Woche mit Halbpension und Badeeintritt&#8221; url=&#8221;@ET-DC@eyJkeW5hbWljIjp0cnVlLCJjb250ZW50IjoicG9zdF9saW5rX3VybF9wYWdlIiwic2V0dGluZ3MiOnsicG9zdF9pZCI6IjQwOTYifX0=@&#8221; admin_label=&#8221;Fr\u00fchling unter der Woche mit Halbpension und Badeeintritt&#8221; _builder_version=&#8221;4.27.6&#8243; _dynamic_attributes=&#8221;url&#8221; _module_preset=&#8221;default&#8221; title_level=&#8221;h2&#8243; title_font=&#8221;Cinzel Decorative|||on|||||&#8221; title_text_align=&#8221;center&#8221; title_text_color=&#8221;#FFFFFF&#8221; background_color=&#8221;#ffba10&#8243; module_alignment=&#8221;center&#8221; custom_margin=&#8221;-10px||-10px||false|false&#8221; custom_padding=&#8221;10px|10px|10px|10px|false|false&#8221; custom_css_free_form=&#8221;p{padding:10px}&#8221; border_radii=&#8221;off|10px|10px||&#8221; global_colors_info=&#8221;{}&#8221;][\/et_pb_heading][et_pb_blurb url=&#8221;@ET-DC@eyJkeW5hbWljIjp0cnVlLCJjb250ZW50IjoicG9zdF9saW5rX3VybF9wYWdlIiwic2V0dGluZ3MiOnsicG9zdF9pZCI6IjQwOTYifX0=@&#8221; image=&#8221;https:\/\/vargawebstudio.hu\/wpuj\/wp-content\/uploads\/2026\/03\/tavaszihetkoznapok.jpg&#8221; content_max_width=&#8221;650px&#8221; _builder_version=&#8221;4.27.6&#8243; _dynamic_attributes=&#8221;link_option_url,url&#8221; _module_preset=&#8221;default&#8221; header_level=&#8221;h1&#8243; header_text_align=&#8221;center&#8221; body_font=&#8221;Cinzel Decorative||||||||&#8221; background_color=&#8221;#ffba10&#8243; height=&#8221;850px&#8221; animation_style=&#8221;zoom&#8221; link_option_url=&#8221;@ET-DC@eyJkeW5hbWljIjp0cnVlLCJjb250ZW50IjoicG9zdF9saW5rX3VybF9wYWdlIiwic2V0dGluZ3MiOnsicG9zdF9pZCI6IjI2NTcifX0=@&#8221; custom_css_free_form=&#8221;p{padding: 20px;color:white;}||||h1{padding: 20px;color:white;}&#8221; border_radii=&#8221;on|10px|10px|10px|10px&#8221; global_colors_info=&#8221;{}&#8221;]<\/p>\n<p style=\"text-align: center;\"><strong>Csomag\u00e1r:<\/strong><\/p>\n<h1 style=\"text-align: center;\"><strong> 25.000,-Ft<\/strong><\/h1>\n<p style=\"text-align: center;\"><strong>\/f\u0151\/\u00e9jt\u0151l<\/strong><\/p>\n<p><strong>Csomag: Tavaszi h\u00e9tk\u00f6znapok f\u00e9lpanzi\u00f3val \u00e9s f\u00fcrd\u0151bel\u00e9p\u0151vel<\/strong><br \/><strong>Foglalhat\u00f3 id\u0151szak: 2026.03.01. \u2013 2026.05.31. k\u00f6z\u00f6tt<br \/>Foglalhat\u00f3 napok: Vas\u00e1rnapt\u00f3l cs\u00fct\u00f6rt\u00f6kig.<\/strong><br \/><strong>Korl\u00e1toz\u00e1sok: Kiv\u00e9ve kiemelt id\u0151szakok<br \/>F\u00fcrd\u0151bel\u00e9p\u0151 : A csomag tartalmazza<\/strong><\/p>\n<p>&nbsp;<\/p>\n<p>[\/et_pb_blurb][et_pb_button button_url=&#8221;@ET-DC@eyJkeW5hbWljIjp0cnVlLCJjb250ZW50IjoicG9zdF9saW5rX3VybF9wYWdlIiwic2V0dGluZ3MiOnsicG9zdF9pZCI6IjQwOTYifX0=@&#8221; button_text=&#8221;A csomagr\u00f3l b\u0151vebben&#8221; button_alignment=&#8221;center&#8221; admin_label=&#8221;A csomagr\u00f3l b\u0151vebben&#8221; _builder_version=&#8221;4.27.6&#8243; _dynamic_attributes=&#8221;button_url&#8221; _module_preset=&#8221;default&#8221; custom_button=&#8221;on&#8221; button_text_size=&#8221;27px&#8221; button_text_color=&#8221;#FFFFFF&#8221; button_bg_color=&#8221;#ffba10&#8243; button_border_width=&#8221;0px&#8221; button_border_color=&#8221;#6B6B6B&#8221; button_border_radius=&#8221;30px&#8221; button_font=&#8221;Cinzel Decorative||||||||&#8221; button_icon=&#8221;&#x41;||divi||400&#8243; button_icon_color=&#8221;#FFFFFF&#8221; custom_margin=&#8221;-30px||||false|false&#8221; animation_style=&#8221;flip&#8221; global_colors_info=&#8221;{}&#8221;][\/et_pb_button][\/et_pb_column][et_pb_column type=&#8221;1_3&#8243; _builder_version=&#8221;4.24.0&#8243; _module_preset=&#8221;default&#8221; global_colors_info=&#8221;{}&#8221;][et_pb_heading title=&#8221;Fr\u00fchlingswochenenden mit Halbpension und Badeeintritt&#8221; url=&#8221;@ET-DC@eyJkeW5hbWljIjp0cnVlLCJjb250ZW50IjoicG9zdF9saW5rX3VybF9wYWdlIiwic2V0dGluZ3MiOnsicG9zdF9pZCI6IjQxMjQifX0=@&#8221; admin_label=&#8221;Fr\u00fchlingswochenenden mit Halbpension und Badeeintritt&#8221; _builder_version=&#8221;4.27.6&#8243; _dynamic_attributes=&#8221;url&#8221; _module_preset=&#8221;default&#8221; title_level=&#8221;h2&#8243; title_font=&#8221;Cinzel Decorative|||on|||||&#8221; title_text_align=&#8221;center&#8221; title_text_color=&#8221;#FFFFFF&#8221; background_color=&#8221;#ffba10&#8243; module_alignment=&#8221;center&#8221; custom_margin=&#8221;-10px||-10px||false|false&#8221; custom_padding=&#8221;10px|10px|10px|10px|false|false&#8221; custom_css_free_form=&#8221;p{padding:10px}&#8221; border_radii=&#8221;off|10px|10px||&#8221; global_colors_info=&#8221;{}&#8221;][\/et_pb_heading][et_pb_blurb url=&#8221;@ET-DC@eyJkeW5hbWljIjp0cnVlLCJjb250ZW50IjoicG9zdF9saW5rX3VybF9wYWdlIiwic2V0dGluZ3MiOnsicG9zdF9pZCI6IjQxMjQifX0=@&#8221; image=&#8221;https:\/\/vargawebstudio.hu\/wpuj\/wp-content\/uploads\/2026\/03\/tavaszihetvegek.jpg&#8221; content_max_width=&#8221;650px&#8221; _builder_version=&#8221;4.27.6&#8243; _dynamic_attributes=&#8221;link_option_url,url&#8221; _module_preset=&#8221;default&#8221; header_level=&#8221;h1&#8243; header_text_align=&#8221;center&#8221; body_font=&#8221;Cinzel Decorative||||||||&#8221; background_color=&#8221;#ffba10&#8243; height=&#8221;850px&#8221; animation_style=&#8221;zoom&#8221; link_option_url=&#8221;@ET-DC@eyJkeW5hbWljIjp0cnVlLCJjb250ZW50IjoicG9zdF9saW5rX3VybF9wYWdlIiwic2V0dGluZ3MiOnsicG9zdF9pZCI6IjI2NTcifX0=@&#8221; custom_css_free_form=&#8221;p{padding: 20px;color:white;}||||h1{padding: 20px;color:white;}&#8221; border_radii=&#8221;on|10px|10px|10px|10px&#8221; global_colors_info=&#8221;{}&#8221;]<\/p>\n<p style=\"text-align: center;\"><strong>Csomag\u00e1r:<\/strong><\/p>\n<h1 style=\"text-align: center;\"><strong> 26.000,-Ft<\/strong><\/h1>\n<p style=\"text-align: center;\"><strong>\/f\u0151\/\u00e9jt\u0151l<\/strong><\/p>\n<p><strong>Csomag: Tavaszi h\u00e9tv\u00e9g\u00e9k f\u00e9lpanzi\u00f3val \u00e9s f\u00fcrd\u0151bel\u00e9p\u0151vel<br \/>Foglalhat\u00f3 id\u0151szak: 2026.03.01. \u2013 2026.05.31. k\u00f6z\u00f6tt<br \/>Foglalhat\u00f3 napok: P\u00e9ntekt\u0151l vas\u00e1rnapig.<br \/>Korl\u00e1toz\u00e1sok: Kiv\u00e9ve kiemelt id\u0151szakok<br \/>F\u00fcrd\u0151bel\u00e9p\u0151 : A csomag tartalmazza<\/strong><\/p>\n<p>[\/et_pb_blurb][et_pb_button button_url=&#8221;@ET-DC@eyJkeW5hbWljIjp0cnVlLCJjb250ZW50IjoicG9zdF9saW5rX3VybF9wYWdlIiwic2V0dGluZ3MiOnsicG9zdF9pZCI6IjQxMjQifX0=@&#8221; button_text=&#8221;A csomagr\u00f3l b\u0151vebben&#8221; button_alignment=&#8221;center&#8221; admin_label=&#8221;A csomagr\u00f3l b\u0151vebben&#8221; _builder_version=&#8221;4.27.6&#8243; _dynamic_attributes=&#8221;button_url&#8221; _module_preset=&#8221;default&#8221; custom_button=&#8221;on&#8221; button_text_size=&#8221;27px&#8221; button_text_color=&#8221;#FFFFFF&#8221; button_bg_color=&#8221;#ffba10&#8243; button_border_width=&#8221;0px&#8221; button_border_color=&#8221;#6B6B6B&#8221; button_border_radius=&#8221;30px&#8221; button_font=&#8221;Cinzel Decorative||||||||&#8221; button_icon=&#8221;&#x41;||divi||400&#8243; button_icon_color=&#8221;#FFFFFF&#8221; custom_margin=&#8221;-30px||||false|false&#8221; animation_style=&#8221;flip&#8221; global_colors_info=&#8221;{}&#8221;][\/et_pb_button][\/et_pb_column][et_pb_column type=&#8221;1_3&#8243; _builder_version=&#8221;4.24.0&#8243; _module_preset=&#8221;default&#8221; global_colors_info=&#8221;{}&#8221;][et_pb_heading title=&#8221;Pfingstfeier im Napsug\u00e1r Hotel in Gyop\u00e1rosf\u00fcrd\u0151 mit Grillabendessen&#8221; url=&#8221;@ET-DC@eyJkeW5hbWljIjp0cnVlLCJjb250ZW50IjoicG9zdF9saW5rX3VybF9wYWdlIiwic2V0dGluZ3MiOnsicG9zdF9pZCI6IjQxMjgifX0=@&#8221; admin_label=&#8221;Pfingstfeier im Napsug\u00e1r Hotel in Gyop\u00e1rosf\u00fcrd\u0151 mit Grillabendessen&#8221; _builder_version=&#8221;4.27.6&#8243; _dynamic_attributes=&#8221;url&#8221; _module_preset=&#8221;default&#8221; title_level=&#8221;h2&#8243; title_font=&#8221;Cinzel Decorative|||on|||||&#8221; title_text_align=&#8221;center&#8221; title_text_color=&#8221;#FFFFFF&#8221; background_color=&#8221;#ffba10&#8243; module_alignment=&#8221;center&#8221; custom_margin=&#8221;-10px||-10px||false|false&#8221; custom_padding=&#8221;10px|10px|10px|10px|false|false&#8221; custom_css_free_form=&#8221;p{padding:10px}&#8221; border_radii=&#8221;off|10px|10px||&#8221; global_colors_info=&#8221;{}&#8221;][\/et_pb_heading][et_pb_blurb url=&#8221;@ET-DC@eyJkeW5hbWljIjp0cnVlLCJjb250ZW50IjoicG9zdF9saW5rX3VybF9wYWdlIiwic2V0dGluZ3MiOnsicG9zdF9pZCI6IjQxMjgifX0=@&#8221; image=&#8221;https:\/\/vargawebstudio.hu\/wpuj\/wp-content\/uploads\/2026\/04\/punkosd_nagy.jpg&#8221; content_max_width=&#8221;650px&#8221; _builder_version=&#8221;4.27.6&#8243; _dynamic_attributes=&#8221;link_option_url,url&#8221; _module_preset=&#8221;default&#8221; header_level=&#8221;h1&#8243; header_text_align=&#8221;center&#8221; body_font=&#8221;Cinzel Decorative||||||||&#8221; background_color=&#8221;#ffba10&#8243; height=&#8221;850px&#8221; animation_style=&#8221;zoom&#8221; link_option_url=&#8221;@ET-DC@eyJkeW5hbWljIjp0cnVlLCJjb250ZW50IjoicG9zdF9saW5rX3VybF9wYWdlIiwic2V0dGluZ3MiOnsicG9zdF9pZCI6IjI2NTcifX0=@&#8221; custom_css_free_form=&#8221;p{padding: 20px;color:white;}||||h1{padding: 20px;color:white;}&#8221; border_radii=&#8221;on|10px|10px|10px|10px&#8221; global_colors_info=&#8221;{}&#8221;]<\/p>\n<p style=\"text-align: center;\"><strong>Paketpreis:<\/strong><\/p>\n<h1 style=\"text-align: center;\"><strong>89.900,-HUF<\/strong><\/h1>\n<p style=\"text-align: center;\">\/pro Person \/ ab 3 N\u00e4chten<\/p>\n<p>Paket: Pfingstfeier im Napsug\u00e1r Hotel in Gyop\u00e1rosf\u00fcrd\u0151<br data-start=\"54\" data-end=\"57\" \/>Buchbarer Zeitraum: zwischen dem 22.05.2026 und 25.05.2026<br data-start=\"115\" data-end=\"118\" \/>Buchbare Tage: von Freitag bis Dienstag<br data-start=\"157\" data-end=\"160\" \/>Einschr\u00e4nkungen: Nur im angegebenen Zeitraum<\/p>\n<p>[\/et_pb_blurb][et_pb_button button_url=&#8221;@ET-DC@eyJkeW5hbWljIjp0cnVlLCJjb250ZW50IjoicG9zdF9saW5rX3VybF9wYWdlIiwic2V0dGluZ3MiOnsicG9zdF9pZCI6IjUwMjQifX0=@&#8221; button_text=&#8221;Weitere Details zu diesem Paket entdecken&#8221; button_alignment=&#8221;center&#8221; admin_label=&#8221;A csomagr\u00f3l b\u0151vebben&#8221; _builder_version=&#8221;4.27.6&#8243; _dynamic_attributes=&#8221;button_url&#8221; _module_preset=&#8221;default&#8221; custom_button=&#8221;on&#8221; button_text_size=&#8221;27px&#8221; button_text_color=&#8221;#FFFFFF&#8221; button_bg_color=&#8221;#ffba10&#8243; button_border_width=&#8221;0px&#8221; button_border_color=&#8221;#6B6B6B&#8221; button_border_radius=&#8221;30px&#8221; button_font=&#8221;Cinzel Decorative||||||||&#8221; button_icon=&#8221;&#x41;||divi||400&#8243; button_icon_color=&#8221;#FFFFFF&#8221; custom_margin=&#8221;-30px||||false|false&#8221; animation_style=&#8221;flip&#8221; hover_enabled=&#8221;0&#8243; global_colors_info=&#8221;{}&#8221; sticky_enabled=&#8221;0&#8243;][\/et_pb_button][\/et_pb_column][\/et_pb_row][\/et_pb_section]<\/p>\n","protected":false},"excerpt":{"rendered":"<p>Csomag\u00e1r: 25.000,-Ft \/f\u0151\/\u00e9jt\u0151l Csomag: Tavaszi h\u00e9tk\u00f6znapok f\u00e9lpanzi\u00f3val \u00e9s f\u00fcrd\u0151bel\u00e9p\u0151velFoglalhat\u00f3 id\u0151szak: 2026.03.01. \u2013 2026.05.31. k\u00f6z\u00f6ttFoglalhat\u00f3 napok: Vas\u00e1rnapt\u00f3l cs\u00fct\u00f6rt\u00f6kig.Korl\u00e1toz\u00e1sok: Kiv\u00e9ve kiemelt id\u0151szakokF\u00fcrd\u0151bel\u00e9p\u0151 : A csomag tartalmazza &nbsp;Csomag\u00e1r: 26.000,-Ft \/f\u0151\/\u00e9jt\u0151l Csomag: Tavaszi h\u00e9tv\u00e9g\u00e9k f\u00e9lpanzi\u00f3val \u00e9s f\u00fcrd\u0151bel\u00e9p\u0151velFoglalhat\u00f3 id\u0151szak: 2026.03.01. \u2013 2026.05.31. k\u00f6z\u00f6ttFoglalhat\u00f3 napok: P\u00e9ntekt\u0151l vas\u00e1rnapig.Korl\u00e1toz\u00e1sok: Kiv\u00e9ve kiemelt id\u0151szakokF\u00fcrd\u0151bel\u00e9p\u0151 : A csomag tartalmazzaPaketpreis: 89.900,-HUF \/pro Person \/ ab 3 N\u00e4chten [&hellip;]<\/p>\n","protected":false},"author":1,"featured_media":0,"parent":0,"menu_order":0,"comment_status":"closed","ping_status":"closed","template":"","meta":{"_et_pb_use_builder":"on","_et_pb_old_content":"","_et_gb_content_width":"","footnotes":""},"class_list":["post-4458","page","type-page","status-publish","hentry"],"_links":{"self":[{"href":"https:\/\/vargawebstudio.hu\/wpuj\/wp-json\/wp\/v2\/pages\/4458","targetHints":{"allow":["GET"]}}],"collection":[{"href":"https:\/\/vargawebstudio.hu\/wpuj\/wp-json\/wp\/v2\/pages"}],"about":[{"href":"https:\/\/vargawebstudio.hu\/wpuj\/wp-json\/wp\/v2\/types\/page"}],"author":[{"embeddable":true,"href":"https:\/\/vargawebstudio.hu\/wpuj\/wp-json\/wp\/v2\/users\/1"}],"replies":[{"embeddable":true,"href":"https:\/\/vargawebstudio.hu\/wpuj\/wp-json\/wp\/v2\/comments?post=4458"}],"version-history":[{"count":5,"href":"https:\/\/vargawebstudio.hu\/wpuj\/wp-json\/wp\/v2\/pages\/4458\/revisions"}],"predecessor-version":[{"id":5036,"href":"https:\/\/vargawebstudio.hu\/wpuj\/wp-json\/wp\/v2\/pages\/4458\/revisions\/5036"}],"wp:attachment":[{"href":"https:\/\/vargawebstudio.hu\/wpuj\/wp-json\/wp\/v2\/media?parent=4458"}],"curies":[{"name":"wp","href":"https:\/\/api.w.org\/{rel}","templated":true}]}}