{"id":4473,"date":"2026-03-26T22:31:37","date_gmt":"2026-03-26T21:31:37","guid":{"rendered":"https:\/\/vargawebstudio.hu\/wpuj\/?page_id=4473"},"modified":"2026-04-07T21:55:20","modified_gmt":"2026-04-07T19:55:20","slug":"szaunapark","status":"publish","type":"page","link":"https:\/\/vargawebstudio.hu\/wpuj\/szaunapark\/","title":{"rendered":"Szaunapark"},"content":{"rendered":"<p>[et_pb_section fb_built=&#8221;1&#8243; _builder_version=&#8221;4.27.6&#8243; _module_preset=&#8221;default&#8221; global_colors_info=&#8221;{}&#8221;][et_pb_row _builder_version=&#8221;4.27.6&#8243; _module_preset=&#8221;default&#8221; global_colors_info=&#8221;{}&#8221; column_structure=&#8221;1_2,1_2&#8243;][et_pb_column type=&#8221;1_2&#8243; _builder_version=&#8221;4.27.6&#8243; _module_preset=&#8221;default&#8221; global_colors_info=&#8221;{}&#8221;][et_pb_heading title=&#8221;Gyop\u00e1rosf\u00fcrd\u0151 szaunapark&#8221; _builder_version=&#8221;4.27.6&#8243; _module_preset=&#8221;default&#8221; hover_enabled=&#8221;0&#8243; global_colors_info=&#8221;{}&#8221; sticky_enabled=&#8221;0&#8243;][\/et_pb_heading][et_pb_text _builder_version=&#8221;4.27.6&#8243; _module_preset=&#8221;default&#8221; text_font=&#8221;ABeeZee||||||||&#8221; text_font_size=&#8221;16px&#8221; text_letter_spacing=&#8221;1px&#8221; hover_enabled=&#8221;0&#8243; global_colors_info=&#8221;{}&#8221; sticky_enabled=&#8221;0&#8243;]<\/p>\n<p>A szaunapark 10 szaunakabinnal rendelkezik. A 60-70, illetve 70-80 Celsius-fok h\u0151m\u00e9rs\u00e9klet\u0171 sz\u00e1raz finn szauna, az 50-60 fokos aromakabin, a szint\u00e9n 50-60 fokon \u00fczemel\u0151 f\u00e9nyter\u00e1pi\u00e1s bioszauna, a 30-40 Celsius-fokos dan\u00e1rium, a 45-50 fokon izzaszt\u00f3, sz\u00e1z sz\u00e1zal\u00e9kos p\u00e1ratartalmat biztos\u00edt\u00f3 g\u0151zkabinok, valamint az 50-60 fokos relax\u00e1linfrakabin mind a Gyop\u00e1rosf\u00fcrd\u0151re \u00e9rkez\u0151 szaunabar\u00e1tok eg\u00e9szs\u00e9g\u00e9t, min\u00e9l t\u00f6k\u00e9letesebb kikapcsol\u00f3d\u00e1s\u00e1t szolg\u00e1lj\u00e1k \u2013 egyes napokon eg\u00e9szen \u00e9jf\u00e9lig .<\/p>\n<p>A t\u00edz kabinb\u00f3l \u00e1ll\u00f3 szaunapark nem csup\u00e1n az izzaszt\u00f3 kedvtel\u00e9s szerelmeseit v\u00e1rja, hanem azokat is, akik csak most ismerkedn\u00e9nek meg a szaun\u00e1z\u00e1s csod\u00e1latos vil\u00e1g\u00e1val, a m\u00e1r-m\u00e1r szertart\u00e1sszer\u0171 szaunaritu\u00e1l\u00e9kkal, egy\u00e1ltal\u00e1n az eg\u00e9szs\u00e9gmeg\u0151rz\u00e9s eme \u00e9vsz\u00e1zados m\u00f3dszer\u00e9vel. A szaun\u00e1z\u00e1ssal ismerked\u0151knek k\u00e9pzett szakember seg\u00edt az \u201eels\u0151 l\u00e9p\u00e9sek\u201d megt\u00e9tel\u00e9ben, beavatja \u0151ket a szaun\u00e1z\u00e1s mik\u00e9ntj\u00e9be, praktikus tan\u00e1csokkal szolg\u00e1l, s figyelmezteti \u0151ket az esetleges vesz\u00e9lyekre.<\/p>\n<p>A gy\u00f6ny\u00f6r\u0171 k\u00f6rnyezetben az egyes kabinok m\u00e1s-m\u00e1s probl\u00e9m\u00e1kra k\u00edn\u00e1lnak megold\u00e1st, m\u00e1s-m\u00e1s hat\u00e1st \u00e9rnek el a szaun\u00e1z\u00f3kn\u00e1l. M\u00edg a sz\u00e1raz finn szauna m\u00e9regtelen\u00edt\u0151, b\u0151rfeszes\u00edt\u0151 \u00e9s immuner\u0151s\u00edt\u0151 hat\u00e1ssal b\u00edr f\u0151k\u00e9nt, az aromakabin friss\u00edt, vitaliz\u00e1l, tiszt\u00edtja a p\u00f3rusokat \u00e9s a l\u00e9gutat. A f\u00e9nyter\u00e1pi\u00e1s bioszauna a sz\u00ednek erej\u00e9vel gy\u00f3gy\u00edt, nyugtat, mik\u00f6zben m\u00e9regtelen\u00edt \u00e9s relax\u00e1l. A g\u0151zkabin pihentet, kikapcsol, mik\u00f6zben l\u00e9gutaink sz\u00e1m\u00e1ra is nagyon hasznos. Az alapos m\u00e9regtelen\u00edt\u00e9sre, zs\u00edr\u00e9get\u00e9sre, az izmok lelaz\u00edt\u00e1s\u00e1ra v\u00e1gy\u00f3knak az anyagcser\u00e9t is serkent\u0151 infrakabin a legjobb v\u00e1laszt\u00e1s.<\/p>\n<p>&nbsp;<\/p>\n<p>[\/et_pb_text][\/et_pb_column][et_pb_column type=&#8221;1_2&#8243; _builder_version=&#8221;4.27.6&#8243; _module_preset=&#8221;default&#8221; global_colors_info=&#8221;{}&#8221;][et_pb_image _builder_version=&#8221;4.27.6&#8243; _module_preset=&#8221;default&#8221; title_text=&#8221;gyoparosfurdo_szauna7&#8243; src=&#8221;https:\/\/vargawebstudio.hu\/wpuj\/wp-content\/uploads\/2026\/03\/gyoparosfurdo_szauna7.jpg&#8221; border_radii=&#8221;off||30px||&#8221; hover_enabled=&#8221;0&#8243; sticky_enabled=&#8221;0&#8243;][\/et_pb_image][\/et_pb_column][\/et_pb_row][et_pb_row _builder_version=&#8221;4.27.6&#8243; _module_preset=&#8221;default&#8221; global_colors_info=&#8221;{}&#8221;][et_pb_column type=&#8221;4_4&#8243; _builder_version=&#8221;4.27.6&#8243; _module_preset=&#8221;default&#8221; global_colors_info=&#8221;{}&#8221;][et_pb_gallery gallery_ids=&#8221;4476,4477,4478,4479,4480,4481,4482&#8243; posts_number=&#8221;16&#8243; show_title_and_caption=&#8221;off&#8221; admin_label=&#8221;Szaunapark Gal\u00e9ria&#8221; _builder_version=&#8221;4.27.6&#8243; _module_preset=&#8221;default&#8221; global_colors_info=&#8221;{}&#8221;][\/et_pb_gallery][\/et_pb_column][\/et_pb_row][\/et_pb_section]<\/p>\n","protected":false},"excerpt":{"rendered":"<p>A szaunapark 10 szaunakabinnal rendelkezik. A 60-70, illetve 70-80 Celsius-fok h\u0151m\u00e9rs\u00e9klet\u0171 sz\u00e1raz finn szauna, az 50-60 fokos aromakabin, a szint\u00e9n 50-60 fokon \u00fczemel\u0151 f\u00e9nyter\u00e1pi\u00e1s bioszauna, a 30-40 Celsius-fokos dan\u00e1rium, a 45-50 fokon izzaszt\u00f3, sz\u00e1z sz\u00e1zal\u00e9kos p\u00e1ratartalmat biztos\u00edt\u00f3 g\u0151zkabinok, valamint az 50-60 fokos relax\u00e1linfrakabin mind a Gyop\u00e1rosf\u00fcrd\u0151re \u00e9rkez\u0151 szaunabar\u00e1tok eg\u00e9szs\u00e9g\u00e9t, min\u00e9l t\u00f6k\u00e9letesebb kikapcsol\u00f3d\u00e1s\u00e1t szolg\u00e1lj\u00e1k \u2013 egyes [&hellip;]<\/p>\n","protected":false},"author":1,"featured_media":0,"parent":0,"menu_order":0,"comment_status":"closed","ping_status":"closed","template":"","meta":{"_et_pb_use_builder":"on","_et_pb_old_content":"","_et_gb_content_width":"","footnotes":""},"class_list":["post-4473","page","type-page","status-publish","hentry"],"_links":{"self":[{"href":"https:\/\/vargawebstudio.hu\/wpuj\/wp-json\/wp\/v2\/pages\/4473","targetHints":{"allow":["GET"]}}],"collection":[{"href":"https:\/\/vargawebstudio.hu\/wpuj\/wp-json\/wp\/v2\/pages"}],"about":[{"href":"https:\/\/vargawebstudio.hu\/wpuj\/wp-json\/wp\/v2\/types\/page"}],"author":[{"embeddable":true,"href":"https:\/\/vargawebstudio.hu\/wpuj\/wp-json\/wp\/v2\/users\/1"}],"replies":[{"embeddable":true,"href":"https:\/\/vargawebstudio.hu\/wpuj\/wp-json\/wp\/v2\/comments?post=4473"}],"version-history":[{"count":6,"href":"https:\/\/vargawebstudio.hu\/wpuj\/wp-json\/wp\/v2\/pages\/4473\/revisions"}],"predecessor-version":[{"id":5186,"href":"https:\/\/vargawebstudio.hu\/wpuj\/wp-json\/wp\/v2\/pages\/4473\/revisions\/5186"}],"wp:attachment":[{"href":"https:\/\/vargawebstudio.hu\/wpuj\/wp-json\/wp\/v2\/media?parent=4473"}],"curies":[{"name":"wp","href":"https:\/\/api.w.org\/{rel}","templated":true}]}}