{"id":4519,"date":"2026-03-28T16:12:14","date_gmt":"2026-03-28T15:12:14","guid":{"rendered":"https:\/\/vargawebstudio.hu\/wpuj\/?page_id=4519"},"modified":"2026-03-29T11:54:03","modified_gmt":"2026-03-29T09:54:03","slug":"gyoparosi-programok","status":"publish","type":"page","link":"https:\/\/vargawebstudio.hu\/wpuj\/gyoparosi-programok\/","title":{"rendered":"Gyop\u00e1rosi programok"},"content":{"rendered":"<p>[et_pb_section fb_built=&#8221;1&#8243; _builder_version=&#8221;4.27.6&#8243; _module_preset=&#8221;default&#8221; global_colors_info=&#8221;{}&#8221;][et_pb_row _builder_version=&#8221;4.27.6&#8243; _module_preset=&#8221;default&#8221; global_colors_info=&#8221;{}&#8221;][et_pb_column type=&#8221;4_4&#8243; _builder_version=&#8221;4.27.6&#8243; _module_preset=&#8221;default&#8221; global_colors_info=&#8221;{}&#8221;][et_pb_heading title=&#8221;Gyop\u00e1rosi programok &#8221; _builder_version=&#8221;4.27.6&#8243; _module_preset=&#8221;default&#8221; global_colors_info=&#8221;{}&#8221;][\/et_pb_heading][\/et_pb_column][\/et_pb_row][et_pb_row column_structure=&#8221;2_5,3_5&#8243; _builder_version=&#8221;4.27.6&#8243; _module_preset=&#8221;default&#8221; global_colors_info=&#8221;{}&#8221;][et_pb_column type=&#8221;2_5&#8243; _builder_version=&#8221;4.27.6&#8243; _module_preset=&#8221;default&#8221; global_colors_info=&#8221;{}&#8221;][et_pb_image src=&#8221;https:\/\/vargawebstudio.hu\/wpuj\/wp-content\/uploads\/2026\/03\/dotto-3.jpg&#8221; title_text=&#8221;dotto-3&#8243; _builder_version=&#8221;4.27.6&#8243; _module_preset=&#8221;default&#8221; border_radii=&#8221;off|30px||30px|&#8221; global_colors_info=&#8221;{}&#8221;][\/et_pb_image][\/et_pb_column][et_pb_column type=&#8221;3_5&#8243; _builder_version=&#8221;4.27.6&#8243; _module_preset=&#8221;default&#8221; global_colors_info=&#8221;{}&#8221;][et_pb_text _builder_version=&#8221;4.27.6&#8243; _module_preset=&#8221;default&#8221; text_font=&#8221;ABeeZee||||||||&#8221; text_font_size=&#8221;16px&#8221; text_letter_spacing=&#8221;1px&#8221; global_colors_info=&#8221;{}&#8221;]<\/p>\n<div>\n<p><strong>Dott\u00f3 kisvonat<\/strong><\/p>\n<p>Az Orosh\u00e1za belv\u00e1rosa \u00e9s Gyop\u00e1rosf\u00fcrd\u0151 k\u00f6z\u00f6tti mintegy 4 km-es t\u00e1vols\u00e1got a menetrend szerinti buszj\u00e1ratok mellett Dotto-vonattal is megteheti. A jegy\u00e1r egy f\u0151re 350 Ft, orosh\u00e1zi lakc\u00edmk\u00e1rtya felmutat\u00e1s\u00e1val 250 Ft. A kisvonat menetideje 30 perc.<\/p>\n<p>Az \u00e1llom\u00e1sok:<\/p>\n<p>Orosh\u00e1za f\u0151t\u00e9r \u2013 Gyop\u00e1rosf\u00fcrd\u0151<br \/>Orosh\u00e1za f\u0151t\u00e9r (indul\u00e1s) \u2013 T\u00e1ncsics utca (5 perc) \u2013 \u00c1rp\u00e1d kert (10 perc) \u2013 R\u00e1k\u00f3czi \u00fat (15 perc) \u2013 Alf\u00f6ld Gy\u00f6ngye Hotel (20 perc) \u2013 Hotel Corvus Aqua \u00e9s Napsug\u00e1r Hotel (25 perc) \u2013 Gyop\u00e1rosf\u00fcrd\u0151 F\u00fcrd\u0151 f\u0151bej\u00e1rat (30 perc)<\/p>\n<p>Gyop\u00e1rosf\u00fcrd\u0151 \u2013 Orosh\u00e1za f\u0151t\u00e9r<br \/>Gyop\u00e1rosf\u00fcrd\u0151 F\u00fcrd\u0151 f\u0151bej\u00e1rat (indul\u00e1s) \u2013 Alf\u00f6ld Gy\u00f6ngye Hotel (5 perc) \u2013 El\u0151d utca (25 perc) \u2013 Orosh\u00e1za f\u0151t\u00e9r (30 perc<\/p>\n<\/div>\n<p>[\/et_pb_text][\/et_pb_column][\/et_pb_row][et_pb_row column_structure=&#8221;2_5,3_5&#8243; _builder_version=&#8221;4.27.6&#8243; _module_preset=&#8221;default&#8221; global_colors_info=&#8221;{}&#8221;][et_pb_column type=&#8221;2_5&#8243; _builder_version=&#8221;4.27.6&#8243; _module_preset=&#8221;default&#8221; global_colors_info=&#8221;{}&#8221;][et_pb_image src=&#8221;https:\/\/vargawebstudio.hu\/wpuj\/wp-content\/uploads\/2026\/03\/horgaszat.jpg&#8221; title_text=&#8221;horgaszat&#8221; _builder_version=&#8221;4.27.6&#8243; _module_preset=&#8221;default&#8221; border_radii=&#8221;off|30px||30px|&#8221; global_colors_info=&#8221;{}&#8221;][\/et_pb_image][\/et_pb_column][et_pb_column type=&#8221;3_5&#8243; _builder_version=&#8221;4.27.6&#8243; _module_preset=&#8221;default&#8221; global_colors_info=&#8221;{}&#8221;][et_pb_text _builder_version=&#8221;4.27.6&#8243; _module_preset=&#8221;default&#8221; text_font=&#8221;ABeeZee||||||||&#8221; text_font_size=&#8221;16px&#8221; text_letter_spacing=&#8221;1px&#8221; global_colors_info=&#8221;{}&#8221;]<\/p>\n<h2>Horg\u00e1szat Orosh\u00e1z\u00e1n<\/h2>\n<p>B\u00e9k\u00e9s megye, ezen bel\u00fcl Orosh\u00e1za val\u00f3s\u00e1gos paradicsoma a horg\u00e1szsport kedvel\u0151inek.<\/p>\n<p>B\u00e9k\u00e9s megy\u00e9ben nem csup\u00e1n a K\u00f6r\u00f6s\u00f6k, hanem kit\u0171n\u0151 horg\u00e1sztavak is v\u00e1rj\u00e1k a pec\u00e1sokat a ny\u00e1ri h\u00f3napokban.<\/p>\n<p>Orosh\u00e1z\u00e1n a k\u00f6vetkez\u0151 horg\u00e1sztavakat aj\u00e1nljuk:<\/p>\n<p>A. Gyop\u00e1rosi D\u00e9li-t\u00f3: Itt szombat \u00e9s \u00fcnnepnapok kiv\u00e9tel\u00e9vel horg\u00e1szni csak napkelt\u00e9t\u0151l napnyugt\u00e1ig lehet.<\/p>\n<p>B. B\u00e9ke t\u00f3 \/ Homokb\u00e1nya t\u00f3 : Horg\u00e1szok a Homokb\u00e1nya tavonA t\u00f3 az Orosh\u00e1za \u00e9s k\u00f6rny\u00e9k\u00e9r\u0151l \u00e9rkez\u0151 horg\u00e1szok kedvelt helye, de gyakran tal\u00e1lkozhatunk messzebbr\u0151l \u00e9rkez\u0151 horg\u00e1szokkal is. A helyi Kinizsi Horg\u00e1sz Egyes\u00fclet gondozza a tavat \u00e9s k\u00f6rny\u00e9k\u00e9t, a t\u00f3 partj\u00e1n tal\u00e1lhat\u00f3 rendezv\u00e9ny-\u00e9s hal\u0151rh\u00e1za, ahol a helyi horg\u00e1szrendr\u0151l, hal\u0151r\u00f6k telefonsz\u00e1mair\u00f3l \u00e9s a t\u00f3val kapcsolatos fontosabb inform\u00e1ci\u00f3kr\u00f3l olvashatunk. Jellemz\u0151 halfajok: ponty, csuka, s\u00fcll\u0151, balin, harcsa, amur, keszegf\u00e9l\u00e9k, s\u00fcg\u00e9r, stb (Orosh\u00e1za, Szentesi \u00fat).<\/p>\n<p>C. T\u00e9glagy\u00e1ri tavak: H\u00e1rom k\u00fcl\u00f6nb\u00f6z\u0151 lehet\u0151s\u00e9g v\u00e1rja a horg\u00e1szat szerelmeseit: napijegy a helysz\u00ednen a b\u00fcf\u00e9ben v\u00e1lthat\u00f3. Nagyhalas v\u00edz, harcs\u00e1s \u00e9s sporthorg\u00e1sz\u00e1si lehet\u0151s\u00e9g van. A b\u00fcf\u00e9ben h\u0171t\u00f6tt italok \u00e9s horg\u00e1szfelszerel\u00e9s is kaphat\u00f3.Gyerekeknek j\u00e1tsz\u00f3t\u00e9r \u00e9s bogr\u00e1csos f\u0151z\u00e9si lehet\u0151s\u00e9g is van (Orosh\u00e1za, Gyop\u00e1rosi ugarok 6).<\/p>\n<p>D. \u00daj homokb\u00e1nya: Kiemelten \u00fagynevezett bojlis horg\u00e1szok r\u00e9sz\u00e9re, kapit\u00e1lis halak fog\u00e1sa! H\u00e9tv\u00e9gi s\u00e1toroz\u00e1si lehet\u0151s\u00e9g. Ki\u00e9p\u00edtett horg\u00e1szhelyek. \u00c9rdemes megn\u00e9zni a hely m\u0171k\u00f6dtet\u0151inek 5 perces vide\u00f3j\u00e1t is (Orosh\u00e1za, Szentesi \u00fat).<\/p>\n<p>[\/et_pb_text][\/et_pb_column][\/et_pb_row][et_pb_row column_structure=&#8221;2_5,3_5&#8243; _builder_version=&#8221;4.27.6&#8243; _module_preset=&#8221;default&#8221; global_colors_info=&#8221;{}&#8221;][et_pb_column type=&#8221;2_5&#8243; _builder_version=&#8221;4.27.6&#8243; _module_preset=&#8221;default&#8221; global_colors_info=&#8221;{}&#8221;][et_pb_image src=&#8221;https:\/\/vargawebstudio.hu\/wpuj\/wp-content\/uploads\/2026\/03\/csonak_3.jpg&#8221; title_text=&#8221;csonak_3&#8243; _builder_version=&#8221;4.27.6&#8243; _module_preset=&#8221;default&#8221; border_radii=&#8221;off|30px||30px|&#8221; global_colors_info=&#8221;{}&#8221;][\/et_pb_image][\/et_pb_column][et_pb_column type=&#8221;3_5&#8243; _builder_version=&#8221;4.27.6&#8243; _module_preset=&#8221;default&#8221; global_colors_info=&#8221;{}&#8221;][et_pb_text _builder_version=&#8221;4.27.6&#8243; _module_preset=&#8221;default&#8221; text_font=&#8221;ABeeZee||||||||&#8221; text_font_size=&#8221;16px&#8221; text_letter_spacing=&#8221;1px&#8221; global_colors_info=&#8221;{}&#8221;]<\/p>\n<h2>Cs\u00f3nak\u00e1z\u00e1s a tavon<\/h2>\n<p>Ha szeret\u00fcnk a szabadban lenni, s nincs ellen\u00fcnkre egy kis testmozg\u00e1s, sport, \u00e9rdemes v\u00edzre sz\u00e1llni. Ny\u00e1ron aligha van jobb csal\u00e1di program egy t\u00f3parton, mint cs\u00f3nakkal felfedez\u0151\u00fatra indulni.<\/p>\n<p>A cs\u00f3nak\u00e1z\u00e1s persze nem csup\u00e1n a kisgyerekes csal\u00e1dok k\u00f6r\u00e9ben n\u00e9pszer\u0171. Igazi romantikus program, mely lehet\u0151s\u00e9get biztos\u00edt fiataloknak \u00e9s kev\u00e9sb\u00e9 fiataloknak arra, hogy a term\u00e9szet l\u00e1gy \u00f6l\u00e9n, a selymesen csillog\u00f3 v\u00edzt\u00fck\u00f6r felett m\u00e9g ink\u00e1bb k\u00f6zel ker\u00fcljenek egym\u00e1shoz, s kellemes \u00e9lm\u00e9nyekkel gazdagodva, a k\u00fclvil\u00e1got n\u00e9h\u00e1ny percre vagy \u00f3r\u00e1ra kiz\u00e1rva csak egym\u00e1sra figyeljenek, mik\u00f6zben cs\u00f3nakjuk andal\u00edt\u00f3 ring\u00e1sa testre \u00e9s l\u00e9lekre egyar\u00e1nt pihentet\u0151 hat\u00e1ssal van.<\/p>\n<p>[\/et_pb_text][\/et_pb_column][\/et_pb_row][et_pb_row column_structure=&#8221;2_5,3_5&#8243; _builder_version=&#8221;4.27.6&#8243; _module_preset=&#8221;default&#8221; global_colors_info=&#8221;{}&#8221;][et_pb_column type=&#8221;2_5&#8243; _builder_version=&#8221;4.27.6&#8243; _module_preset=&#8221;default&#8221; global_colors_info=&#8221;{}&#8221;][et_pb_image src=&#8221;https:\/\/vargawebstudio.hu\/wpuj\/wp-content\/uploads\/2026\/03\/seta_03.jpg&#8221; title_text=&#8221;seta_03&#8243; _builder_version=&#8221;4.27.6&#8243; _module_preset=&#8221;default&#8221; border_radii=&#8221;off|30px||30px|&#8221; global_colors_info=&#8221;{}&#8221;][\/et_pb_image][\/et_pb_column][et_pb_column type=&#8221;3_5&#8243; _builder_version=&#8221;4.27.6&#8243; _module_preset=&#8221;default&#8221; global_colors_info=&#8221;{}&#8221;][et_pb_text _builder_version=&#8221;4.27.6&#8243; _module_preset=&#8221;default&#8221; text_font=&#8221;ABeeZee||||||||&#8221; text_font_size=&#8221;16px&#8221; text_letter_spacing=&#8221;1px&#8221; global_colors_info=&#8221;{}&#8221;]<\/p>\n<h2>Orosh\u00e1zi s\u00e9ta a v\u00e1rosk\u00f6zpontban<\/h2>\n<p>Egy v\u00e1rost megismerni csak \u00fagy lehet, ha tesz\u00fcnk egy s\u00e9t\u00e1t annak k\u00f6zpontj\u00e1ban.<\/p>\n<p>Kiindul\u00f3pontnak aj\u00e1nljuk a 2013-ban meg\u00fajult, f\u00e1kkal, padokkal \u00e9s sz\u00f6k\u0151kutakkal gazdagon d\u00edsz\u00edtett F\u0151teret, amelynek hangulatos k\u00e1v\u00e9z\u00f3j\u00e1ban ihatunk egy forr\u00f3 k\u00e1v\u00e9t vagy \u00e9ppen egy h\u0171s\u00edt\u0151 italt a k\u00fclt\u00e9ri asztalok mellett.<\/p>\n<p>Innen csak n\u00e9h\u00e1ny l\u00e9p\u00e9s a F\u0151utca, azaz a Kossuth Lajos utca, mely a v\u00e1ros kellemes hangulatos s\u00e9t\u00e1l\u00f3utc\u00e1ja. Nem messze innen tal\u00e1lhat\u00f3 a hagyom\u00e1nyos kisv\u00e1rosi piac \u00e9s v\u00e1s\u00e1rcsarnok, ahol \u0151stermel\u0151k \u00e1rus\u00edtj\u00e1k garant\u00e1ltan megb\u00edzhat\u00f3 term\u00e9keiket.<\/p>\n<p>\u00c9rdemes m\u00e9g \u00e1tballagni a R\u00e1k\u00f3czi \u00fatra, illetve Th\u00e9k Endre utc\u00e1ra, itt tal\u00e1lhat\u00f3 a v\u00e1rosi k\u00e9pt\u00e1r remek \u00e1lland\u00f3 \u00e9s id\u0151szaki ki\u00e1ll\u00edt\u00e1saival. Megtekinthet\u0151 a v\u00e1ros egyetlen m\u0171eml\u00e9k \u00e9p\u00fclete, az evang\u00e9likus templom.<\/p>\n<p>A v\u00e1rosk\u00f6zpontban minden rendelkez\u00e9sre \u00e1ll az esetleges \u00fcgyes-bajos dolgok elint\u00e9z\u00e9s\u00e9hez: bev\u00e1s\u00e1rl\u00e1s, shopping, bankok, biztos\u00edt\u00f3k, fodr\u00e1sz, kozmetikus.<\/p>\n<p>[\/et_pb_text][\/et_pb_column][\/et_pb_row][\/et_pb_section]<\/p>\n","protected":false},"excerpt":{"rendered":"<p>Dott\u00f3 kisvonat Az Orosh\u00e1za belv\u00e1rosa \u00e9s Gyop\u00e1rosf\u00fcrd\u0151 k\u00f6z\u00f6tti mintegy 4 km-es t\u00e1vols\u00e1got a menetrend szerinti buszj\u00e1ratok mellett Dotto-vonattal is megteheti. A jegy\u00e1r egy f\u0151re 350 Ft, orosh\u00e1zi lakc\u00edmk\u00e1rtya felmutat\u00e1s\u00e1val 250 Ft. A kisvonat menetideje 30 perc. Az \u00e1llom\u00e1sok: Orosh\u00e1za f\u0151t\u00e9r \u2013 Gyop\u00e1rosf\u00fcrd\u0151Orosh\u00e1za f\u0151t\u00e9r (indul\u00e1s) \u2013 T\u00e1ncsics utca (5 perc) \u2013 \u00c1rp\u00e1d kert (10 perc) \u2013 [&hellip;]<\/p>\n","protected":false},"author":1,"featured_media":0,"parent":0,"menu_order":0,"comment_status":"closed","ping_status":"closed","template":"","meta":{"_et_pb_use_builder":"on","_et_pb_old_content":"","_et_gb_content_width":"","footnotes":""},"class_list":["post-4519","page","type-page","status-publish","hentry"],"_links":{"self":[{"href":"https:\/\/vargawebstudio.hu\/wpuj\/wp-json\/wp\/v2\/pages\/4519","targetHints":{"allow":["GET"]}}],"collection":[{"href":"https:\/\/vargawebstudio.hu\/wpuj\/wp-json\/wp\/v2\/pages"}],"about":[{"href":"https:\/\/vargawebstudio.hu\/wpuj\/wp-json\/wp\/v2\/types\/page"}],"author":[{"embeddable":true,"href":"https:\/\/vargawebstudio.hu\/wpuj\/wp-json\/wp\/v2\/users\/1"}],"replies":[{"embeddable":true,"href":"https:\/\/vargawebstudio.hu\/wpuj\/wp-json\/wp\/v2\/comments?post=4519"}],"version-history":[{"count":6,"href":"https:\/\/vargawebstudio.hu\/wpuj\/wp-json\/wp\/v2\/pages\/4519\/revisions"}],"predecessor-version":[{"id":4536,"href":"https:\/\/vargawebstudio.hu\/wpuj\/wp-json\/wp\/v2\/pages\/4519\/revisions\/4536"}],"wp:attachment":[{"href":"https:\/\/vargawebstudio.hu\/wpuj\/wp-json\/wp\/v2\/media?parent=4519"}],"curies":[{"name":"wp","href":"https:\/\/api.w.org\/{rel}","templated":true}]}}