{"id":4551,"date":"2026-03-29T16:01:03","date_gmt":"2026-03-29T14:01:03","guid":{"rendered":"https:\/\/vargawebstudio.hu\/wpuj\/?page_id=4551"},"modified":"2026-03-29T16:01:06","modified_gmt":"2026-03-29T14:01:06","slug":"kirandulastippek-oroshazarol","status":"publish","type":"page","link":"https:\/\/vargawebstudio.hu\/wpuj\/kirandulastippek-oroshazarol\/","title":{"rendered":"Kir\u00e1ndul\u00e1stippek Orosh\u00e1z\u00e1r\u00f3l"},"content":{"rendered":"<p>[et_pb_section fb_built=&#8221;1&#8243; _builder_version=&#8221;4.27.6&#8243; _module_preset=&#8221;default&#8221; global_colors_info=&#8221;{}&#8221; theme_builder_area=&#8221;post_content&#8221;][et_pb_row _builder_version=&#8221;4.27.6&#8243; _module_preset=&#8221;default&#8221; global_colors_info=&#8221;{}&#8221; theme_builder_area=&#8221;post_content&#8221;][et_pb_column type=&#8221;4_4&#8243; _builder_version=&#8221;4.27.6&#8243; _module_preset=&#8221;default&#8221; global_colors_info=&#8221;{}&#8221; theme_builder_area=&#8221;post_content&#8221;][et_pb_heading title=&#8221; Kir\u00e1ndul\u00e1stippek Orosh\u00e1z\u00e1r\u00f3l &#8221; _builder_version=&#8221;4.27.6&#8243; _module_preset=&#8221;default&#8221; hover_enabled=&#8221;0&#8243; global_colors_info=&#8221;{}&#8221; theme_builder_area=&#8221;post_content&#8221; sticky_enabled=&#8221;0&#8243;][\/et_pb_heading][\/et_pb_column][\/et_pb_row][et_pb_row column_structure=&#8221;2_5,3_5&#8243; _builder_version=&#8221;4.27.6&#8243; _module_preset=&#8221;default&#8221; global_colors_info=&#8221;{}&#8221; theme_builder_area=&#8221;post_content&#8221;][et_pb_column type=&#8221;2_5&#8243; _builder_version=&#8221;4.27.6&#8243; _module_preset=&#8221;default&#8221; global_colors_info=&#8221;{}&#8221; theme_builder_area=&#8221;post_content&#8221;][et_pb_image src=&#8221;https:\/\/vargawebstudio.hu\/wpuj\/wp-content\/uploads\/2026\/03\/hodmezovasarhely_szent_istvan_ter.jpg&#8221; title_text=&#8221;hodmezovasarhely_szent_istvan_ter&#8221; _builder_version=&#8221;4.27.6&#8243; _module_preset=&#8221;default&#8221; hover_enabled=&#8221;0&#8243; border_radii=&#8221;off|30px||30px|&#8221; global_colors_info=&#8221;{}&#8221; theme_builder_area=&#8221;post_content&#8221; sticky_enabled=&#8221;0&#8243;][\/et_pb_image][\/et_pb_column][et_pb_column type=&#8221;3_5&#8243; _builder_version=&#8221;4.27.6&#8243; _module_preset=&#8221;default&#8221; global_colors_info=&#8221;{}&#8221; theme_builder_area=&#8221;post_content&#8221;][et_pb_text _builder_version=&#8221;4.27.6&#8243; _module_preset=&#8221;default&#8221; text_font=&#8221;ABeeZee||||||||&#8221; text_font_size=&#8221;16px&#8221; text_letter_spacing=&#8221;1px&#8221; hover_enabled=&#8221;0&#8243; global_colors_info=&#8221;{}&#8221; theme_builder_area=&#8221;post_content&#8221; sticky_enabled=&#8221;0&#8243;]<\/p>\n<div>\n<h2>H\u00f3dmez\u0151v\u00e1s\u00e1rhely<\/h2>\n<p>A 47-es sz\u00e1m\u00fa f\u0151\u00fat ment\u00e9n Orosh\u00e1z\u00e1t\u00f3l alig f\u00e9l\u00f3r\u00e1nyi aut\u00f3\u00fatra, m\u00e1r Csongr\u00e1d megy\u00e9ben tal\u00e1lhat\u00f3 haz\u00e1nk legnagyobb ter\u00fclet\u0171 vid\u00e9ki v\u00e1rosa.<\/p>\n<p>H\u00f3dmez\u0151v\u00e1s\u00e1rhelyHa Orosh\u00e1z\u00e1r\u00f3l Szegedre tartunk, akkor utunk H\u00f3dmez\u0151v\u00e1s\u00e1rhelyen \u00e1t vezet. H\u00f3dmez\u0151v\u00e1r\u00e1shely klasszikus, nagy m\u00falt\u00fa mez\u0151v\u00e1ros, mely t\u00f6rt\u00e9nelmi \u00e9s kultur\u00e1lis \u00e9rt\u00e9keivel, gazdas\u00e1gi \u00e9s kereskedelmi potenci\u00e1lj\u00e1val a t\u00e9rs\u00e9g meghat\u00e1roz\u00f3 jelent\u0151s\u00e9g\u0171 telep\u00fcl\u00e9se. A v\u00e1rosba \u00e9rkez\u0151 turist\u00e1t azonban val\u00f3sz\u00edn\u0171leg ut\u00f3bbiak \u00e9rdeklik a legkev\u00e9sb\u00e9, sokkal ink\u00e1bb vonzza \u0151ket a megannyi l\u00e1tnival\u00f3, amit H\u00f3dmez\u0151v\u00e1s\u00e1rhely k\u00edn\u00e1l a l\u00e1togat\u00f3knak. Patin\u00e1s \u00e9p\u00fcleteire, egyebek mellett az egykor nagysz\u00e1m\u00fa, majd koncentr\u00e1ci\u00f3s t\u00e1borokba deport\u00e1lt d\u00e9l-alf\u00f6ldi zsid\u00f3s\u00e1gnak \u00f6r\u00f6k mement\u00f3ul szolg\u00e1l\u00f3, m\u00f3r st\u00edlusjegyeket mag\u00e1n visel\u0151 zsinag\u00f3g\u00e1ra, az Ybl Mikl\u00f3s tervezte v\u00e1rosh\u00e1z\u00e1ra vagy a K\u00e1rolyi-h\u00e1zra mindenk\u00e9ppen \u00e9rdemes id\u0151t \u00e1ldozni.<\/p>\n<p>Az agr\u00e1rm\u00fazeum a v\u00e1ros nagy h\u00edr\u0171 mez\u0151gazdas\u00e1g\u00e1ban invit\u00e1l id\u0151utaz\u00e1sra, m\u00edg az Eml\u00e9kpont az elm\u00falt f\u00e9l \u00e9vsz\u00e1zad, a szovjet elnyom\u00e1s, a szocializmus \u00e9vtizedeibe kalauzolja interakt\u00edv eszk\u00f6z\u00f6kkel a l\u00e1togat\u00f3t. A v\u00e1s\u00e1rhelyi kir\u00e1ndul\u00e1s gasztron\u00f3miai \u00e9lm\u00e9nynek sem utols\u00f3, hiszen a v\u00e1rosban sz\u00e1mos, nagy h\u00edr\u0171 \u00e9tterem v\u00e1rja a finom fog\u00e1sokra, igazi, d\u00e9l-alf\u00f6ldi \u00e9telekre \u00e9hes utaz\u00f3t.<\/p>\n<\/div>\n<p>[\/et_pb_text][\/et_pb_column][\/et_pb_row][et_pb_row column_structure=&#8221;2_5,3_5&#8243; _builder_version=&#8221;4.27.6&#8243; _module_preset=&#8221;default&#8221; global_colors_info=&#8221;{}&#8221; theme_builder_area=&#8221;post_content&#8221;][et_pb_column type=&#8221;2_5&#8243; _builder_version=&#8221;4.27.6&#8243; _module_preset=&#8221;default&#8221; global_colors_info=&#8221;{}&#8221; theme_builder_area=&#8221;post_content&#8221;][et_pb_image src=&#8221;https:\/\/vargawebstudio.hu\/wpuj\/wp-content\/uploads\/2026\/03\/gyula1.jpg&#8221; title_text=&#8221;gyula1&#8243; _builder_version=&#8221;4.27.6&#8243; _module_preset=&#8221;default&#8221; hover_enabled=&#8221;0&#8243; border_radii=&#8221;off|30px||30px|&#8221; global_colors_info=&#8221;{}&#8221; theme_builder_area=&#8221;post_content&#8221; sticky_enabled=&#8221;0&#8243;][\/et_pb_image][\/et_pb_column][et_pb_column type=&#8221;3_5&#8243; _builder_version=&#8221;4.27.6&#8243; _module_preset=&#8221;default&#8221; global_colors_info=&#8221;{}&#8221; theme_builder_area=&#8221;post_content&#8221;][et_pb_text _builder_version=&#8221;4.27.6&#8243; _module_preset=&#8221;default&#8221; text_font=&#8221;ABeeZee||||||||&#8221; text_font_size=&#8221;16px&#8221; text_letter_spacing=&#8221;1px&#8221; global_colors_info=&#8221;{}&#8221; theme_builder_area=&#8221;post_content&#8221;]<\/p>\n<h2>B\u00e9k\u00e9scsaba<\/h2>\n<p>A b\u00e9k\u00e9si megyesz\u00e9khely Orosh\u00e1z\u00e1t\u00f3l a 47-es sz\u00e1m\u00fa f\u0151\u00faton haladva b\u0151 f\u00e9l \u00f3ra alatt \u00e9rhet\u0151 el.<\/p>\n<p>B\u00e9k\u00e9scsab\u00e1ra menetrend szerinti aut\u00f3buszok \u00e9s vonatok is gyakran, legal\u00e1bb \u00f3r\u00e1nk\u00e9nt egyszer k\u00f6zlekednek. A 64 ezres v\u00e1ros a megye ipari, kereskedelmi \u00e9s k\u00f6z\u00e9leti csom\u00f3pontja, igaz, bizonyos megyei int\u00e9zm\u00e9nyek nem itt, hanem m\u00e1ig a kor\u00e1bbi megyesz\u00e9khelyen, Gyul\u00e1n m\u0171k\u00f6dnek.<\/p>\n<p>B\u00e9k\u00e9scsaba nagyv\u00e1ros l\u00e9v\u00e9n programok, fesztiv\u00e1lok sor\u00e1val v\u00e1rja a l\u00e1togat\u00f3kat az \u00e9v szinte minden h\u00f3napj\u00e1ban, ezek k\u00f6z\u00fcl a legkiemelked\u0151bb \u00e9s legismertebb az \u00e9vtizedes m\u00faltra visszatekint\u0151 Csabai Kolb\u00e1szfesztiv\u00e1l. A gasztron\u00f3mia egy\u00e9bk\u00e9nt is fontos szerepet j\u00e1tszik B\u00e9k\u00e9scsaba turisztikai vonzerej\u00e9ben: a h\u00edres csabai kolb\u00e1szon, a hagyom\u00e1ny\u0151rz\u0151 diszn\u00f3torokon t\u00fal j\u00f3 n\u00e9h\u00e1ny, vend\u00e9gl\u00e1t\u00f3-ipari berkekben magasan jegyzett \u00e9tterem is v\u00e1rja a vend\u00e9geket. S hogy az \u00edzletes fog\u00e1sok, finom italok ut\u00e1n kultur\u00e1lis \u00e9tv\u00e1gyunkat is csillap\u00edthassuk, kedv\u00fcnkre v\u00e1laszthatunk a J\u00f3kai sz\u00ednh\u00e1z n\u00edv\u00f3s k\u00edn\u00e1lat\u00e1b\u00f3l, vagy a v\u00e1ros h\u00edres sz\u00fcl\u00f6ttje, Munk\u00e1csy Mih\u00e1ly nyom\u00e1ba eredhet\u00fcnk.<\/p>\n<p>B\u00e9k\u00e9scsab\u00e1n a v\u00e1s\u00e1rl\u00e1s szerelmesei is meglelhetik sz\u00e1m\u00edt\u00e1saikat, a v\u00e1rosk\u00f6zpontban tal\u00e1lhat\u00f3 Csaba Center mellett sz\u00e1mos kisebb-nagyobb butik, \u00e9kszer-, \u00f3ra- \u00e9s ruh\u00e1zati \u00fczlet is felkereshet\u0151 alig n\u00e9h\u00e1nysz\u00e1z m\u00e9teres, belv\u00e1rosi s\u00e9ta sor\u00e1n.<\/p>\n<p>[\/et_pb_text][\/et_pb_column][\/et_pb_row][et_pb_row column_structure=&#8221;2_5,3_5&#8243; _builder_version=&#8221;4.27.6&#8243; _module_preset=&#8221;default&#8221; global_colors_info=&#8221;{}&#8221; theme_builder_area=&#8221;post_content&#8221;][et_pb_column type=&#8221;2_5&#8243; _builder_version=&#8221;4.27.6&#8243; _module_preset=&#8221;default&#8221; global_colors_info=&#8221;{}&#8221; theme_builder_area=&#8221;post_content&#8221;][et_pb_image src=&#8221;https:\/\/vargawebstudio.hu\/wpuj\/wp-content\/uploads\/2026\/03\/csonak_3.jpg&#8221; title_text=&#8221;csonak_3&#8243; _builder_version=&#8221;4.27.6&#8243; _module_preset=&#8221;default&#8221; border_radii=&#8221;off|30px||30px|&#8221; global_colors_info=&#8221;{}&#8221; theme_builder_area=&#8221;post_content&#8221;][\/et_pb_image][\/et_pb_column][et_pb_column type=&#8221;3_5&#8243; _builder_version=&#8221;4.27.6&#8243; _module_preset=&#8221;default&#8221; global_colors_info=&#8221;{}&#8221; theme_builder_area=&#8221;post_content&#8221;][et_pb_text _builder_version=&#8221;4.27.6&#8243; _module_preset=&#8221;default&#8221; text_font=&#8221;ABeeZee||||||||&#8221; text_font_size=&#8221;16px&#8221; text_letter_spacing=&#8221;1px&#8221; global_colors_info=&#8221;{}&#8221; theme_builder_area=&#8221;post_content&#8221;]<\/p>\n<h2>Gyula<\/h2>\n<p>A t\u00f6rt\u00e9nelmi f\u00fcrd\u0151v\u00e1rosk\u00e9nt emlegetett Gyula k\u00f6zvetlen\u00fcl a magyar-rom\u00e1n hat\u00e1r mellett, Orosh\u00e1z\u00e1t\u00f3l nagyj\u00e1b\u00f3l 60 kilom\u00e9terre fekszik, s v\u00e9gig f\u0151\u00faton (el\u0151bb B\u00e9k\u00e9scsab\u00e1ig a 47-esen, majd onnan a 44-esen) megk\u00f6zel\u00edthet\u0151.<\/p>\n<p>Vas\u00faton \u00e9s aut\u00f3busszal szint\u00e9n B\u00e9k\u00e9scsab\u00e1t \u00e9rintve, menetrend szerinti j\u00e1ratokkal juthatunk el a 32 ezres v\u00e1rosba, majd vissza Orosh\u00e1z\u00e1ra.<\/p>\n<p>Gyulai v\u00e1rA f\u00fcrd\u0151v\u00e1ros legf\u0151bb nevezetess\u00e9gei \u2014 persze a Gyulai V\u00e1rf\u00fcrd\u0151 mellett \u2014 K\u00f6z\u00e9p-Eur\u00f3pa egyetlen \u00e9pen maradt t\u00e9glav\u00e1ra, a l\u00e1togat\u00f3k sz\u00e1m\u00e1ra megnyitott gyulai v\u00e1r, a polg\u00e1ri st\u00edlusjegyeket mag\u00e1n visel\u0151, n\u00e9h\u00e1ny \u00e9ve gy\u00f6ny\u00f6r\u0171en fel\u00faj\u00edtott belv\u00e1ros, valamint a sz\u00e1mtalan sz\u00f6k\u0151k\u00fat jelenti, melyeket a vend\u00e9g egy-egy belv\u00e1rosi s\u00e9t\u00e1ja sor\u00e1n szinte kiv\u00e9tel n\u00e9lk\u00fcl \u00e9rinthet. Gyula Erkel Ferenc, a Himnusz \u00e9s nemzeti oper\u00e1nk, a B\u00e1nk b\u00e1n zeneszerz\u0151j\u00e9nek sz\u00fcl\u0151v\u00e1rosa, eml\u00e9k\u00e9t a vil\u00e1gh\u00edr\u0171 Sz\u00e1z\u00e9ves Cukr\u00e1szda szomsz\u00e9ds\u00e1g\u00e1ban \u00e1ll\u00f3 szobr\u00e1n t\u00fal interakt\u00edv m\u00fazeumk\u00e9nt m\u0171k\u00f6d\u0151 egykori sz\u00fcl\u0151h\u00e1za is \u0151rzi.<\/p>\n<p>A Gyulai V\u00e1rsz\u00ednh\u00e1z el\u0151ad\u00e1sai, rendezv\u00e9nyei k\u00f6zel \u00f6tven esztendeje k\u00edn\u00e1lj\u00e1k az \u00f6nfeledt kikapcsol\u00f3d\u00e1s lehet\u0151s\u00e9g\u00e9t a kult\u00far\u00e1ra, a sz\u00ednh\u00e1zi \u00e9s zenei \u00e9let hazai \u00e9s nemzetk\u00f6zi kiv\u00e1l\u00f3s\u00e1gainak produkci\u00f3ira \u201e\u00e9hes\u201d vend\u00e9geknek. Nyaranta a v\u00e1rban \u00e9s a v\u00e1rtavon fel\u00e1ll\u00edtott sz\u00ednpadon, t\u00e9len pedig a kamarateremben v\u00e1rj\u00e1k a k\u00f6z\u00f6ns\u00e9get. Gyula a fesztiv\u00e1lok v\u00e1rosa: a gasztron\u00f3mia, \u00edgy a sonka, a kolb\u00e1sz \u00e9s a p\u00e1linka mellett a t\u00f6rt\u00e9nelmi m\u00falt is szerepel az \u00e9ves tematik\u00e1ban.<\/p>\n<p>S ha m\u00e1r gasztron\u00f3mia: a m\u00e9lt\u00e1n h\u00edres Gyulai Kolb\u00e1szt els\u0151k\u00e9nt k\u00e9sz\u00edt\u0151 helyi hentesmestereknek, egy\u00e1ltal\u00e1n a diszn\u00f3toros kult\u00far\u00e1nak, s az abb\u00f3l kifejl\u0151d\u00f6tt nagyszer\u0171, ma is \u00e9l\u0151 h\u00fasiparnak \u00e1ll\u00edt eml\u00e9ket a Gyulai H\u00faskombin\u00e1t szomsz\u00e9ds\u00e1g\u00e1ban tal\u00e1lhat\u00f3 H\u00fasipari M\u00fazeum. A legjobb szuven\u00edr pedig mi is lehetne m\u00e1s a v\u00e1rosb\u00f3l, mint egy p\u00e1r eredeti, gyulai f\u00fcst\u00f6lt kolb\u00e1sz. d\u00e9l-alf\u00f6ldi \u00e9telekre \u00e9hes utaz\u00f3t.<\/p>\n<p>&nbsp;<\/p>\n<p>[\/et_pb_text][\/et_pb_column][\/et_pb_row][et_pb_row column_structure=&#8221;2_5,3_5&#8243; _builder_version=&#8221;4.27.6&#8243; _module_preset=&#8221;default&#8221; global_colors_info=&#8221;{}&#8221; theme_builder_area=&#8221;post_content&#8221;][et_pb_column type=&#8221;2_5&#8243; _builder_version=&#8221;4.27.6&#8243; _module_preset=&#8221;default&#8221; global_colors_info=&#8221;{}&#8221; theme_builder_area=&#8221;post_content&#8221;][et_pb_image src=&#8221;https:\/\/vargawebstudio.hu\/wpuj\/wp-content\/uploads\/2026\/03\/totkomlos_4.jpg&#8221; title_text=&#8221;totkomlos_4&#8243; _builder_version=&#8221;4.27.6&#8243; _module_preset=&#8221;default&#8221; hover_enabled=&#8221;0&#8243; border_radii=&#8221;off|30px||30px|&#8221; global_colors_info=&#8221;{}&#8221; theme_builder_area=&#8221;post_content&#8221; sticky_enabled=&#8221;0&#8243;][\/et_pb_image][\/et_pb_column][et_pb_column type=&#8221;3_5&#8243; _builder_version=&#8221;4.27.6&#8243; _module_preset=&#8221;default&#8221; global_colors_info=&#8221;{}&#8221; theme_builder_area=&#8221;post_content&#8221;][et_pb_text _builder_version=&#8221;4.27.6&#8243; _module_preset=&#8221;default&#8221; text_font=&#8221;ABeeZee||||||||&#8221; text_font_size=&#8221;16px&#8221; text_letter_spacing=&#8221;1px&#8221; global_colors_info=&#8221;{}&#8221; theme_builder_area=&#8221;post_content&#8221;]<\/p>\n<h2>T\u00f3tkoml\u00f3s<\/h2>\n<p>T\u00f3tkoml\u00f3s Orosh\u00e1z\u00e1t\u00f3l mintegy 15 kilom\u00e9terre, d\u00e9lre tal\u00e1lhat\u00f3, s k\u00f6nny\u0171 megk\u00f6zel\u00edthet\u0151s\u00e9ge miatt ak\u00e1r ker\u00e9kp\u00e1rral is elindulhat oda a t\u00far\u00e1zni v\u00e1gy\u00f3 vend\u00e9g.<\/p>\n<p>A hatezer lakos\u00fa v\u00e1ros a B\u00e9k\u00e9s megyei szlov\u00e1ks\u00e1g egyik b\u00e1sty\u00e1ja, mely m\u00e1ig h\u0171en \u0151rzi, \u00e1polja \u00e9s b\u00fcszk\u00e9n a l\u00e1togat\u00f3k el\u00e9 t\u00e1rja nemzetis\u00e9gi hagyom\u00e1nyait. A t\u00f3tkoml\u00f3si R\u00f3zsa F\u00fcrd\u0151 mellett a Szlov\u00e1k T\u00e1jh\u00e1z \u00e9s az egykori alf\u00f6ldi tanyavil\u00e1g h\u00e9tk\u00f6znapjaiba betekint\u00e9st enged\u0151 tanyam\u00fazeum vonzz\u00e1k a v\u00e1rosba a turist\u00e1kat.<\/p>\n<p>T\u00f3tkoml\u00f3s nagyj\u00e1b\u00f3l f\u00e9l\u00faton fekszik Orosh\u00e1za \u00e9s Mez\u0151hegyes k\u00f6z\u00f6tt, ha hosszabb kir\u00e1ndul\u00e1st tervez\u00fcnk, ak\u00e1r pihen\u0151helyk\u00e9nt is sz\u00e1molhatunk a hamis\u00edtatlan, alf\u00f6ldi hangulat\u00fa kisv\u00e1rossal, mely vas\u00faton \u00e9s menetrend szerinti aut\u00f3busszal is egyszer\u0171en \u00e9s gyorsan el\u00e9rhet\u0151.<\/p>\n<p>T\u00f3tkoml\u00f3s Orosh\u00e1z\u00e1t\u00f3l mintegy 15 kilom\u00e9terre, d\u00e9lre tal\u00e1lhat\u00f3, s k\u00f6nny\u0171 megk\u00f6zel\u00edthet\u0151s\u00e9ge miatt ak\u00e1r ker\u00e9kp\u00e1rral is elindulhat oda a t\u00far\u00e1zni v\u00e1gy\u00f3 vend\u00e9g. A hatezer lakos\u00fa v\u00e1ros a B\u00e9k\u00e9s megyei szlov\u00e1ks\u00e1g egyik b\u00e1sty\u00e1ja, mely m\u00e1ig h\u0171en \u0151rzi, \u00e1polja \u00e9s b\u00fcszk\u00e9n a l\u00e1togat\u00f3k el\u00e9 t\u00e1rja nemzetis\u00e9gi hagyom\u00e1nyait. A t\u00f3tkoml\u00f3si R\u00f3zsa F\u00fcrd\u0151 mellett a Szlov\u00e1k T\u00e1jh\u00e1z \u00e9s az egykori alf\u00f6ldi tanyavil\u00e1g h\u00e9tk\u00f6znapjaiba betekint\u00e9st enged\u0151 tanyam\u00fazeum vonzz\u00e1k a v\u00e1rosba a turist\u00e1kat.<\/p>\n<p>T\u00f3tkoml\u00f3s nagyj\u00e1b\u00f3l f\u00e9l\u00faton fekszik Orosh\u00e1za \u00e9s Mez\u0151hegyes k\u00f6z\u00f6tt, ha hosszabb kir\u00e1ndul\u00e1st tervez\u00fcnk, ak\u00e1r pihen\u0151helyk\u00e9nt is sz\u00e1molhatunk a hamis\u00edtatlan, alf\u00f6ldi hangulat\u00fa kisv\u00e1rossal, mely vas\u00faton \u00e9s menetrend szerinti aut\u00f3busszal is egyszer\u0171en \u00e9s gyorsan el\u00e9rhet\u0151.<\/p>\n<p>[\/et_pb_text][\/et_pb_column][\/et_pb_row][\/et_pb_section]<\/p>\n","protected":false},"excerpt":{"rendered":"<p>H\u00f3dmez\u0151v\u00e1s\u00e1rhely A 47-es sz\u00e1m\u00fa f\u0151\u00fat ment\u00e9n Orosh\u00e1z\u00e1t\u00f3l alig f\u00e9l\u00f3r\u00e1nyi aut\u00f3\u00fatra, m\u00e1r Csongr\u00e1d megy\u00e9ben tal\u00e1lhat\u00f3 haz\u00e1nk legnagyobb ter\u00fclet\u0171 vid\u00e9ki v\u00e1rosa. H\u00f3dmez\u0151v\u00e1s\u00e1rhelyHa Orosh\u00e1z\u00e1r\u00f3l Szegedre tartunk, akkor utunk H\u00f3dmez\u0151v\u00e1s\u00e1rhelyen \u00e1t vezet. H\u00f3dmez\u0151v\u00e1r\u00e1shely klasszikus, nagy m\u00falt\u00fa mez\u0151v\u00e1ros, mely t\u00f6rt\u00e9nelmi \u00e9s kultur\u00e1lis \u00e9rt\u00e9keivel, gazdas\u00e1gi \u00e9s kereskedelmi potenci\u00e1lj\u00e1val a t\u00e9rs\u00e9g meghat\u00e1roz\u00f3 jelent\u0151s\u00e9g\u0171 telep\u00fcl\u00e9se. A v\u00e1rosba \u00e9rkez\u0151 turist\u00e1t azonban val\u00f3sz\u00edn\u0171leg ut\u00f3bbiak \u00e9rdeklik [&hellip;]<\/p>\n","protected":false},"author":1,"featured_media":0,"parent":0,"menu_order":0,"comment_status":"closed","ping_status":"closed","template":"","meta":{"_et_pb_use_builder":"on","_et_pb_old_content":"","_et_gb_content_width":"","footnotes":""},"class_list":["post-4551","page","type-page","status-publish","hentry"],"_links":{"self":[{"href":"https:\/\/vargawebstudio.hu\/wpuj\/wp-json\/wp\/v2\/pages\/4551","targetHints":{"allow":["GET"]}}],"collection":[{"href":"https:\/\/vargawebstudio.hu\/wpuj\/wp-json\/wp\/v2\/pages"}],"about":[{"href":"https:\/\/vargawebstudio.hu\/wpuj\/wp-json\/wp\/v2\/types\/page"}],"author":[{"embeddable":true,"href":"https:\/\/vargawebstudio.hu\/wpuj\/wp-json\/wp\/v2\/users\/1"}],"replies":[{"embeddable":true,"href":"https:\/\/vargawebstudio.hu\/wpuj\/wp-json\/wp\/v2\/comments?post=4551"}],"version-history":[{"count":2,"href":"https:\/\/vargawebstudio.hu\/wpuj\/wp-json\/wp\/v2\/pages\/4551\/revisions"}],"predecessor-version":[{"id":4558,"href":"https:\/\/vargawebstudio.hu\/wpuj\/wp-json\/wp\/v2\/pages\/4551\/revisions\/4558"}],"wp:attachment":[{"href":"https:\/\/vargawebstudio.hu\/wpuj\/wp-json\/wp\/v2\/media?parent=4551"}],"curies":[{"name":"wp","href":"https:\/\/api.w.org\/{rel}","templated":true}]}}