{"id":4645,"date":"2026-03-29T20:28:26","date_gmt":"2026-03-29T18:28:26","guid":{"rendered":"https:\/\/vargawebstudio.hu\/wpuj\/?page_id=4645"},"modified":"2026-03-29T20:28:29","modified_gmt":"2026-03-29T18:28:29","slug":"napsugar-hotel-gyoparosfurdo-google-ertekelesei","status":"publish","type":"page","link":"https:\/\/vargawebstudio.hu\/wpuj\/napsugar-hotel-gyoparosfurdo-google-ertekelesei\/","title":{"rendered":"Napsug\u00e1r Hotel Gyop\u00e1rosf\u00fcrd\u0151 google \u00e9rt\u00e9kel\u00e9sei"},"content":{"rendered":"<p>[et_pb_section fb_built=&#8221;1&#8243; theme_builder_area=&#8221;post_content&#8221; _builder_version=&#8221;4.27.6&#8243; _module_preset=&#8221;default&#8221;][et_pb_row _builder_version=&#8221;4.27.6&#8243; _module_preset=&#8221;default&#8221; theme_builder_area=&#8221;post_content&#8221;][et_pb_column _builder_version=&#8221;4.27.6&#8243; _module_preset=&#8221;default&#8221; type=&#8221;4_4&#8243; theme_builder_area=&#8221;post_content&#8221;][et_pb_image _builder_version=&#8221;4.27.6&#8243; _module_preset=&#8221;default&#8221; theme_builder_area=&#8221;post_content&#8221; title_text=&#8221;google_reviews&#8221; src=&#8221;https:\/\/vargawebstudio.hu\/wpuj\/wp-content\/uploads\/2026\/03\/google_reviews.png&#8221; url=&#8221;https:\/\/www.google.com\/travel\/hotels\/entity\/CgoIjueJoc2PwKNDEAE\/reviews?g2lb=2502548%2C4258168%2C4260007%2C4270442%2C4274032%2C4291318%2C4305595%2C4306835%2C4308216%2C4317915%2C4322166%2C4326765%2C4328159%2C4329288%2C4330113%2C4341278%2C4347918%2C4354449%2C4270859%2C4284970%2C4291517%2C4307997%2C4356899&#038;hl=hu&#038;gl=hu&#038;un=1&#038;rp=EI7niaHNj8CjQxCO54mhzY_Ao0M4AkAASAE&#038;ictx=1&#038;sa=X&#038;utm_campaign=sharing&#038;utm_medium=link&#038;utm_source=htls&#038;ved=0CAAQ5JsGahcKEwig24z93cWTAxUAAAAAHQAAAAAQBA&#038;ts=CAEaSQorEicyJTB4NDc0NDNlM2UwN2E3YjUyOToweDQzNDcwMDdjZDQyMjczOGUaABIaEhQKBwjqDxAEGBoSBwjqDxAEGBsYATICEAAqBAoAGgA&#8221; url_new_window=&#8221;on&#8221; hover_enabled=&#8221;0&#8243; sticky_enabled=&#8221;0&#8243;][\/et_pb_image][\/et_pb_column][\/et_pb_row][\/et_pb_section]<\/p>\n","protected":false},"excerpt":{"rendered":"","protected":false},"author":1,"featured_media":0,"parent":0,"menu_order":0,"comment_status":"closed","ping_status":"closed","template":"","meta":{"_et_pb_use_builder":"on","_et_pb_old_content":"","_et_gb_content_width":"","footnotes":""},"class_list":["post-4645","page","type-page","status-publish","hentry"],"_links":{"self":[{"href":"https:\/\/vargawebstudio.hu\/wpuj\/wp-json\/wp\/v2\/pages\/4645","targetHints":{"allow":["GET"]}}],"collection":[{"href":"https:\/\/vargawebstudio.hu\/wpuj\/wp-json\/wp\/v2\/pages"}],"about":[{"href":"https:\/\/vargawebstudio.hu\/wpuj\/wp-json\/wp\/v2\/types\/page"}],"author":[{"embeddable":true,"href":"https:\/\/vargawebstudio.hu\/wpuj\/wp-json\/wp\/v2\/users\/1"}],"replies":[{"embeddable":true,"href":"https:\/\/vargawebstudio.hu\/wpuj\/wp-json\/wp\/v2\/comments?post=4645"}],"version-history":[{"count":3,"href":"https:\/\/vargawebstudio.hu\/wpuj\/wp-json\/wp\/v2\/pages\/4645\/revisions"}],"predecessor-version":[{"id":5283,"href":"https:\/\/vargawebstudio.hu\/wpuj\/wp-json\/wp\/v2\/pages\/4645\/revisions\/5283"}],"wp:attachment":[{"href":"https:\/\/vargawebstudio.hu\/wpuj\/wp-json\/wp\/v2\/media?parent=4645"}],"curies":[{"name":"wp","href":"https:\/\/api.w.org\/{rel}","templated":true}]}}