{"id":4931,"date":"2026-04-01T09:41:49","date_gmt":"2026-04-01T07:41:49","guid":{"rendered":"https:\/\/vargawebstudio.hu\/wpuj\/?page_id=4931"},"modified":"2026-04-01T09:43:50","modified_gmt":"2026-04-01T07:43:50","slug":"naszutas-lakosztaly","status":"publish","type":"page","link":"https:\/\/vargawebstudio.hu\/wpuj\/naszutas-lakosztaly\/","title":{"rendered":"N\u00e1szutas lakoszt\u00e1ly"},"content":{"rendered":"<p>[et_pb_section fb_built=&#8221;1&#8243; _builder_version=&#8221;4.24.3&#8243; _module_preset=&#8221;_initial&#8221; collapsed=&#8221;off&#8221; global_colors_info=&#8221;{}&#8221;][et_pb_row _builder_version=&#8221;4.24.3&#8243; _module_preset=&#8221;default&#8221; background_size=&#8221;initial&#8221; background_position=&#8221;top_left&#8221; background_repeat=&#8221;repeat&#8221; global_colors_info=&#8221;{}&#8221;][et_pb_column type=&#8221;4_4&#8243; _builder_version=&#8221;4.16&#8243; _module_preset=&#8221;default&#8221; custom_padding=&#8221;|||&#8221; global_colors_info=&#8221;{}&#8221; custom_padding__hover=&#8221;|||&#8221;][et_pb_text _builder_version=&#8221;4.27.6&#8243; _module_preset=&#8221;default&#8221; background_size=&#8221;initial&#8221; background_position=&#8221;top_left&#8221; background_repeat=&#8221;repeat&#8221; border_color_all=&#8221;#FFFFFF&#8221; global_colors_info=&#8221;{}&#8221;]<\/p>\n<h1 class=\"uk-article-title\"><strong>N\u00e1szutas lakoszt\u00e1ly<\/strong><\/h1>\n<p>[\/et_pb_text][\/et_pb_column][\/et_pb_row][et_pb_row _builder_version=&#8221;4.24.3&#8243; _module_preset=&#8221;default&#8221; background_size=&#8221;initial&#8221; background_position=&#8221;top_left&#8221; background_repeat=&#8221;repeat&#8221; global_colors_info=&#8221;{}&#8221;][et_pb_column type=&#8221;4_4&#8243; _builder_version=&#8221;4.16&#8243; _module_preset=&#8221;default&#8221; custom_padding=&#8221;|||&#8221; global_colors_info=&#8221;{}&#8221; custom_padding__hover=&#8221;|||&#8221;][et_pb_text _builder_version=&#8221;4.27.6&#8243; _module_preset=&#8221;default&#8221; animation_style=&#8221;bounce&#8221; global_colors_info=&#8221;{}&#8221;]<\/p>\n<p>Egyl\u00e9gteres, hangulatos szoba nagym\u00e9ret\u0171 hidromassz\u00e1zs k\u00e1ddal.<\/p>\n<p>[\/et_pb_text][et_pb_image src=&#8221;https:\/\/vargawebstudio.hu\/wpuj\/wp-content\/uploads\/2026\/03\/naszutasnagy.jpg&#8221; title_text=&#8221;naszutasnagy&#8221; _builder_version=&#8221;4.27.6&#8243; _module_preset=&#8221;default&#8221; global_colors_info=&#8221;{}&#8221;][\/et_pb_image][et_pb_text _builder_version=&#8221;4.27.6&#8243; _module_preset=&#8221;default&#8221; animation_style=&#8221;bounce&#8221; global_colors_info=&#8221;{}&#8221;]<\/p>\n<p><strong>Felszerelts\u00e9g:<\/strong><\/p>\n<ul>\n<li>L\u00e9gkondicion\u00e1l\u00f3<\/li>\n<li>Padl\u00f3sz\u0151nyeg<\/li>\n<li>F\u0171t\u00e9s<\/li>\n<li>Gardr\u00f3b\/szekr\u00e9ny<\/li>\n<li>F\u00fcrd\u0151szoba<\/li>\n<li>F\u00fcrd\u0151k\u00e1d<\/li>\n<li>WC<\/li>\n<li>K\u00e1bel csatorn\u00e1k<\/li>\n<li>S\u00edkk\u00e9perny\u0151s TV<\/li>\n<li>Minib\u00e1r h\u0171t\u0151<\/li>\n<li>Ingyen WIFI<\/li>\n<li>T\u00f6r\u00fclk\u00f6z\u0151\/\u00e1gynem\u0171 biztos\u00edtott<\/li>\n<li>Ingyenes parkol\u00f3<\/li>\n<li>Nem doh\u00e1nyz\u00f3 szoba<\/li>\n<li>Recepci\u00f3 \u00e9jjel-nappal<\/li>\n<li>B\u0151r\u00f6nd tart\u00f3<\/li>\n<\/ul>\n<p><strong>\u00c1gym\u00e9ret \/ \u00c1gyaz\u00e1si inform\u00e1ci\u00f3:<\/strong> 1 db francia\u00e1gy<\/p>\n<p><strong>P\u00f3t\u00e1gyaz\u00e1si lehet\u0151s\u00e9g:<\/strong> 1 db p\u00f3t\u00e1gy vagy gyerek\u00e1gy elhelyezhet\u0151 <\/p>\n<p><strong>Maximum kapacit\u00e1s:<\/strong> 2 ( +1)<\/p>\n<p><strong>Szoba m\u00e9rete:<\/strong>\u00a0 38 n\u00e9gyzetm\u00e9ter<\/p>\n<p><strong>Egy\u00e9b inform\u00e1ci\u00f3k:<\/strong><br \/>&#8211; A 4.-ik meleten tal\u00e1lhat\u00f3 ( a 3 emeletig lift \u00e1ll rendelkez\u00e9sre)<br \/>&#8211; nemdoh\u00e1nyz\u00f3 szob\u00e1k<\/p>\n<p>[\/et_pb_text][et_pb_divider color=&#8221;#D6D6D6&#8243; _builder_version=&#8221;4.24.3&#8243; _module_preset=&#8221;default&#8221; global_colors_info=&#8221;{}&#8221;][\/et_pb_divider][et_pb_button button_url=&#8221;https:\/\/vargawebstudio.hu\/wpuj\/ajanlatkeres\/&#8221; button_text=&#8221;K\u00e9rjen aj\u00e1nlatot most!&#8221; button_alignment=&#8221;center&#8221; _builder_version=&#8221;4.27.6&#8243; _module_preset=&#8221;default&#8221; custom_button=&#8221;on&#8221; button_text_size=&#8221;27px&#8221; button_text_color=&#8221;#FFFFFF&#8221; button_bg_color=&#8221;#f7a90e&#8221; button_border_width=&#8221;1px&#8221; button_border_color=&#8221;#6B6B6B&#8221; button_border_radius=&#8221;30px&#8221; button_icon=&#8221;&#x41;||divi||400&#8243; button_icon_color=&#8221;#FFFFFF&#8221; animation_style=&#8221;flip&#8221; global_colors_info=&#8221;{}&#8221;][\/et_pb_button][\/et_pb_column][\/et_pb_row][\/et_pb_section][et_pb_section fb_built=&#8221;1&#8243; _builder_version=&#8221;4.24.3&#8243; _module_preset=&#8221;_initial&#8221; global_colors_info=&#8221;{}&#8221;][et_pb_row _builder_version=&#8221;4.27.0&#8243; _module_preset=&#8221;default&#8221; global_colors_info=&#8221;{}&#8221;][et_pb_column type=&#8221;4_4&#8243; _builder_version=&#8221;4.24.3&#8243; _module_preset=&#8221;default&#8221; global_colors_info=&#8221;{}&#8221;][et_pb_gallery gallery_ids=&#8221;4937,4938,4939,4940,4941,4942,4943,4944&#8243; posts_number=&#8221;12&#8243; show_title_and_caption=&#8221;off&#8221; _builder_version=&#8221;4.27.6&#8243; _module_preset=&#8221;default&#8221; hover_enabled=&#8221;0&#8243; global_colors_info=&#8221;{}&#8221; sticky_enabled=&#8221;0&#8243;][\/et_pb_gallery][\/et_pb_column][\/et_pb_row][\/et_pb_section]<\/p>\n","protected":false},"excerpt":{"rendered":"<p>N\u00e1szutas lakoszt\u00e1lyEgyl\u00e9gteres, hangulatos szoba nagym\u00e9ret\u0171 hidromassz\u00e1zs k\u00e1ddal.Felszerelts\u00e9g: L\u00e9gkondicion\u00e1l\u00f3 Padl\u00f3sz\u0151nyeg F\u0171t\u00e9s Gardr\u00f3b\/szekr\u00e9ny F\u00fcrd\u0151szoba F\u00fcrd\u0151k\u00e1d WC K\u00e1bel csatorn\u00e1k S\u00edkk\u00e9perny\u0151s TV Minib\u00e1r h\u0171t\u0151 Ingyen WIFI T\u00f6r\u00fclk\u00f6z\u0151\/\u00e1gynem\u0171 biztos\u00edtott Ingyenes parkol\u00f3 Nem doh\u00e1nyz\u00f3 szoba Recepci\u00f3 \u00e9jjel-nappal B\u0151r\u00f6nd tart\u00f3 \u00c1gym\u00e9ret \/ \u00c1gyaz\u00e1si inform\u00e1ci\u00f3: 1 db francia\u00e1gy P\u00f3t\u00e1gyaz\u00e1si lehet\u0151s\u00e9g: 1 db p\u00f3t\u00e1gy vagy gyerek\u00e1gy elhelyezhet\u0151 Maximum kapacit\u00e1s: 2 ( +1) Szoba m\u00e9rete:\u00a0 [&hellip;]<\/p>\n","protected":false},"author":1,"featured_media":0,"parent":0,"menu_order":0,"comment_status":"closed","ping_status":"closed","template":"","meta":{"_et_pb_use_builder":"on","_et_pb_old_content":"","_et_gb_content_width":"","footnotes":""},"class_list":["post-4931","page","type-page","status-publish","hentry"],"_links":{"self":[{"href":"https:\/\/vargawebstudio.hu\/wpuj\/wp-json\/wp\/v2\/pages\/4931","targetHints":{"allow":["GET"]}}],"collection":[{"href":"https:\/\/vargawebstudio.hu\/wpuj\/wp-json\/wp\/v2\/pages"}],"about":[{"href":"https:\/\/vargawebstudio.hu\/wpuj\/wp-json\/wp\/v2\/types\/page"}],"author":[{"embeddable":true,"href":"https:\/\/vargawebstudio.hu\/wpuj\/wp-json\/wp\/v2\/users\/1"}],"replies":[{"embeddable":true,"href":"https:\/\/vargawebstudio.hu\/wpuj\/wp-json\/wp\/v2\/comments?post=4931"}],"version-history":[{"count":3,"href":"https:\/\/vargawebstudio.hu\/wpuj\/wp-json\/wp\/v2\/pages\/4931\/revisions"}],"predecessor-version":[{"id":4945,"href":"https:\/\/vargawebstudio.hu\/wpuj\/wp-json\/wp\/v2\/pages\/4931\/revisions\/4945"}],"wp:attachment":[{"href":"https:\/\/vargawebstudio.hu\/wpuj\/wp-json\/wp\/v2\/media?parent=4931"}],"curies":[{"name":"wp","href":"https:\/\/api.w.org\/{rel}","templated":true}]}}