{"id":5056,"date":"2026-04-06T21:06:03","date_gmt":"2026-04-06T19:06:03","guid":{"rendered":"https:\/\/vargawebstudio.hu\/wpuj\/?page_id=5056"},"modified":"2026-04-06T21:06:06","modified_gmt":"2026-04-06T19:06:06","slug":"dreibettzimmer-superior-doppelzimmer-mit-zustellbett","status":"publish","type":"page","link":"https:\/\/vargawebstudio.hu\/wpuj\/de\/dreibettzimmer-superior-doppelzimmer-mit-zustellbett\/","title":{"rendered":"Dreibettzimmer (Superior-Doppelzimmer mit Zustellbett)"},"content":{"rendered":"<p>[et_pb_section fb_built=&#8221;1&#8243; _builder_version=&#8221;4.24.3&#8243; _module_preset=&#8221;_initial&#8221; collapsed=&#8221;off&#8221; global_colors_info=&#8221;{}&#8221; theme_builder_area=&#8221;post_content&#8221;][et_pb_row _builder_version=&#8221;4.24.3&#8243; _module_preset=&#8221;default&#8221; background_size=&#8221;initial&#8221; background_position=&#8221;top_left&#8221; background_repeat=&#8221;repeat&#8221; global_colors_info=&#8221;{}&#8221; theme_builder_area=&#8221;post_content&#8221;][et_pb_column type=&#8221;4_4&#8243; _builder_version=&#8221;4.16&#8243; _module_preset=&#8221;default&#8221; custom_padding=&#8221;|||&#8221; global_colors_info=&#8221;{}&#8221; custom_padding__hover=&#8221;|||&#8221; theme_builder_area=&#8221;post_content&#8221;][et_pb_text _builder_version=&#8221;4.27.6&#8243; _module_preset=&#8221;default&#8221; background_size=&#8221;initial&#8221; background_position=&#8221;top_left&#8221; background_repeat=&#8221;repeat&#8221; hover_enabled=&#8221;0&#8243; border_color_all=&#8221;#FFFFFF&#8221; global_colors_info=&#8221;{}&#8221; theme_builder_area=&#8221;post_content&#8221; sticky_enabled=&#8221;0&#8243;]<\/p>\n<h1 class=\"uk-article-title\"><strong>Dreibettzimmer (Superior-Doppelzimmer mit Zustellbett)<\/strong><\/h1>\n<h1>\u00a0<\/h1>\n<p>[\/et_pb_text][\/et_pb_column][\/et_pb_row][et_pb_row _builder_version=&#8221;4.24.3&#8243; _module_preset=&#8221;default&#8221; background_size=&#8221;initial&#8221; background_position=&#8221;top_left&#8221; background_repeat=&#8221;repeat&#8221; global_colors_info=&#8221;{}&#8221; theme_builder_area=&#8221;post_content&#8221;][et_pb_column type=&#8221;4_4&#8243; _builder_version=&#8221;4.16&#8243; _module_preset=&#8221;default&#8221; custom_padding=&#8221;|||&#8221; global_colors_info=&#8221;{}&#8221; custom_padding__hover=&#8221;|||&#8221; theme_builder_area=&#8221;post_content&#8221;][et_pb_image src=&#8221;https:\/\/vargawebstudio.hu\/wpuj\/wp-content\/uploads\/2026\/03\/2agyasuperiornagy.jpg&#8221; title_text=&#8221;2agyasuperiornagy&#8221; _builder_version=&#8221;4.27.6&#8243; _module_preset=&#8221;default&#8221; global_colors_info=&#8221;{}&#8221; theme_builder_area=&#8221;post_content&#8221;][\/et_pb_image][et_pb_text _builder_version=&#8221;4.27.6&#8243; _module_preset=&#8221;default&#8221; animation_style=&#8221;bounce&#8221; hover_enabled=&#8221;0&#8243; global_colors_info=&#8221;{}&#8221; theme_builder_area=&#8221;post_content&#8221; sticky_enabled=&#8221;0&#8243;]<\/p>\n<p data-start=\"77\" data-end=\"210\"><strong data-start=\"77\" data-end=\"210\">Zimmer mit zwei R\u00e4umen, bestehend aus zwei miteinander verbundenen Schlafzimmern. Insgesamt sind 16 Zimmer dieses Typs verf\u00fcgbar.<\/strong><\/p>\n<p data-start=\"212\" data-end=\"228\"><strong data-start=\"212\" data-end=\"228\">Ausstattung:<\/strong><\/p>\n<ul data-start=\"230\" data-end=\"549\">\n<li data-section-id=\"1m2riyy\" data-start=\"230\" data-end=\"245\">Klimaanlage<\/li>\n<li data-section-id=\"xt8whl\" data-start=\"246\" data-end=\"262\">Teppichboden<\/li>\n<li data-section-id=\"m2jx3e\" data-start=\"263\" data-end=\"274\">Heizung<\/li>\n<li data-section-id=\"179ddz2\" data-start=\"275\" data-end=\"305\">Garderobe \/ Kleiderschrank<\/li>\n<li data-section-id=\"9qnu6w\" data-start=\"306\" data-end=\"328\">Eigenes Badezimmer<\/li>\n<li data-section-id=\"ksq7l0\" data-start=\"329\" data-end=\"339\">Dusche<\/li>\n<li data-section-id=\"1j4fxcs\" data-start=\"340\" data-end=\"346\">WC<\/li>\n<li data-section-id=\"1xxnyf4\" data-start=\"347\" data-end=\"362\">Kabelkan\u00e4le<\/li>\n<li data-section-id=\"gd6eh0\" data-start=\"363\" data-end=\"379\">Flachbild-TV<\/li>\n<li data-section-id=\"599zfe\" data-start=\"380\" data-end=\"391\">Minibar<\/li>\n<li data-section-id=\"16hhzle\" data-start=\"392\" data-end=\"412\">Kostenloses WLAN<\/li>\n<li data-section-id=\"7j3tth\" data-start=\"413\" data-end=\"452\">Handt\u00fccher und Bettw\u00e4sche inklusive<\/li>\n<li data-section-id=\"1acj92m\" data-start=\"453\" data-end=\"478\">Kostenlose Parkpl\u00e4tze<\/li>\n<li data-section-id=\"ad1lqm\" data-start=\"479\" data-end=\"501\">Nichtraucherzimmer<\/li>\n<li data-section-id=\"14zlubd\" data-start=\"502\" data-end=\"526\">24-Stunden-Rezeption<\/li>\n<li data-section-id=\"14vgsz7\" data-start=\"527\" data-end=\"549\">Gep\u00e4ckaufbewahrung<\/li>\n<\/ul>\n<p data-start=\"551\" data-end=\"589\"><strong data-start=\"551\" data-end=\"587\">Bettgr\u00f6\u00dfe \/ Betteninformationen:<\/strong><\/p>\n<ul data-start=\"590\" data-end=\"668\">\n<li data-section-id=\"rac7ay\" data-start=\"590\" data-end=\"668\">3 Einzelbetten (im Doppelzimmer k\u00f6nnen die Betten zusammengestellt werden)<\/li>\n<\/ul>\n<p data-start=\"670\" data-end=\"700\"><strong data-start=\"670\" data-end=\"698\">Zusatzbett \/ Kinderbett:<\/strong><\/p>\n<ul data-start=\"701\" data-end=\"771\">\n<li data-section-id=\"zh1lap\" data-start=\"701\" data-end=\"771\">Zustellbett nicht m\u00f6glich, 1 Kinderbett kann bereitgestellt werden<\/li>\n<\/ul>\n<p data-start=\"773\" data-end=\"808\"><strong data-start=\"773\" data-end=\"795\">Maximale Belegung:<\/strong> 3 Personen<\/p>\n<p data-start=\"810\" data-end=\"834\"><strong data-start=\"810\" data-end=\"826\">Zimmergr\u00f6\u00dfe:<\/strong> 22 m\u00b2<\/p>\n<p data-start=\"836\" data-end=\"864\"><strong data-start=\"836\" data-end=\"862\">Weitere Informationen:<\/strong><\/p>\n<ul data-start=\"865\" data-end=\"992\">\n<li data-section-id=\"6zqvh3\" data-start=\"865\" data-end=\"969\">Zimmer befindet sich auf einer mit dem Aufzug erreichbaren Etage (Aufzug bis zur 3. Etage vorhanden)<\/li>\n<li data-section-id=\"ad1lqm\" data-start=\"970\" data-end=\"992\">Nichtraucherzimmer<\/li>\n<\/ul>\n<p>[\/et_pb_text][et_pb_divider color=&#8221;#D6D6D6&#8243; _builder_version=&#8221;4.24.3&#8243; _module_preset=&#8221;default&#8221; global_colors_info=&#8221;{}&#8221; theme_builder_area=&#8221;post_content&#8221;][\/et_pb_divider][et_pb_button button_url=&#8221;https:\/\/vargawebstudio.hu\/wpuj\/ajanlatkeres\/&#8221; button_text=&#8221;Fordern Sie jetzt Ihr Angebot an!&#8221; button_alignment=&#8221;center&#8221; _builder_version=&#8221;4.27.6&#8243; _module_preset=&#8221;default&#8221; custom_button=&#8221;on&#8221; button_text_size=&#8221;27px&#8221; button_text_color=&#8221;#FFFFFF&#8221; button_bg_color=&#8221;#f7a90e&#8221; button_border_width=&#8221;1px&#8221; button_border_color=&#8221;#6B6B6B&#8221; button_border_radius=&#8221;30px&#8221; button_icon=&#8221;&#x41;||divi||400&#8243; button_icon_color=&#8221;#FFFFFF&#8221; animation_style=&#8221;flip&#8221; hover_enabled=&#8221;0&#8243; global_colors_info=&#8221;{}&#8221; theme_builder_area=&#8221;post_content&#8221; sticky_enabled=&#8221;0&#8243;][\/et_pb_button][\/et_pb_column][\/et_pb_row][\/et_pb_section][et_pb_section fb_built=&#8221;1&#8243; _builder_version=&#8221;4.24.3&#8243; _module_preset=&#8221;_initial&#8221; global_colors_info=&#8221;{}&#8221; theme_builder_area=&#8221;post_content&#8221;][et_pb_row _builder_version=&#8221;4.27.0&#8243; _module_preset=&#8221;default&#8221; global_colors_info=&#8221;{}&#8221; theme_builder_area=&#8221;post_content&#8221;][et_pb_column type=&#8221;4_4&#8243; _builder_version=&#8221;4.24.3&#8243; _module_preset=&#8221;default&#8221; global_colors_info=&#8221;{}&#8221; theme_builder_area=&#8221;post_content&#8221;][et_pb_gallery gallery_ids=&#8221;4778,4779,4780,4781,4782,4783,4784,4785,4786,4787,4788&#8243; show_title_and_caption=&#8221;off&#8221; _builder_version=&#8221;4.27.6&#8243; _module_preset=&#8221;default&#8221; global_colors_info=&#8221;{}&#8221; theme_builder_area=&#8221;post_content&#8221;][\/et_pb_gallery][\/et_pb_column][\/et_pb_row][\/et_pb_section]<\/p>\n","protected":false},"excerpt":{"rendered":"<p>Dreibettzimmer (Superior-Doppelzimmer mit Zustellbett) \u00a0Zimmer mit zwei R\u00e4umen, bestehend aus zwei miteinander verbundenen Schlafzimmern. Insgesamt sind 16 Zimmer dieses Typs verf\u00fcgbar. Ausstattung: Klimaanlage Teppichboden Heizung Garderobe \/ Kleiderschrank Eigenes Badezimmer Dusche WC Kabelkan\u00e4le Flachbild-TV Minibar Kostenloses WLAN Handt\u00fccher und Bettw\u00e4sche inklusive Kostenlose Parkpl\u00e4tze Nichtraucherzimmer 24-Stunden-Rezeption Gep\u00e4ckaufbewahrung Bettgr\u00f6\u00dfe \/ Betteninformationen: 3 Einzelbetten (im Doppelzimmer k\u00f6nnen die [&hellip;]<\/p>\n","protected":false},"author":1,"featured_media":0,"parent":0,"menu_order":0,"comment_status":"closed","ping_status":"closed","template":"","meta":{"_et_pb_use_builder":"on","_et_pb_old_content":"","_et_gb_content_width":"","footnotes":""},"class_list":["post-5056","page","type-page","status-publish","hentry"],"_links":{"self":[{"href":"https:\/\/vargawebstudio.hu\/wpuj\/wp-json\/wp\/v2\/pages\/5056","targetHints":{"allow":["GET"]}}],"collection":[{"href":"https:\/\/vargawebstudio.hu\/wpuj\/wp-json\/wp\/v2\/pages"}],"about":[{"href":"https:\/\/vargawebstudio.hu\/wpuj\/wp-json\/wp\/v2\/types\/page"}],"author":[{"embeddable":true,"href":"https:\/\/vargawebstudio.hu\/wpuj\/wp-json\/wp\/v2\/users\/1"}],"replies":[{"embeddable":true,"href":"https:\/\/vargawebstudio.hu\/wpuj\/wp-json\/wp\/v2\/comments?post=5056"}],"version-history":[{"count":2,"href":"https:\/\/vargawebstudio.hu\/wpuj\/wp-json\/wp\/v2\/pages\/5056\/revisions"}],"predecessor-version":[{"id":5059,"href":"https:\/\/vargawebstudio.hu\/wpuj\/wp-json\/wp\/v2\/pages\/5056\/revisions\/5059"}],"wp:attachment":[{"href":"https:\/\/vargawebstudio.hu\/wpuj\/wp-json\/wp\/v2\/media?parent=5056"}],"curies":[{"name":"wp","href":"https:\/\/api.w.org\/{rel}","templated":true}]}}