{"id":5087,"date":"2026-04-07T17:19:52","date_gmt":"2026-04-07T15:19:52","guid":{"rendered":"https:\/\/vargawebstudio.hu\/wpuj\/?page_id=5087"},"modified":"2026-04-07T17:19:54","modified_gmt":"2026-04-07T15:19:54","slug":"familienzimmer","status":"publish","type":"page","link":"https:\/\/vargawebstudio.hu\/wpuj\/de\/familienzimmer\/","title":{"rendered":"Familienzimmer"},"content":{"rendered":"<p>[et_pb_section fb_built=&#8221;1&#8243; _builder_version=&#8221;4.24.3&#8243; _module_preset=&#8221;_initial&#8221; collapsed=&#8221;off&#8221; global_colors_info=&#8221;{}&#8221; theme_builder_area=&#8221;post_content&#8221;][et_pb_row _builder_version=&#8221;4.24.3&#8243; _module_preset=&#8221;default&#8221; background_size=&#8221;initial&#8221; background_position=&#8221;top_left&#8221; background_repeat=&#8221;repeat&#8221; global_colors_info=&#8221;{}&#8221; theme_builder_area=&#8221;post_content&#8221;][et_pb_column type=&#8221;4_4&#8243; _builder_version=&#8221;4.16&#8243; _module_preset=&#8221;default&#8221; custom_padding=&#8221;|||&#8221; global_colors_info=&#8221;{}&#8221; custom_padding__hover=&#8221;|||&#8221; theme_builder_area=&#8221;post_content&#8221;][et_pb_text _builder_version=&#8221;4.27.6&#8243; _module_preset=&#8221;default&#8221; background_size=&#8221;initial&#8221; background_position=&#8221;top_left&#8221; background_repeat=&#8221;repeat&#8221; hover_enabled=&#8221;0&#8243; border_color_all=&#8221;#FFFFFF&#8221; global_colors_info=&#8221;{}&#8221; theme_builder_area=&#8221;post_content&#8221; sticky_enabled=&#8221;0&#8243;]<\/p>\n<h1 class=\"uk-article-title\"><strong>Familienzimmer<\/strong><\/h1>\n<h1>\u00a0<\/h1>\n<p>[\/et_pb_text][\/et_pb_column][\/et_pb_row][et_pb_row _builder_version=&#8221;4.24.3&#8243; _module_preset=&#8221;default&#8221; background_size=&#8221;initial&#8221; background_position=&#8221;top_left&#8221; background_repeat=&#8221;repeat&#8221; global_colors_info=&#8221;{}&#8221; theme_builder_area=&#8221;post_content&#8221;][et_pb_column type=&#8221;4_4&#8243; _builder_version=&#8221;4.16&#8243; _module_preset=&#8221;default&#8221; custom_padding=&#8221;|||&#8221; global_colors_info=&#8221;{}&#8221; custom_padding__hover=&#8221;|||&#8221; theme_builder_area=&#8221;post_content&#8221;][et_pb_text _builder_version=&#8221;4.27.6&#8243; _module_preset=&#8221;default&#8221; animation_style=&#8221;bounce&#8221; hover_enabled=&#8221;0&#8243; global_colors_info=&#8221;{}&#8221; theme_builder_area=&#8221;post_content&#8221; sticky_enabled=&#8221;0&#8243;]<\/p>\n<p>Vierbettzimmer mit mehreren Schlafbereichen. Vom Vorraum aus f\u00fchren zwei Schlafbereiche ab. Es sind 6 solcher Zimmer verf\u00fcgbar<\/p>\n<p>[\/et_pb_text][et_pb_image src=&#8221;https:\/\/vargawebstudio.hu\/wpuj\/wp-content\/uploads\/2026\/03\/csaladiszobanagy.jpg&#8221; title_text=&#8221;csaladiszobanagy&#8221; _builder_version=&#8221;4.27.6&#8243; _module_preset=&#8221;default&#8221; global_colors_info=&#8221;{}&#8221; theme_builder_area=&#8221;post_content&#8221;][\/et_pb_image][et_pb_text _builder_version=&#8221;4.27.6&#8243; _module_preset=&#8221;default&#8221; animation_style=&#8221;bounce&#8221; hover_enabled=&#8221;0&#8243; global_colors_info=&#8221;{}&#8221; theme_builder_area=&#8221;post_content&#8221; sticky_enabled=&#8221;0&#8243;]<\/p>\n<p data-start=\"67\" data-end=\"85\"><strong data-start=\"67\" data-end=\"83\">Ausstattung:<\/strong><\/p>\n<ul data-start=\"86\" data-end=\"407\">\n<li data-section-id=\"1m2riyy\" data-start=\"86\" data-end=\"101\">Klimaanlage<\/li>\n<li data-section-id=\"xt8whl\" data-start=\"102\" data-end=\"118\">Teppichboden<\/li>\n<li data-section-id=\"m2jx3e\" data-start=\"119\" data-end=\"130\">Heizung<\/li>\n<li data-section-id=\"k6bxxa\" data-start=\"131\" data-end=\"161\">Kleiderschrank \/ Garderobe<\/li>\n<li data-section-id=\"9koczy\" data-start=\"162\" data-end=\"176\">Badezimmer<\/li>\n<li data-section-id=\"ksq7l0\" data-start=\"177\" data-end=\"187\">Dusche<\/li>\n<li data-section-id=\"1j4fxcs\" data-start=\"188\" data-end=\"194\">WC<\/li>\n<li data-section-id=\"1xxnyf4\" data-start=\"195\" data-end=\"210\">Kabelkan\u00e4le<\/li>\n<li data-section-id=\"gd6eh0\" data-start=\"211\" data-end=\"227\">Flachbild-TV<\/li>\n<li data-section-id=\"1krrqwa\" data-start=\"228\" data-end=\"251\">Minibar-K\u00fchlschrank<\/li>\n<li data-section-id=\"16hhzle\" data-start=\"252\" data-end=\"272\">Kostenloses WLAN<\/li>\n<li data-section-id=\"fyb6p1\" data-start=\"273\" data-end=\"310\">Handt\u00fccher \/ Bettw\u00e4sche inklusive<\/li>\n<li data-section-id=\"1acj92m\" data-start=\"311\" data-end=\"336\">Kostenlose Parkpl\u00e4tze<\/li>\n<li data-section-id=\"ad1lqm\" data-start=\"337\" data-end=\"359\">Nichtraucherzimmer<\/li>\n<li data-section-id=\"14zlubd\" data-start=\"360\" data-end=\"384\">24-Stunden-Rezeption<\/li>\n<li data-section-id=\"14vgsz7\" data-start=\"385\" data-end=\"407\">Gep\u00e4ckaufbewahrung<\/li>\n<\/ul>\n<p data-start=\"409\" data-end=\"497\"><strong data-start=\"409\" data-end=\"447\">Bettengr\u00f6\u00dfe \/ Schlafinformationen:<\/strong><br data-start=\"447\" data-end=\"450\" \/>Insgesamt sind 6 Zimmer dieser Art verf\u00fcgbar:<\/p>\n<ul data-start=\"498\" data-end=\"641\">\n<li data-section-id=\"1o2qyq6\" data-start=\"498\" data-end=\"580\">4 Zimmer verf\u00fcgen \u00fcber 1 Doppelbett und 2 Einzelbetten in zwei Schlafbereichen<\/li>\n<li data-section-id=\"12cw9v1\" data-start=\"581\" data-end=\"641\">2 Zimmer verf\u00fcgen \u00fcber 4 Einzelbetten (zusammenstellbar)<\/li>\n<\/ul>\n<p data-start=\"643\" data-end=\"673\"><strong data-start=\"643\" data-end=\"671\">Zusatzbettm\u00f6glichkeiten:<\/strong><\/p>\n<ul data-start=\"674\" data-end=\"715\">\n<li data-section-id=\"6czu9x\" data-start=\"674\" data-end=\"715\">1 Zustellbett oder Kinderbett m\u00f6glich<\/li>\n<\/ul>\n<p data-start=\"717\" data-end=\"749\"><strong data-start=\"717\" data-end=\"740\">Maximale Kapazit\u00e4t:<\/strong> 4 (+1)<\/p>\n<p data-start=\"751\" data-end=\"775\"><strong data-start=\"751\" data-end=\"767\">Zimmergr\u00f6\u00dfe:<\/strong> 60 m\u00b2<\/p>\n<p data-start=\"777\" data-end=\"805\"><strong data-start=\"777\" data-end=\"803\">Weitere Informationen:<\/strong><\/p>\n<ul data-start=\"806\" data-end=\"871\">\n<li data-section-id=\"1osf5np\" data-start=\"806\" data-end=\"871\">Befindet sich im 4. Stock (Aufzug bis zum 3. Stock verf\u00fcgbar)<\/li>\n<\/ul>\n<p>[\/et_pb_text][et_pb_divider color=&#8221;#D6D6D6&#8243; _builder_version=&#8221;4.24.3&#8243; _module_preset=&#8221;default&#8221; global_colors_info=&#8221;{}&#8221; theme_builder_area=&#8221;post_content&#8221;][\/et_pb_divider][et_pb_button button_url=&#8221;https:\/\/vargawebstudio.hu\/wpuj\/ajanlatkeres\/&#8221; button_text=&#8221;Fordern Sie jetzt ein Angebot an!&#8221; button_alignment=&#8221;center&#8221; _builder_version=&#8221;4.27.6&#8243; _module_preset=&#8221;default&#8221; custom_button=&#8221;on&#8221; button_text_size=&#8221;27px&#8221; button_text_color=&#8221;#FFFFFF&#8221; button_bg_color=&#8221;#f7a90e&#8221; button_border_width=&#8221;1px&#8221; button_border_color=&#8221;#6B6B6B&#8221; button_border_radius=&#8221;30px&#8221; button_icon=&#8221;&#x41;||divi||400&#8243; button_icon_color=&#8221;#FFFFFF&#8221; animation_style=&#8221;flip&#8221; hover_enabled=&#8221;0&#8243; global_colors_info=&#8221;{}&#8221; theme_builder_area=&#8221;post_content&#8221; sticky_enabled=&#8221;0&#8243;][\/et_pb_button][\/et_pb_column][\/et_pb_row][\/et_pb_section][et_pb_section fb_built=&#8221;1&#8243; _builder_version=&#8221;4.24.3&#8243; _module_preset=&#8221;_initial&#8221; global_colors_info=&#8221;{}&#8221; theme_builder_area=&#8221;post_content&#8221;][et_pb_row _builder_version=&#8221;4.27.0&#8243; _module_preset=&#8221;default&#8221; global_colors_info=&#8221;{}&#8221; theme_builder_area=&#8221;post_content&#8221;][et_pb_column type=&#8221;4_4&#8243; _builder_version=&#8221;4.24.3&#8243; _module_preset=&#8221;default&#8221; global_colors_info=&#8221;{}&#8221; theme_builder_area=&#8221;post_content&#8221;][et_pb_gallery gallery_ids=&#8221;4904,4905,4906,4907,4908,4909,4910,4911,4912,4913&#8243; posts_number=&#8221;12&#8243; show_title_and_caption=&#8221;off&#8221; _builder_version=&#8221;4.27.6&#8243; _module_preset=&#8221;default&#8221; global_colors_info=&#8221;{}&#8221; theme_builder_area=&#8221;post_content&#8221;][\/et_pb_gallery][\/et_pb_column][\/et_pb_row][\/et_pb_section]<\/p>\n","protected":false},"excerpt":{"rendered":"<p>Familienzimmer \u00a0Vierbettzimmer mit mehreren Schlafbereichen. Vom Vorraum aus f\u00fchren zwei Schlafbereiche ab. Es sind 6 solcher Zimmer verf\u00fcgbarAusstattung: Klimaanlage Teppichboden Heizung Kleiderschrank \/ Garderobe Badezimmer Dusche WC Kabelkan\u00e4le Flachbild-TV Minibar-K\u00fchlschrank Kostenloses WLAN Handt\u00fccher \/ Bettw\u00e4sche inklusive Kostenlose Parkpl\u00e4tze Nichtraucherzimmer 24-Stunden-Rezeption Gep\u00e4ckaufbewahrung Bettengr\u00f6\u00dfe \/ Schlafinformationen:Insgesamt sind 6 Zimmer dieser Art verf\u00fcgbar: 4 Zimmer verf\u00fcgen \u00fcber 1 [&hellip;]<\/p>\n","protected":false},"author":1,"featured_media":0,"parent":0,"menu_order":0,"comment_status":"closed","ping_status":"closed","template":"","meta":{"_et_pb_use_builder":"on","_et_pb_old_content":"","_et_gb_content_width":"","footnotes":""},"class_list":["post-5087","page","type-page","status-publish","hentry"],"_links":{"self":[{"href":"https:\/\/vargawebstudio.hu\/wpuj\/wp-json\/wp\/v2\/pages\/5087","targetHints":{"allow":["GET"]}}],"collection":[{"href":"https:\/\/vargawebstudio.hu\/wpuj\/wp-json\/wp\/v2\/pages"}],"about":[{"href":"https:\/\/vargawebstudio.hu\/wpuj\/wp-json\/wp\/v2\/types\/page"}],"author":[{"embeddable":true,"href":"https:\/\/vargawebstudio.hu\/wpuj\/wp-json\/wp\/v2\/users\/1"}],"replies":[{"embeddable":true,"href":"https:\/\/vargawebstudio.hu\/wpuj\/wp-json\/wp\/v2\/comments?post=5087"}],"version-history":[{"count":2,"href":"https:\/\/vargawebstudio.hu\/wpuj\/wp-json\/wp\/v2\/pages\/5087\/revisions"}],"predecessor-version":[{"id":5090,"href":"https:\/\/vargawebstudio.hu\/wpuj\/wp-json\/wp\/v2\/pages\/5087\/revisions\/5090"}],"wp:attachment":[{"href":"https:\/\/vargawebstudio.hu\/wpuj\/wp-json\/wp\/v2\/media?parent=5087"}],"curies":[{"name":"wp","href":"https:\/\/api.w.org\/{rel}","templated":true}]}}