{"id":5099,"date":"2026-04-07T20:08:57","date_gmt":"2026-04-07T18:08:57","guid":{"rendered":"https:\/\/vargawebstudio.hu\/wpuj\/?page_id=5099"},"modified":"2026-04-07T20:09:00","modified_gmt":"2026-04-07T18:09:00","slug":"suite-2","status":"publish","type":"page","link":"https:\/\/vargawebstudio.hu\/wpuj\/de\/suite-2\/","title":{"rendered":"Suite"},"content":{"rendered":"<p>[et_pb_section fb_built=&#8221;1&#8243; _builder_version=&#8221;4.24.3&#8243; _module_preset=&#8221;_initial&#8221; collapsed=&#8221;off&#8221; global_colors_info=&#8221;{}&#8221; theme_builder_area=&#8221;post_content&#8221;][et_pb_row _builder_version=&#8221;4.24.3&#8243; _module_preset=&#8221;default&#8221; background_size=&#8221;initial&#8221; background_position=&#8221;top_left&#8221; background_repeat=&#8221;repeat&#8221; global_colors_info=&#8221;{}&#8221; theme_builder_area=&#8221;post_content&#8221;][et_pb_column type=&#8221;4_4&#8243; _builder_version=&#8221;4.16&#8243; _module_preset=&#8221;default&#8221; custom_padding=&#8221;|||&#8221; global_colors_info=&#8221;{}&#8221; custom_padding__hover=&#8221;|||&#8221; theme_builder_area=&#8221;post_content&#8221;][et_pb_text _builder_version=&#8221;4.27.6&#8243; _module_preset=&#8221;default&#8221; background_size=&#8221;initial&#8221; background_position=&#8221;top_left&#8221; background_repeat=&#8221;repeat&#8221; hover_enabled=&#8221;0&#8243; border_color_all=&#8221;#FFFFFF&#8221; global_colors_info=&#8221;{}&#8221; theme_builder_area=&#8221;post_content&#8221; sticky_enabled=&#8221;0&#8243;]<\/p>\n<h1 class=\"uk-article-title\"><strong>Suite<\/strong><\/h1>\n<h1>\u00a0<\/h1>\n<p>[\/et_pb_text][\/et_pb_column][\/et_pb_row][et_pb_row _builder_version=&#8221;4.24.3&#8243; _module_preset=&#8221;default&#8221; background_size=&#8221;initial&#8221; background_position=&#8221;top_left&#8221; background_repeat=&#8221;repeat&#8221; global_colors_info=&#8221;{}&#8221; theme_builder_area=&#8221;post_content&#8221;][et_pb_column type=&#8221;4_4&#8243; _builder_version=&#8221;4.16&#8243; _module_preset=&#8221;default&#8221; custom_padding=&#8221;|||&#8221; global_colors_info=&#8221;{}&#8221; custom_padding__hover=&#8221;|||&#8221; theme_builder_area=&#8221;post_content&#8221;][et_pb_text _builder_version=&#8221;4.27.6&#8243; _module_preset=&#8221;default&#8221; animation_style=&#8221;bounce&#8221; hover_enabled=&#8221;0&#8243; global_colors_info=&#8221;{}&#8221; theme_builder_area=&#8221;post_content&#8221; sticky_enabled=&#8221;0&#8243;]<\/p>\n<p><strong data-start=\"0\" data-end=\"46\" data-is-only-node=\"\">55 m\u00b2 gro\u00dfe Suiten mit zwei Schlafzimmern.<\/strong> Diese Zimmer verf\u00fcgen \u00fcber ger\u00e4umigere Badezimmer als die anderen und sind mit einer Hydromassage-Duschkabine ausgestattet. Wir haben 3 Zimmer dieses Typs.<\/p>\n<p>[\/et_pb_text][et_pb_image src=&#8221;https:\/\/vargawebstudio.hu\/wpuj\/wp-content\/uploads\/2026\/03\/lakosztalynagy.jpg&#8221; title_text=&#8221;lakosztalynagy&#8221; _builder_version=&#8221;4.27.6&#8243; _module_preset=&#8221;default&#8221; global_colors_info=&#8221;{}&#8221; theme_builder_area=&#8221;post_content&#8221;][\/et_pb_image][et_pb_text _builder_version=&#8221;4.27.6&#8243; _module_preset=&#8221;default&#8221; animation_style=&#8221;bounce&#8221; hover_enabled=&#8221;0&#8243; global_colors_info=&#8221;{}&#8221; theme_builder_area=&#8221;post_content&#8221; sticky_enabled=&#8221;0&#8243;]<\/p>\n<p data-start=\"0\" data-end=\"16\"><strong data-start=\"0\" data-end=\"16\">Ausstattung:<\/strong><\/p>\n<ul data-start=\"18\" data-end=\"337\">\n<li data-section-id=\"1m2riyy\" data-start=\"18\" data-end=\"33\">Klimaanlage<\/li>\n<li data-section-id=\"xt8whl\" data-start=\"34\" data-end=\"50\">Teppichboden<\/li>\n<li data-section-id=\"m2jx3e\" data-start=\"51\" data-end=\"62\">Heizung<\/li>\n<li data-section-id=\"111bk66\" data-start=\"63\" data-end=\"91\">Kleiderschrank\/Garderobe<\/li>\n<li data-section-id=\"9qnu6w\" data-start=\"92\" data-end=\"114\">Eigenes Badezimmer<\/li>\n<li data-section-id=\"ksq7l0\" data-start=\"115\" data-end=\"125\">Dusche<\/li>\n<li data-section-id=\"1j4fxcs\" data-start=\"126\" data-end=\"132\">WC<\/li>\n<li data-section-id=\"1xxnyf4\" data-start=\"133\" data-end=\"148\">Kabelkan\u00e4le<\/li>\n<li data-section-id=\"gd6eh0\" data-start=\"149\" data-end=\"165\">Flachbild-TV<\/li>\n<li data-section-id=\"1krrqwa\" data-start=\"166\" data-end=\"189\">Minibar-K\u00fchlschrank<\/li>\n<li data-section-id=\"16hhzle\" data-start=\"190\" data-end=\"210\">Kostenloses WLAN<\/li>\n<li data-section-id=\"11d62wq\" data-start=\"211\" data-end=\"246\">Handt\u00fccher\/Bettw\u00e4sche vorhanden<\/li>\n<li data-section-id=\"1acj92m\" data-start=\"247\" data-end=\"272\">Kostenlose Parkpl\u00e4tze<\/li>\n<li data-section-id=\"ad1lqm\" data-start=\"273\" data-end=\"295\">Nichtraucherzimmer<\/li>\n<li data-section-id=\"14zlubd\" data-start=\"296\" data-end=\"320\">24-Stunden-Rezeption<\/li>\n<li data-section-id=\"2x6o9m\" data-start=\"321\" data-end=\"337\">Gep\u00e4ckablage<\/li>\n<\/ul>\n<p data-start=\"339\" data-end=\"491\"><strong data-start=\"339\" data-end=\"375\">Bettengr\u00f6\u00dfe \/ Betteninformation:<\/strong><br data-start=\"375\" data-end=\"378\" \/>In einem Schlafzimmer befindet sich ein Doppelbett, im anderen Schlafzimmer 2 separate Betten (zusammenstellbar).<\/p>\n<p data-start=\"493\" data-end=\"564\"><strong data-start=\"493\" data-end=\"509\">Zustellbett:<\/strong><br data-start=\"509\" data-end=\"512\" \/>1 Zustellbett oder Babybett kann aufgestellt werden.<\/p>\n<p data-start=\"566\" data-end=\"595\"><strong data-start=\"566\" data-end=\"588\">Maximale Belegung:<\/strong> 4 (+1)<\/p>\n<p data-start=\"597\" data-end=\"621\"><strong data-start=\"597\" data-end=\"613\">Zimmergr\u00f6\u00dfe:<\/strong> 55 m\u00b2<\/p>\n<p data-start=\"623\" data-end=\"651\"><strong data-start=\"623\" data-end=\"649\">Weitere Informationen:<\/strong><\/p>\n<ul data-start=\"652\" data-end=\"777\" data-is-last-node=\"\" data-is-only-node=\"\">\n<li data-section-id=\"1kgteu7\" data-start=\"652\" data-end=\"756\">Befindet sich auf einer Etage, die mit dem Aufzug erreichbar ist (Aufzug bis zum 3. Stock vorhanden)<\/li>\n<li data-section-id=\"3q6oy6\" data-start=\"757\" data-end=\"777\" data-is-last-node=\"\">Nichtraucherzimmer<\/li>\n<\/ul>\n<p>[\/et_pb_text][et_pb_divider color=&#8221;#D6D6D6&#8243; _builder_version=&#8221;4.24.3&#8243; _module_preset=&#8221;default&#8221; global_colors_info=&#8221;{}&#8221; theme_builder_area=&#8221;post_content&#8221;][\/et_pb_divider][et_pb_button button_url=&#8221;https:\/\/vargawebstudio.hu\/wpuj\/ajanlatkeres\/&#8221; button_text=&#8221;Fordern Sie jetzt ein Angebot an!&#8221; button_alignment=&#8221;center&#8221; _builder_version=&#8221;4.27.6&#8243; _module_preset=&#8221;default&#8221; custom_button=&#8221;on&#8221; button_text_size=&#8221;27px&#8221; button_text_color=&#8221;#FFFFFF&#8221; button_bg_color=&#8221;#f7a90e&#8221; button_border_width=&#8221;1px&#8221; button_border_color=&#8221;#6B6B6B&#8221; button_border_radius=&#8221;30px&#8221; button_icon=&#8221;&#x41;||divi||400&#8243; button_icon_color=&#8221;#FFFFFF&#8221; animation_style=&#8221;flip&#8221; hover_enabled=&#8221;0&#8243; global_colors_info=&#8221;{}&#8221; theme_builder_area=&#8221;post_content&#8221; sticky_enabled=&#8221;0&#8243;][\/et_pb_button][\/et_pb_column][\/et_pb_row][\/et_pb_section][et_pb_section fb_built=&#8221;1&#8243; _builder_version=&#8221;4.24.3&#8243; _module_preset=&#8221;_initial&#8221; global_colors_info=&#8221;{}&#8221; theme_builder_area=&#8221;post_content&#8221;][et_pb_row _builder_version=&#8221;4.27.0&#8243; _module_preset=&#8221;default&#8221; global_colors_info=&#8221;{}&#8221; theme_builder_area=&#8221;post_content&#8221;][et_pb_column type=&#8221;4_4&#8243; _builder_version=&#8221;4.24.3&#8243; _module_preset=&#8221;default&#8221; global_colors_info=&#8221;{}&#8221; theme_builder_area=&#8221;post_content&#8221;][et_pb_gallery gallery_ids=&#8221;4924,4925,4926,4927,4928&#8243; posts_number=&#8221;12&#8243; show_title_and_caption=&#8221;off&#8221; _builder_version=&#8221;4.27.6&#8243; _module_preset=&#8221;default&#8221; global_colors_info=&#8221;{}&#8221; theme_builder_area=&#8221;post_content&#8221;][\/et_pb_gallery][\/et_pb_column][\/et_pb_row][\/et_pb_section]<\/p>\n","protected":false},"excerpt":{"rendered":"<p>Suite \u00a055 m\u00b2 gro\u00dfe Suiten mit zwei Schlafzimmern. Diese Zimmer verf\u00fcgen \u00fcber ger\u00e4umigere Badezimmer als die anderen und sind mit einer Hydromassage-Duschkabine ausgestattet. Wir haben 3 Zimmer dieses Typs.Ausstattung: Klimaanlage Teppichboden Heizung Kleiderschrank\/Garderobe Eigenes Badezimmer Dusche WC Kabelkan\u00e4le Flachbild-TV Minibar-K\u00fchlschrank Kostenloses WLAN Handt\u00fccher\/Bettw\u00e4sche vorhanden Kostenlose Parkpl\u00e4tze Nichtraucherzimmer 24-Stunden-Rezeption Gep\u00e4ckablage Bettengr\u00f6\u00dfe \/ Betteninformation:In einem Schlafzimmer befindet [&hellip;]<\/p>\n","protected":false},"author":1,"featured_media":0,"parent":0,"menu_order":0,"comment_status":"closed","ping_status":"closed","template":"","meta":{"_et_pb_use_builder":"on","_et_pb_old_content":"","_et_gb_content_width":"","footnotes":""},"class_list":["post-5099","page","type-page","status-publish","hentry"],"_links":{"self":[{"href":"https:\/\/vargawebstudio.hu\/wpuj\/wp-json\/wp\/v2\/pages\/5099","targetHints":{"allow":["GET"]}}],"collection":[{"href":"https:\/\/vargawebstudio.hu\/wpuj\/wp-json\/wp\/v2\/pages"}],"about":[{"href":"https:\/\/vargawebstudio.hu\/wpuj\/wp-json\/wp\/v2\/types\/page"}],"author":[{"embeddable":true,"href":"https:\/\/vargawebstudio.hu\/wpuj\/wp-json\/wp\/v2\/users\/1"}],"replies":[{"embeddable":true,"href":"https:\/\/vargawebstudio.hu\/wpuj\/wp-json\/wp\/v2\/comments?post=5099"}],"version-history":[{"count":2,"href":"https:\/\/vargawebstudio.hu\/wpuj\/wp-json\/wp\/v2\/pages\/5099\/revisions"}],"predecessor-version":[{"id":5102,"href":"https:\/\/vargawebstudio.hu\/wpuj\/wp-json\/wp\/v2\/pages\/5099\/revisions\/5102"}],"wp:attachment":[{"href":"https:\/\/vargawebstudio.hu\/wpuj\/wp-json\/wp\/v2\/media?parent=5099"}],"curies":[{"name":"wp","href":"https:\/\/api.w.org\/{rel}","templated":true}]}}