{"id":5123,"date":"2026-04-07T20:27:32","date_gmt":"2026-04-07T18:27:32","guid":{"rendered":"https:\/\/vargawebstudio.hu\/wpuj\/?page_id=5123"},"modified":"2026-04-07T20:27:35","modified_gmt":"2026-04-07T18:27:35","slug":"panorama-zimmer","status":"publish","type":"page","link":"https:\/\/vargawebstudio.hu\/wpuj\/de\/panorama-zimmer\/","title":{"rendered":"Panorama-Zimmer"},"content":{"rendered":"<p>[et_pb_section fb_built=&#8221;1&#8243; _builder_version=&#8221;4.24.3&#8243; _module_preset=&#8221;_initial&#8221; collapsed=&#8221;off&#8221; global_colors_info=&#8221;{}&#8221; theme_builder_area=&#8221;post_content&#8221;][et_pb_row _builder_version=&#8221;4.24.3&#8243; _module_preset=&#8221;default&#8221; background_size=&#8221;initial&#8221; background_position=&#8221;top_left&#8221; background_repeat=&#8221;repeat&#8221; global_colors_info=&#8221;{}&#8221; theme_builder_area=&#8221;post_content&#8221;][et_pb_column type=&#8221;4_4&#8243; _builder_version=&#8221;4.16&#8243; _module_preset=&#8221;default&#8221; custom_padding=&#8221;|||&#8221; global_colors_info=&#8221;{}&#8221; custom_padding__hover=&#8221;|||&#8221; theme_builder_area=&#8221;post_content&#8221;][et_pb_text _builder_version=&#8221;4.27.6&#8243; _module_preset=&#8221;default&#8221; background_size=&#8221;initial&#8221; background_position=&#8221;top_left&#8221; background_repeat=&#8221;repeat&#8221; hover_enabled=&#8221;0&#8243; border_color_all=&#8221;#FFFFFF&#8221; global_colors_info=&#8221;{}&#8221; theme_builder_area=&#8221;post_content&#8221; sticky_enabled=&#8221;0&#8243;]<\/p>\n<h1 class=\"uk-article-title\"><strong>Panorama-Zimmer<\/strong><\/h1>\n<p>[\/et_pb_text][\/et_pb_column][\/et_pb_row][et_pb_row _builder_version=&#8221;4.24.3&#8243; _module_preset=&#8221;default&#8221; background_size=&#8221;initial&#8221; background_position=&#8221;top_left&#8221; background_repeat=&#8221;repeat&#8221; global_colors_info=&#8221;{}&#8221; theme_builder_area=&#8221;post_content&#8221;][et_pb_column type=&#8221;4_4&#8243; _builder_version=&#8221;4.16&#8243; _module_preset=&#8221;default&#8221; custom_padding=&#8221;|||&#8221; global_colors_info=&#8221;{}&#8221; custom_padding__hover=&#8221;|||&#8221; theme_builder_area=&#8221;post_content&#8221;][et_pb_text _builder_version=&#8221;4.27.6&#8243; _module_preset=&#8221;default&#8221; animation_style=&#8221;bounce&#8221; hover_enabled=&#8221;0&#8243; global_colors_info=&#8221;{}&#8221; theme_builder_area=&#8221;post_content&#8221; sticky_enabled=&#8221;0&#8243;]<\/p>\n<p><strong data-start=\"0\" data-end=\"135\" data-is-last-node=\"\" data-is-only-node=\"\">Ein einzigartiges Zimmer mit Blick auf den Gyop\u00e1rosi-See. Das Zimmer verf\u00fcgt \u00fcber ein Doppelbett und eine Hydromassage-Duschkabine.<\/strong><\/p>\n<p>[\/et_pb_text][et_pb_image src=&#8221;https:\/\/vargawebstudio.hu\/wpuj\/wp-content\/uploads\/2026\/03\/panoramanagy.jpg&#8221; title_text=&#8221;panoramanagy&#8221; _builder_version=&#8221;4.27.6&#8243; _module_preset=&#8221;default&#8221; global_colors_info=&#8221;{}&#8221; theme_builder_area=&#8221;post_content&#8221;][\/et_pb_image][et_pb_text _builder_version=&#8221;4.27.6&#8243; _module_preset=&#8221;default&#8221; animation_style=&#8221;bounce&#8221; hover_enabled=&#8221;0&#8243; global_colors_info=&#8221;{}&#8221; theme_builder_area=&#8221;post_content&#8221; sticky_enabled=&#8221;0&#8243;]<\/p>\n<p data-start=\"0\" data-end=\"18\"><strong data-start=\"0\" data-end=\"16\">Ausstattung:<\/strong><\/p>\n<ul data-start=\"20\" data-end=\"339\">\n<li data-section-id=\"1m2riyy\" data-start=\"20\" data-end=\"35\">Klimaanlage<\/li>\n<li data-section-id=\"xt8whl\" data-start=\"36\" data-end=\"52\">Teppichboden<\/li>\n<li data-section-id=\"m2jx3e\" data-start=\"53\" data-end=\"64\">Heizung<\/li>\n<li data-section-id=\"111bk66\" data-start=\"65\" data-end=\"93\">Kleiderschrank\/Garderobe<\/li>\n<li data-section-id=\"9qnu6w\" data-start=\"94\" data-end=\"116\">Eigenes Badezimmer<\/li>\n<li data-section-id=\"ksq7l0\" data-start=\"117\" data-end=\"127\">Dusche<\/li>\n<li data-section-id=\"1j4fxcs\" data-start=\"128\" data-end=\"134\">WC<\/li>\n<li data-section-id=\"1xxnyf4\" data-start=\"135\" data-end=\"150\">Kabelkan\u00e4le<\/li>\n<li data-section-id=\"gd6eh0\" data-start=\"151\" data-end=\"167\">Flachbild-TV<\/li>\n<li data-section-id=\"1krrqwa\" data-start=\"168\" data-end=\"191\">Minibar-K\u00fchlschrank<\/li>\n<li data-section-id=\"16hhzle\" data-start=\"192\" data-end=\"212\">Kostenloses WLAN<\/li>\n<li data-section-id=\"11d62wq\" data-start=\"213\" data-end=\"248\">Handt\u00fccher\/Bettw\u00e4sche vorhanden<\/li>\n<li data-section-id=\"1acj92m\" data-start=\"249\" data-end=\"274\">Kostenlose Parkpl\u00e4tze<\/li>\n<li data-section-id=\"ad1lqm\" data-start=\"275\" data-end=\"297\">Nichtraucherzimmer<\/li>\n<li data-section-id=\"14zlubd\" data-start=\"298\" data-end=\"322\">24-Stunden-Rezeption<\/li>\n<li data-section-id=\"2x6o9m\" data-start=\"323\" data-end=\"339\">Gep\u00e4ckablage<\/li>\n<\/ul>\n<p data-start=\"341\" data-end=\"394\"><strong data-start=\"341\" data-end=\"377\">Bettengr\u00f6\u00dfe \/ Betteninformation:<\/strong><br data-start=\"377\" data-end=\"380\" \/>1 Doppelbett<\/p>\n<p data-start=\"396\" data-end=\"468\"><strong data-start=\"396\" data-end=\"412\">Zustellbett:<\/strong><br data-start=\"412\" data-end=\"415\" \/>1 Zustellbett oder Babybett kann aufgestellt werden<\/p>\n<p data-start=\"470\" data-end=\"501\"><strong data-start=\"470\" data-end=\"492\">Maximale Belegung:<\/strong> 2 (+1)<\/p>\n<p data-start=\"503\" data-end=\"527\"><strong data-start=\"503\" data-end=\"519\">Zimmergr\u00f6\u00dfe:<\/strong> 36 m\u00b2<\/p>\n<p data-start=\"529\" data-end=\"557\"><strong data-start=\"529\" data-end=\"555\">Weitere Informationen:<\/strong><\/p>\n<ul data-start=\"558\" data-end=\"644\" data-is-last-node=\"\" data-is-only-node=\"\">\n<li data-section-id=\"nat1qj\" data-start=\"558\" data-end=\"623\">Befindet sich im 4. Stock (Aufzug bis zum 3. Stock vorhanden)<\/li>\n<li data-section-id=\"3q6oy6\" data-start=\"624\" data-end=\"644\" data-is-last-node=\"\">Nichtraucherzimmer<\/li>\n<\/ul>\n<p>[\/et_pb_text][et_pb_divider color=&#8221;#D6D6D6&#8243; _builder_version=&#8221;4.24.3&#8243; _module_preset=&#8221;default&#8221; global_colors_info=&#8221;{}&#8221; theme_builder_area=&#8221;post_content&#8221;][\/et_pb_divider][et_pb_button button_url=&#8221;https:\/\/vargawebstudio.hu\/wpuj\/ajanlatkeres\/&#8221; button_text=&#8221;Fordern Sie jetzt ein Angebot an!&#8221; button_alignment=&#8221;center&#8221; _builder_version=&#8221;4.27.6&#8243; _module_preset=&#8221;default&#8221; custom_button=&#8221;on&#8221; button_text_size=&#8221;27px&#8221; button_text_color=&#8221;#FFFFFF&#8221; button_bg_color=&#8221;#f7a90e&#8221; button_border_width=&#8221;1px&#8221; button_border_color=&#8221;#6B6B6B&#8221; button_border_radius=&#8221;30px&#8221; button_icon=&#8221;&#x41;||divi||400&#8243; button_icon_color=&#8221;#FFFFFF&#8221; animation_style=&#8221;flip&#8221; hover_enabled=&#8221;0&#8243; global_colors_info=&#8221;{}&#8221; theme_builder_area=&#8221;post_content&#8221; sticky_enabled=&#8221;0&#8243;][\/et_pb_button][\/et_pb_column][\/et_pb_row][\/et_pb_section][et_pb_section fb_built=&#8221;1&#8243; _builder_version=&#8221;4.24.3&#8243; _module_preset=&#8221;_initial&#8221; global_colors_info=&#8221;{}&#8221; theme_builder_area=&#8221;post_content&#8221;][et_pb_row _builder_version=&#8221;4.27.0&#8243; _module_preset=&#8221;default&#8221; global_colors_info=&#8221;{}&#8221; theme_builder_area=&#8221;post_content&#8221;][et_pb_column type=&#8221;4_4&#8243; _builder_version=&#8221;4.24.3&#8243; _module_preset=&#8221;default&#8221; global_colors_info=&#8221;{}&#8221; theme_builder_area=&#8221;post_content&#8221;][et_pb_gallery gallery_ids=&#8221;4950,4951,4952,4953,4954&#8243; posts_number=&#8221;12&#8243; show_title_and_caption=&#8221;off&#8221; _builder_version=&#8221;4.27.6&#8243; _module_preset=&#8221;default&#8221; global_colors_info=&#8221;{}&#8221; theme_builder_area=&#8221;post_content&#8221;][\/et_pb_gallery][\/et_pb_column][\/et_pb_row][\/et_pb_section]<\/p>\n","protected":false},"excerpt":{"rendered":"<p>Panorama-ZimmerEin einzigartiges Zimmer mit Blick auf den Gyop\u00e1rosi-See. Das Zimmer verf\u00fcgt \u00fcber ein Doppelbett und eine Hydromassage-Duschkabine.Ausstattung: Klimaanlage Teppichboden Heizung Kleiderschrank\/Garderobe Eigenes Badezimmer Dusche WC Kabelkan\u00e4le Flachbild-TV Minibar-K\u00fchlschrank Kostenloses WLAN Handt\u00fccher\/Bettw\u00e4sche vorhanden Kostenlose Parkpl\u00e4tze Nichtraucherzimmer 24-Stunden-Rezeption Gep\u00e4ckablage Bettengr\u00f6\u00dfe \/ Betteninformation:1 Doppelbett Zustellbett:1 Zustellbett oder Babybett kann aufgestellt werden Maximale Belegung: 2 (+1) Zimmergr\u00f6\u00dfe: 36 m\u00b2 [&hellip;]<\/p>\n","protected":false},"author":1,"featured_media":0,"parent":0,"menu_order":0,"comment_status":"closed","ping_status":"closed","template":"","meta":{"_et_pb_use_builder":"on","_et_pb_old_content":"","_et_gb_content_width":"","footnotes":""},"class_list":["post-5123","page","type-page","status-publish","hentry"],"_links":{"self":[{"href":"https:\/\/vargawebstudio.hu\/wpuj\/wp-json\/wp\/v2\/pages\/5123","targetHints":{"allow":["GET"]}}],"collection":[{"href":"https:\/\/vargawebstudio.hu\/wpuj\/wp-json\/wp\/v2\/pages"}],"about":[{"href":"https:\/\/vargawebstudio.hu\/wpuj\/wp-json\/wp\/v2\/types\/page"}],"author":[{"embeddable":true,"href":"https:\/\/vargawebstudio.hu\/wpuj\/wp-json\/wp\/v2\/users\/1"}],"replies":[{"embeddable":true,"href":"https:\/\/vargawebstudio.hu\/wpuj\/wp-json\/wp\/v2\/comments?post=5123"}],"version-history":[{"count":2,"href":"https:\/\/vargawebstudio.hu\/wpuj\/wp-json\/wp\/v2\/pages\/5123\/revisions"}],"predecessor-version":[{"id":5126,"href":"https:\/\/vargawebstudio.hu\/wpuj\/wp-json\/wp\/v2\/pages\/5123\/revisions\/5126"}],"wp:attachment":[{"href":"https:\/\/vargawebstudio.hu\/wpuj\/wp-json\/wp\/v2\/media?parent=5123"}],"curies":[{"name":"wp","href":"https:\/\/api.w.org\/{rel}","templated":true}]}}