{"id":5154,"date":"2026-04-07T21:32:09","date_gmt":"2026-04-07T19:32:09","guid":{"rendered":"https:\/\/vargawebstudio.hu\/wpuj\/?page_id=5154"},"modified":"2026-04-07T21:32:12","modified_gmt":"2026-04-07T19:32:12","slug":"erlebnisbad","status":"publish","type":"page","link":"https:\/\/vargawebstudio.hu\/wpuj\/de\/erlebnisbad\/","title":{"rendered":"Erlebnisbad"},"content":{"rendered":"<p>[et_pb_section fb_built=&#8221;1&#8243; _builder_version=&#8221;4.27.6&#8243; _module_preset=&#8221;default&#8221; global_colors_info=&#8221;{}&#8221; theme_builder_area=&#8221;post_content&#8221;][et_pb_row _builder_version=&#8221;4.27.6&#8243; _module_preset=&#8221;default&#8221; global_colors_info=&#8221;{}&#8221; column_structure=&#8221;1_2,1_2&#8243; theme_builder_area=&#8221;post_content&#8221;][et_pb_column type=&#8221;1_2&#8243; _builder_version=&#8221;4.27.6&#8243; _module_preset=&#8221;default&#8221; global_colors_info=&#8221;{}&#8221; theme_builder_area=&#8221;post_content&#8221;][et_pb_heading title=&#8221;Erlebnisbad&#8221; _builder_version=&#8221;4.27.6&#8243; _module_preset=&#8221;default&#8221; hover_enabled=&#8221;0&#8243; global_colors_info=&#8221;{}&#8221; theme_builder_area=&#8221;post_content&#8221; sticky_enabled=&#8221;0&#8243;][\/et_pb_heading][et_pb_text _builder_version=&#8221;4.27.6&#8243; _module_preset=&#8221;default&#8221; text_font=&#8221;ABeeZee||||||||&#8221; text_font_size=&#8221;16px&#8221; text_letter_spacing=&#8221;1px&#8221; hover_enabled=&#8221;0&#8243; global_colors_info=&#8221;{}&#8221; theme_builder_area=&#8221;post_content&#8221; sticky_enabled=&#8221;0&#8243;]<\/p>\n<p data-start=\"108\" data-end=\"329\">\u00dcber 6.000 Quadratmeter pures Vergn\u00fcgen erwarten G\u00e4ste, die sich aktive Erholung, einen fr\u00f6hlichen Familienausflug oder ein spa\u00dfiges Programm mit Freunden w\u00fcnschen \u2013 das ganze Jahr \u00fcber, teilweise sogar bis Mitternacht.<\/p>\n<p data-start=\"331\" data-end=\"747\">Das vor einigen Jahren erbaute Gyop\u00e1ros Erlebnisbad bietet unabh\u00e4ngig von Alter, Geschlecht, k\u00f6rperlicher Verfassung und sogar Schwimmkenntnissen die M\u00f6glichkeit zu unbeschwertem, angenehmem Aufenthalt. Ob Attraktionen, die den ganzen K\u00f6rper bewegen, oder Erlebnis-Elemente, die die beanspruchten Muskeln sanft oder intensiver massieren und so Regeneration und Erholung f\u00f6rdern \u2013 hier kommt jeder auf seine Kosten.<\/p>\n<p data-start=\"749\" data-end=\"1259\">Die t\u00e4glich ge\u00f6ffnete Anlage verf\u00fcgt \u00fcber drei Au\u00dfen- und vier Innenbecken. F\u00fcr Wasserrutschen-Fans gibt es zwei Riesenschlangenrutschen, die von den oberen Etagen starten, spiralf\u00f6rmig verlaufen und \u00fcber jeweils ein Au\u00dfen- und Innenbecken enden. Im gem\u00fctlichen Innenbereich mit Holzbalken und Panoramafenstern sorgen Nackenbrausen, Wasserigel, Pilze, Liege-Massagen sowie zahlreiche D\u00fcsen und Geysire f\u00fcr perfekte Entspannung. Das sogenannte Str\u00f6mungserlebnis des Lazy Rivers rundet das Wohlf\u00fchlerlebnis ab.<\/p>\n<p data-start=\"1261\" data-end=\"1537\">Das riesige Erlebnisbad bietet sowohl die M\u00f6glichkeit, ins lebhafte Treiben des Bades einzutauchen, als auch wirklich ruhige, erholsame Entspannung. Wer Abwechslung sucht, erreicht in nur wenigen Schritten den Parkbereich mit weitl\u00e4ufigen Gr\u00fcnanlagen und das Thermalheilbad.<\/p>\n<p data-start=\"1539\" data-end=\"1673\">Vom <strong data-start=\"1543\" data-end=\"1561\">Napsug\u00e1r Hotel<\/strong> ist das Gyop\u00e1rosbad \u00fcber einen privaten Korridor in wenigen Minuten zu Fu\u00df erreichbar \u2013 Bademantel inklusive!<\/p>\n<p>[\/et_pb_text][\/et_pb_column][et_pb_column type=&#8221;1_2&#8243; _builder_version=&#8221;4.27.6&#8243; _module_preset=&#8221;default&#8221; global_colors_info=&#8221;{}&#8221; theme_builder_area=&#8221;post_content&#8221;][et_pb_image _builder_version=&#8221;4.27.6&#8243; _module_preset=&#8221;default&#8221; theme_builder_area=&#8221;post_content&#8221; title_text=&#8221;gyoparosfurdo_elmeny_5&#8243; src=&#8221;https:\/\/vargawebstudio.hu\/wpuj\/wp-content\/uploads\/2026\/03\/gyoparosfurdo_elmeny_5.jpg&#8221; border_radii=&#8221;off||30px||&#8221; hover_enabled=&#8221;0&#8243; sticky_enabled=&#8221;0&#8243;][\/et_pb_image][\/et_pb_column][\/et_pb_row][et_pb_row _builder_version=&#8221;4.27.6&#8243; _module_preset=&#8221;default&#8221; global_colors_info=&#8221;{}&#8221; theme_builder_area=&#8221;post_content&#8221;][et_pb_column type=&#8221;4_4&#8243; _builder_version=&#8221;4.27.6&#8243; _module_preset=&#8221;default&#8221; global_colors_info=&#8221;{}&#8221; theme_builder_area=&#8221;post_content&#8221;][et_pb_gallery gallery_ids=&#8221;4345,4346,4347,4348,4349,4350,4351,4352,4353,4354,4355,4356,4357,4358,4359&#8243; posts_number=&#8221;16&#8243; show_title_and_caption=&#8221;off&#8221; _builder_version=&#8221;4.27.6&#8243; _module_preset=&#8221;default&#8221; global_colors_info=&#8221;{}&#8221; theme_builder_area=&#8221;post_content&#8221;][\/et_pb_gallery][\/et_pb_column][\/et_pb_row][\/et_pb_section]<\/p>\n","protected":false},"excerpt":{"rendered":"<p>\u00dcber 6.000 Quadratmeter pures Vergn\u00fcgen erwarten G\u00e4ste, die sich aktive Erholung, einen fr\u00f6hlichen Familienausflug oder ein spa\u00dfiges Programm mit Freunden w\u00fcnschen \u2013 das ganze Jahr \u00fcber, teilweise sogar bis Mitternacht. Das vor einigen Jahren erbaute Gyop\u00e1ros Erlebnisbad bietet unabh\u00e4ngig von Alter, Geschlecht, k\u00f6rperlicher Verfassung und sogar Schwimmkenntnissen die M\u00f6glichkeit zu unbeschwertem, angenehmem Aufenthalt. Ob Attraktionen, [&hellip;]<\/p>\n","protected":false},"author":1,"featured_media":0,"parent":0,"menu_order":0,"comment_status":"closed","ping_status":"closed","template":"","meta":{"_et_pb_use_builder":"on","_et_pb_old_content":"","_et_gb_content_width":"","footnotes":""},"class_list":["post-5154","page","type-page","status-publish","hentry"],"_links":{"self":[{"href":"https:\/\/vargawebstudio.hu\/wpuj\/wp-json\/wp\/v2\/pages\/5154","targetHints":{"allow":["GET"]}}],"collection":[{"href":"https:\/\/vargawebstudio.hu\/wpuj\/wp-json\/wp\/v2\/pages"}],"about":[{"href":"https:\/\/vargawebstudio.hu\/wpuj\/wp-json\/wp\/v2\/types\/page"}],"author":[{"embeddable":true,"href":"https:\/\/vargawebstudio.hu\/wpuj\/wp-json\/wp\/v2\/users\/1"}],"replies":[{"embeddable":true,"href":"https:\/\/vargawebstudio.hu\/wpuj\/wp-json\/wp\/v2\/comments?post=5154"}],"version-history":[{"count":2,"href":"https:\/\/vargawebstudio.hu\/wpuj\/wp-json\/wp\/v2\/pages\/5154\/revisions"}],"predecessor-version":[{"id":5157,"href":"https:\/\/vargawebstudio.hu\/wpuj\/wp-json\/wp\/v2\/pages\/5154\/revisions\/5157"}],"wp:attachment":[{"href":"https:\/\/vargawebstudio.hu\/wpuj\/wp-json\/wp\/v2\/media?parent=5154"}],"curies":[{"name":"wp","href":"https:\/\/api.w.org\/{rel}","templated":true}]}}