{"id":5287,"date":"2026-04-09T14:00:54","date_gmt":"2026-04-09T12:00:54","guid":{"rendered":"https:\/\/vargawebstudio.hu\/wpuj\/?page_id=5287"},"modified":"2026-04-09T14:04:23","modified_gmt":"2026-04-09T12:04:23","slug":"anreise","status":"publish","type":"page","link":"https:\/\/vargawebstudio.hu\/wpuj\/de\/anreise\/","title":{"rendered":"Anreise"},"content":{"rendered":"<p>[et_pb_section fb_built=&#8221;1&#8243; admin_label=&#8221;section&#8221; _builder_version=&#8221;4.16&#8243; global_colors_info=&#8221;{}&#8221;][et_pb_row admin_label=&#8221;row&#8221; _builder_version=&#8221;4.16&#8243; background_size=&#8221;initial&#8221; background_position=&#8221;top_left&#8221; background_repeat=&#8221;repeat&#8221; global_colors_info=&#8221;{}&#8221;][et_pb_column type=&#8221;4_4&#8243; _builder_version=&#8221;4.16&#8243; custom_padding=&#8221;|||&#8221; global_colors_info=&#8221;{}&#8221; custom_padding__hover=&#8221;|||&#8221;][et_pb_code _builder_version=&#8221;4.27.6&#8243; _module_preset=&#8221;default&#8221; global_colors_info=&#8221;{}&#8221;]<iframe src=\"https:\/\/www.google.com\/maps\/embed?pb=!1m18!1m12!1m3!1d2743.001847029203!2d20.6286301!3d46.567428799999995!2m3!1f0!2f0!3f0!3m2!1i1024!2i768!4f13.1!3m3!1m2!1s0x47443e3e07a7b529%3A0x4347007cd422738e!2sNapsug%C3%A1r%20Hotel%20Orosh%C3%A1za!5e0!3m2!1shu!2shu!4v1774021754514!5m2!1shu!2shu\" width=\"100%\" height=\"500\" style=\"border:0;\" allowfullscreen=\"\" loading=\"lazy\" referrerpolicy=\"no-referrer-when-downgrade\"><\/iframe>[\/et_pb_code][et_pb_text _builder_version=&#8221;4.27.6&#8243; _module_preset=&#8221;default&#8221; global_colors_info=&#8221;{}&#8221;]<\/p>\n<p data-start=\"0\" data-end=\"42\"><strong data-start=\"0\" data-end=\"42\">Anfahrt aus Richtung H\u00f3dmez\u0151v\u00e1s\u00e1rhely:<\/strong><\/p>\n<p data-start=\"44\" data-end=\"436\">Fahren Sie auf der Stra\u00dfe 47 in Richtung Debrecen und B\u00e9k\u00e9scsaba. Nach Sz\u00e9kkutas biegen Sie bei der zweiten M\u00f6glichkeit links ab, Richtung Orosh\u00e1za. Nach 800 m nehmen Sie im Kreisverkehr die zweite Ausfahrt in Richtung Gyop\u00e1rosf\u00fcrd\u0151. Nach weiteren 800 m biegen Sie rechts in die Fasor utca ein. Bei der dritten M\u00f6glichkeit biegen Sie links ab; \u00fcber diesen Parkplatz erreichen Sie unser Hotel.<\/p>\n<hr data-start=\"438\" data-end=\"441\" \/>\n<p data-start=\"443\" data-end=\"476\"><strong data-start=\"443\" data-end=\"476\">Anfahrt aus Richtung Szentes:<\/strong><\/p>\n<p data-start=\"478\" data-end=\"801\">Fahren Sie in Richtung Derekegyh\u00e1za, dann biegen Sie bei Nagym\u00e1gocs rechts ab in Richtung Orosh\u00e1za. Im Kreisverkehr nehmen Sie die dritte Ausfahrt in Richtung Gyop\u00e1rosf\u00fcrd\u0151. Nach 800 m biegen Sie rechts in die Fasor utca ein. Bei der dritten M\u00f6glichkeit biegen Sie links ab; \u00fcber diesen Parkplatz erreichen Sie unser Hotel.<\/p>\n<hr data-start=\"803\" data-end=\"806\" \/>\n<p data-start=\"808\" data-end=\"844\"><strong data-start=\"808\" data-end=\"844\">Anfahrt aus Richtung B\u00e9k\u00e9scsaba:<\/strong><\/p>\n<p data-start=\"846\" data-end=\"1178\" data-is-last-node=\"\" data-is-only-node=\"\">Fahren Sie auf der Stra\u00dfe 47 in Richtung Szeged. Am Kreisverkehr bei der MOL-Tankstelle nehmen Sie die zweite Ausfahrt in Richtung Szeged, Szentes. Nach 1,8 km fahren Sie an der Kreuzung geradeaus weiter und \u00fcberqueren die Bahngleise. Bei der ersten M\u00f6glichkeit biegen Sie rechts ab; \u00fcber diesen Parkplatz erreichen Sie unser Hotel.<\/p>\n<p>[\/et_pb_text][\/et_pb_column][\/et_pb_row][\/et_pb_section]<\/p>\n","protected":false},"excerpt":{"rendered":"<p>Anfahrt aus Richtung H\u00f3dmez\u0151v\u00e1s\u00e1rhely: Fahren Sie auf der Stra\u00dfe 47 in Richtung Debrecen und B\u00e9k\u00e9scsaba. Nach Sz\u00e9kkutas biegen Sie bei der zweiten M\u00f6glichkeit links ab, Richtung Orosh\u00e1za. Nach 800 m nehmen Sie im Kreisverkehr die zweite Ausfahrt in Richtung Gyop\u00e1rosf\u00fcrd\u0151. Nach weiteren 800 m biegen Sie rechts in die Fasor utca ein. Bei der dritten [&hellip;]<\/p>\n","protected":false},"author":1,"featured_media":0,"parent":0,"menu_order":0,"comment_status":"closed","ping_status":"closed","template":"","meta":{"_et_pb_use_builder":"on","_et_pb_old_content":"","_et_gb_content_width":"","footnotes":""},"class_list":["post-5287","page","type-page","status-publish","hentry"],"_links":{"self":[{"href":"https:\/\/vargawebstudio.hu\/wpuj\/wp-json\/wp\/v2\/pages\/5287","targetHints":{"allow":["GET"]}}],"collection":[{"href":"https:\/\/vargawebstudio.hu\/wpuj\/wp-json\/wp\/v2\/pages"}],"about":[{"href":"https:\/\/vargawebstudio.hu\/wpuj\/wp-json\/wp\/v2\/types\/page"}],"author":[{"embeddable":true,"href":"https:\/\/vargawebstudio.hu\/wpuj\/wp-json\/wp\/v2\/users\/1"}],"replies":[{"embeddable":true,"href":"https:\/\/vargawebstudio.hu\/wpuj\/wp-json\/wp\/v2\/comments?post=5287"}],"version-history":[{"count":4,"href":"https:\/\/vargawebstudio.hu\/wpuj\/wp-json\/wp\/v2\/pages\/5287\/revisions"}],"predecessor-version":[{"id":5305,"href":"https:\/\/vargawebstudio.hu\/wpuj\/wp-json\/wp\/v2\/pages\/5287\/revisions\/5305"}],"wp:attachment":[{"href":"https:\/\/vargawebstudio.hu\/wpuj\/wp-json\/wp\/v2\/media?parent=5287"}],"curies":[{"name":"wp","href":"https:\/\/api.w.org\/{rel}","templated":true}]}}