{"id":874,"date":"2024-02-12T13:11:01","date_gmt":"2024-02-12T12:11:01","guid":{"rendered":"https:\/\/vargawebstudio.hu\/wpuj\/?page_id=874"},"modified":"2026-05-16T20:19:46","modified_gmt":"2026-05-16T18:19:46","slug":"fooldal-tartalom","status":"publish","type":"page","link":"https:\/\/vargawebstudio.hu\/wpuj\/","title":{"rendered":"F\u0151oldal tartalom"},"content":{"rendered":"<p>[et_pb_section fb_built=&#8221;1&#8243; admin_label=&#8221;Szakasz&#8221; _builder_version=&#8221;4.27.6&#8243; _module_preset=&#8221;default&#8221; global_colors_info=&#8221;{}&#8221;][et_pb_row _builder_version=&#8221;4.27.6&#8243; _module_preset=&#8221;default&#8221; global_colors_info=&#8221;{}&#8221;][et_pb_column type=&#8221;4_4&#8243; _builder_version=&#8221;4.24.0&#8243; _module_preset=&#8221;default&#8221; global_colors_info=&#8221;{}&#8221;][et_pb_heading title=&#8221;\u00c1ld\u00e1s, B\u00e9kess\u00e9g!&#8221; admin_label=&#8221;\u00c1ld\u00e1s, B\u00e9kess\u00e9g!&#8221; _builder_version=&#8221;4.27.6&#8243; _module_preset=&#8221;default&#8221; title_font=&#8221;Calligraffitti||||||||&#8221; title_font_size=&#8221;50px&#8221; global_colors_info=&#8221;{}&#8221;][\/et_pb_heading][et_pb_text _builder_version=&#8221;4.27.6&#8243; _module_preset=&#8221;default&#8221; global_colors_info=&#8221;{}&#8221;]<\/p>\n<p>Tisztelt L\u00e1togat\u00f3!<\/p>\n<p class=\"rtejustify\">A 2025-2026-os tan\u00e9vre v\u00e1lasztott igeverssel k\u00f6sz\u00f6nt\u00f6k Mindenkit az Arany J\u00e1nos Reform\u00e1tus Gimn\u00e1zium \u00e9s Koll\u00e9gium honlapj\u00e1n. A b\u00f6lcsek k\u00f6z\u00f6ss\u00e9g\u00e9nek min\u0151s\u00e9ge b\u00f6lccs\u00e9 tesz. Sz\u00fcks\u00e9g\u00fcnk van olyan k\u00f6z\u00f6ss\u00e9gre, ahol t\u00e1rsainkkal egy\u00fctt az \u00e9let \u00fatj\u00e1n haladhatunk, a k\u00f6z\u00e9piskol\u00e1s \u00f3r\u00e1kat t\u00f6lthetj\u00fck, ahol a figyelmeztet\u0151 szavaknak, a b\u00e1tor\u00edt\u00e1snak, az egym\u00e1sra val\u00f3 felel\u0151ss\u00e9gteljes figyel\u00e9snek helye van. A mi iskol\u00e1nk ez a hely. Az Arany Refi Gimi nagy csal\u00e1dj\u00e1ban a t\u00e1rsas\u00e1g \u00e1thatja \u00e9let\u00fcnket, hat\u00e1st kapnak t\u00e1rsaink \u2013 di\u00e1kok, sz\u00fcl\u0151k, tan\u00e1rok \u2013 jelenl\u00e9t\u00fcnk \u00e1ltal.<\/p>\n<p>B\u00f6lccs\u00e9 v\u00e1lni b\u00f6lcsek t\u00e1rsas\u00e1g\u00e1ban lehet. B\u00f6lcs az, aki sz\u00e1m\u00e1ra fontos a t\u00f6bbi ember, aki k\u00e9pes \u00e1t\u00e9rezni\u00a0 m\u00e1sok \u00e9rzelmi \u00e1llapot\u00e1t, aki megfontolt, lelki nyugalommal b\u00edr, el\u0151rel\u00e1t \u00e9s higgadt. T\u00f6rekszik a tud\u00e1s \u00e9s tapasztalat megszerz\u00e9s\u00e9re, k\u00e9pes rugalmasan alkalmazkodni a k\u00f6r\u00fclm\u00e9nyekhez. A gimn\u00e1zium tan\u00e1rait hivat\u00e1sszeretet, lelkesed\u00e9s, szolg\u00e1latk\u00e9szs\u00e9g, magas szakmai tud\u00e1s, \u00e9rzelmi stabilit\u00e1s jellemez.<\/p>\n<p>B\u00f6lcs emberek k\u00f6z\u00f6ss\u00e9gek\u00e9nt tervezt\u00fck meg a tisztelettud\u00f3, sokoldal\u00fa, tehets\u00e9ges di\u00e1kjaink sz\u00e1m\u00e1ra a 181 + 6 napb\u00f3l \u00e1ll\u00f3 tan\u00e9vet, sz\u00ednes programokkal, \u00e9rt\u00e9kes esem\u00e9nyekkel. Lesz t\u00f6bbek k\u00f6z\u00f6tt csal\u00e1di nap, p\u00e1lyaorient\u00e1ci\u00f3s nap, kist\u00e9rs\u00e9gi vet\u00e9lked\u0151, sz\u00e1mos k\u00fclf\u00f6ldi tanulm\u00e1ny\u00fat, kir\u00e1ndul\u00e1s\u2026<\/p>\n<p>Egy\u00fctt indulunk, k\u00f6z\u00f6sen, erre a 10 h\u00f3napos kalandokkal, \u00e9lm\u00e9nyekkel teli, a Teremt\u0151 \u00e1ltal kijel\u00f6lt \u00fatra, egym\u00e1sba kapaszkodva, egym\u00e1sra figyelve \u00e9s egym\u00e1st meghallgatva, azonos m\u00e9rt\u00e9k- \u00e9s \u00e9rt\u00e9krend szerint haladva.<\/p>\n<p>Isten \u00e1ld\u00e1sa k\u00eds\u00e9rjen Benn\u00fcnket.<\/p>\n<p>Nagyk\u0151r\u00f6s, 2025. szeptember 01.<\/p>\n<p>[\/et_pb_text][et_pb_heading title=&#8221;   Dr. Czir\u00e1n\u00e9 Dr. K\u0151h\u00e1zi-Kis T\u00edmea&#8221; admin_label=&#8221;   Dr. Czir\u00e1n\u00e9 Dr. K\u0151h\u00e1zi-Kis T\u00edmea&#8221; _builder_version=&#8221;4.27.6&#8243; _module_preset=&#8221;default&#8221; title_font=&#8221;Calligraffitti||||||||&#8221; title_text_align=&#8221;right&#8221; title_font_size=&#8221;32px&#8221; global_colors_info=&#8221;{}&#8221;][\/et_pb_heading][et_pb_heading title=&#8221;igazgat\u00f3&#8221; admin_label=&#8221;   igazgat\u00f3&#8221; _builder_version=&#8221;4.27.6&#8243; _module_preset=&#8221;default&#8221; title_font=&#8221;Calligraffitti||||||||&#8221; title_text_align=&#8221;right&#8221; title_font_size=&#8221;27px&#8221; global_colors_info=&#8221;{}&#8221;][\/et_pb_heading][\/et_pb_column][\/et_pb_row][\/et_pb_section]<\/p>\n","protected":false},"excerpt":{"rendered":"<p>Tisztelt L\u00e1togat\u00f3! A 2025-2026-os tan\u00e9vre v\u00e1lasztott igeverssel k\u00f6sz\u00f6nt\u00f6k Mindenkit az Arany J\u00e1nos Reform\u00e1tus Gimn\u00e1zium \u00e9s Koll\u00e9gium honlapj\u00e1n. A b\u00f6lcsek k\u00f6z\u00f6ss\u00e9g\u00e9nek min\u0151s\u00e9ge b\u00f6lccs\u00e9 tesz. Sz\u00fcks\u00e9g\u00fcnk van olyan k\u00f6z\u00f6ss\u00e9gre, ahol t\u00e1rsainkkal egy\u00fctt az \u00e9let \u00fatj\u00e1n haladhatunk, a k\u00f6z\u00e9piskol\u00e1s \u00f3r\u00e1kat t\u00f6lthetj\u00fck, ahol a figyelmeztet\u0151 szavaknak, a b\u00e1tor\u00edt\u00e1snak, az egym\u00e1sra val\u00f3 felel\u0151ss\u00e9gteljes figyel\u00e9snek helye van. A mi iskol\u00e1nk ez [&hellip;]<\/p>\n","protected":false},"author":1,"featured_media":0,"parent":0,"menu_order":0,"comment_status":"closed","ping_status":"closed","template":"","meta":{"_et_pb_use_builder":"on","_et_pb_old_content":"","_et_gb_content_width":"","footnotes":""},"class_list":["post-874","page","type-page","status-publish","hentry"],"_links":{"self":[{"href":"https:\/\/vargawebstudio.hu\/wpuj\/wp-json\/wp\/v2\/pages\/874","targetHints":{"allow":["GET"]}}],"collection":[{"href":"https:\/\/vargawebstudio.hu\/wpuj\/wp-json\/wp\/v2\/pages"}],"about":[{"href":"https:\/\/vargawebstudio.hu\/wpuj\/wp-json\/wp\/v2\/types\/page"}],"author":[{"embeddable":true,"href":"https:\/\/vargawebstudio.hu\/wpuj\/wp-json\/wp\/v2\/users\/1"}],"replies":[{"embeddable":true,"href":"https:\/\/vargawebstudio.hu\/wpuj\/wp-json\/wp\/v2\/comments?post=874"}],"version-history":[{"count":228,"href":"https:\/\/vargawebstudio.hu\/wpuj\/wp-json\/wp\/v2\/pages\/874\/revisions"}],"predecessor-version":[{"id":5395,"href":"https:\/\/vargawebstudio.hu\/wpuj\/wp-json\/wp\/v2\/pages\/874\/revisions\/5395"}],"wp:attachment":[{"href":"https:\/\/vargawebstudio.hu\/wpuj\/wp-json\/wp\/v2\/media?parent=874"}],"curies":[{"name":"wp","href":"https:\/\/api.w.org\/{rel}","templated":true}]}}